{"id":8670,"date":"2025-03-08T17:18:04","date_gmt":"2025-03-08T17:18:04","guid":{"rendered":"https:\/\/bigfunhobby.com\/butikk\/occre-threads-cutter\/"},"modified":"2026-03-03T12:26:22","modified_gmt":"2026-03-03T10:26:22","slug":"occre-gangskarare","status":"publish","type":"product","link":"https:\/\/bigfunhobby.com\/sv\/butikk\/occre-threads-cutter\/","title":{"rendered":"OcCre - Tr\u00e5dar f\u00f6r sk\u00e4rning"},"content":{"rendered":"<p>Med OcCre - Wire cutter kan du nu enkelt kapa riggvajrarna i dina modellprojekt. Detta exakta och bekv\u00e4ma verktyg \u00e4r ett m\u00e5ste f\u00f6r alla modelleringsentusiaster.<\/p>\n<p>Oavsett om du bygger en skeppsmodell i tr\u00e4, en plastmodell eller en modellj\u00e4rnv\u00e4g kommer den h\u00e4r tr\u00e5dkaparen att g\u00f6ra ditt jobb enklare. Den \u00e4r utformad f\u00f6r att ge dig maximal kontroll och precision, vilket g\u00f6r den idealisk f\u00f6r b\u00e5de nyb\u00f6rjare och erfarna modellbyggare.<\/p>\n<ul>\n<li>Exakt och bekv\u00e4m tr\u00e5davbitare<\/li>\n<li>Perfekt f\u00f6r kapning av riggtr\u00e5d vid modelleringsprojekt<\/li>\n<li>Perfekt f\u00f6r b\u00e5de nyb\u00f6rjare och erfarna modellbyggare<\/li>\n<\/ul>\n<p>OcCre - Wire cutter \u00e4r utformad med anv\u00e4ndarkomfort i \u00e5tanke. Den \u00e4r l\u00e4tt att hantera och g\u00f6r att du kan g\u00f6ra exakta snitt varje g\u00e5ng. Det h\u00e4r verktyget \u00e4r ett m\u00e5ste f\u00f6r alla som \u00e4r intresserade av modellering, oavsett om det \u00e4r ett hobbyprojekt eller en mer professionell uppgift.<\/p>\n<p>V\u00e4nta inte l\u00e4ngre. F\u00f6rb\u00e4ttra din modelleringsupplevelse och arbeta mer effektivt med denna tr\u00e5davbitare. K\u00f6p OcCre - Wire cutter h\u00e4r och b\u00f6rja ditt modelleringsprojekt med r\u00e4tt verktyg!<\/p>","protected":false},"excerpt":{"rendered":"<p>OcCre - Wire cutter \u00e4r ett exakt och bekv\u00e4mt verktyg f\u00f6r enkel kapning av riggvajrar i dina modelleringsprojekt.<\/p>","protected":false},"featured_media":8669,"comment_status":"open","ping_status":"closed","template":"","meta":[],"product_brand":[95],"product_cat":[58],"product_tag":[],"class_list":{"0":"post-8670","1":"product","2":"type-product","3":"status-publish","4":"has-post-thumbnail","6":"product_brand-occre","7":"product_cat-verktoy","9":"first","10":"instock","11":"taxable","12":"shipping-taxable","13":"purchasable","14":"product-type-simple"},"_links":{"self":[{"href":"https:\/\/bigfunhobby.com\/sv\/wp-json\/wp\/v2\/product\/8670","targetHints":{"allow":["GET"]}}],"collection":[{"href":"https:\/\/bigfunhobby.com\/sv\/wp-json\/wp\/v2\/product"}],"about":[{"href":"https:\/\/bigfunhobby.com\/sv\/wp-json\/wp\/v2\/types\/product"}],"replies":[{"embeddable":true,"href":"https:\/\/bigfunhobby.com\/sv\/wp-json\/wp\/v2\/comments?post=8670"}],"wp:featuredmedia":[{"embeddable":true,"href":"https:\/\/bigfunhobby.com\/sv\/wp-json\/wp\/v2\/media\/8669"}],"wp:attachment":[{"href":"https:\/\/bigfunhobby.com\/sv\/wp-json\/wp\/v2\/media?parent=8670"}],"wp:term":[{"taxonomy":"product_brand","embeddable":true,"href":"https:\/\/bigfunhobby.com\/sv\/wp-json\/wp\/v2\/product_brand?post=8670"},{"taxonomy":"product_cat","embeddable":true,"href":"https:\/\/bigfunhobby.com\/sv\/wp-json\/wp\/v2\/product_cat?post=8670"},{"taxonomy":"product_tag","embeddable":true,"href":"https:\/\/bigfunhobby.com\/sv\/wp-json\/wp\/v2\/product_tag?post=8670"}],"curies":[{"name":"wp","href":"https:\/\/api.w.org\/{rel}","templated":true}]}}