{"id":8674,"date":"2025-03-08T17:18:06","date_gmt":"2025-03-08T17:18:06","guid":{"rendered":"https:\/\/bigfunhobby.com\/butikk\/occre-sanders-pack\/"},"modified":"2026-03-03T12:26:24","modified_gmt":"2026-03-03T10:26:24","slug":"occre-sanders-pack","status":"publish","type":"product","link":"https:\/\/bigfunhobby.com\/sv\/butikk\/occre-sanders-pack\/","title":{"rendered":"OcCre - Sanders Pack"},"content":{"rendered":"<p>OcCre - Sanders Pack \u00e4r en oumb\u00e4rlig verktygssats f\u00f6r alla som \u00e4r intresserade av modellbygge. Det \u00e4r perfekt f\u00f6r att finjustera detaljer p\u00e5 dina byggsatser, oavsett om det \u00e4r skeppsmodeller i tr\u00e4, plastmodeller, modellj\u00e4rnv\u00e4gar eller fj\u00e4rrstyrda fordon.<\/p>\n<ul>\n<li>Korta slipmaskiner f\u00f6r sm\u00e5 och sv\u00e5ra ytor<\/li>\n<li>Rigid (styv) sv\u00e4ngd slipmaskin f\u00f6r st\u00f6rre, plana ytor<\/li>\n<li>Flexibel slipmaskin f\u00f6r b\u00f6jda och oregelbundna ytor<\/li>\n<\/ul>\n<p>Dessa slipverktyg \u00e4r tillverkade med kvalitet och h\u00e5llbarhet i \u00e5tanke, vilket g\u00f6r dem till ett v\u00e4rdefullt tillskott till din modellverktygsl\u00e5da. Oavsett om du \u00e4r en erfaren modellerare eller nyb\u00f6rjare hj\u00e4lper de h\u00e4r verktygen dig att uppn\u00e5 den professionella finish du vill ha p\u00e5 dina projekt.<\/p>\n<p>Modellering \u00e4r en hobby med en l\u00e5ng historia, och kvalitetsverktyg som detta har alltid varit n\u00f6dv\u00e4ndiga f\u00f6r att uppn\u00e5 b\u00e4sta m\u00f6jliga resultat. Med OcCre - Sanders Pack kan du f\u00f6lja i de erfarna modellbyggarnas fotsp\u00e5r och skapa dina egna m\u00e4sterverk med fantastiska detaljer.<\/p>\n<p>L\u00e5t inte den h\u00e4r m\u00f6jligheten g\u00e5 dig f\u00f6rbi. Sl\u00e4pp loss den fulla potentialen i dina modelleringsprojekt med OcCre - Sanders Pack. Best\u00e4ll ditt kit nu och ta din modellering till n\u00e4sta niv\u00e5.<\/p>","protected":false},"excerpt":{"rendered":"<p>OcCre - Sanders Pack \u00e4r en idealisk verktygssats f\u00f6r b\u00e5de nyb\u00f6rjare och erfarna modellbyggare och inneh\u00e5ller korta, flexibla och styva slipmaskiner f\u00f6r fina detaljer.<\/p>","protected":false},"featured_media":8673,"comment_status":"open","ping_status":"closed","template":"","meta":[],"product_brand":[95],"product_cat":[58],"product_tag":[],"class_list":{"0":"post-8674","1":"product","2":"type-product","3":"status-publish","4":"has-post-thumbnail","6":"product_brand-occre","7":"product_cat-verktoy","9":"first","10":"instock","11":"taxable","12":"shipping-taxable","13":"purchasable","14":"product-type-simple"},"_links":{"self":[{"href":"https:\/\/bigfunhobby.com\/sv\/wp-json\/wp\/v2\/product\/8674","targetHints":{"allow":["GET"]}}],"collection":[{"href":"https:\/\/bigfunhobby.com\/sv\/wp-json\/wp\/v2\/product"}],"about":[{"href":"https:\/\/bigfunhobby.com\/sv\/wp-json\/wp\/v2\/types\/product"}],"replies":[{"embeddable":true,"href":"https:\/\/bigfunhobby.com\/sv\/wp-json\/wp\/v2\/comments?post=8674"}],"wp:featuredmedia":[{"embeddable":true,"href":"https:\/\/bigfunhobby.com\/sv\/wp-json\/wp\/v2\/media\/8673"}],"wp:attachment":[{"href":"https:\/\/bigfunhobby.com\/sv\/wp-json\/wp\/v2\/media?parent=8674"}],"wp:term":[{"taxonomy":"product_brand","embeddable":true,"href":"https:\/\/bigfunhobby.com\/sv\/wp-json\/wp\/v2\/product_brand?post=8674"},{"taxonomy":"product_cat","embeddable":true,"href":"https:\/\/bigfunhobby.com\/sv\/wp-json\/wp\/v2\/product_cat?post=8674"},{"taxonomy":"product_tag","embeddable":true,"href":"https:\/\/bigfunhobby.com\/sv\/wp-json\/wp\/v2\/product_tag?post=8674"}],"curies":[{"name":"wp","href":"https:\/\/api.w.org\/{rel}","templated":true}]}}