{"id":8677,"date":"2025-03-08T17:18:08","date_gmt":"2025-03-08T17:18:08","guid":{"rendered":"https:\/\/bigfunhobby.com\/butikk\/sail-set-polaris\/"},"modified":"2025-12-04T11:00:56","modified_gmt":"2025-12-04T09:00:56","slug":"sail-set-polaris","status":"publish","type":"product","link":"https:\/\/bigfunhobby.com\/sv\/butikk\/sail-set-polaris\/","title":{"rendered":"Segelst\u00e4ll. Polaris"},"content":{"rendered":"<p>Er du klar til \u00e5 ta steget inn i modellbyggingsverdenen? Da er &#8216;Polaris&#8217; byggesettet i tre for deg. Dette er et enkelt, men attraktivt sett, designet med tanke p\u00e5 nybegynnere i modellbygging. <\/p>\n<p>&#8216;Polaris&#8217; gir deg en grundig introduksjon til modellbyggingens verden, med teknikker som er relevante for alle typer modeller, uansett st\u00f8rrelse. Du vil l\u00e6re om materialbehandling, konstruksjon og foring av skrog, bygging av master, rigging og seil, samt lakkering og finish av tre og metall. Med &#8216;Polaris&#8217; vil du f\u00e5 praktisk erfaring med alle disse aspektene ved modellbygging.<\/p>\n<p>Settet inkluderer detaljerte steg-for-steg instruksjoner, samt veiledningsvideoer p\u00e5 v\u00e5r YouTube-kanal. Vi st\u00e5r ogs\u00e5 til din disposisjon for alle sp\u00f8rsm\u00e5l eller behov du m\u00e5tte ha i forbindelse med montering og bygging av modellene v\u00e5re.<\/p>\n<p>&#8216;Polaris&#8217; er oppkalt etter sj\u00f8farernes guiding star, &#8216;Polarstjernen&#8217;. P\u00e5 samme m\u00e5te \u00f8nsker vi at dette treskipsmodellsettet skal v\u00e6re din guide inn i modellbyggingsverdenen.<\/p>\n<p>Du finner ingen bedre introduksjon til modellbygging enn &#8216;Polaris&#8217;. Bli kjent med denne fascinerende hobbyen, og se hvordan en haug med tre og metall kan bli forvandlet til et detaljert og realistisk treskipsmodell. G\u00e5 ikke glipp av denne muligheten til \u00e5 l\u00e6re, utvikle ferdigheter og til slutt, se det ferdige produktet av ditt eget arbeid.<\/p>\n<p>Ikke n\u00f8l, start din modellbyggingsreise i dag med &#8216;Polaris&#8217; byggesettet i tre. Kj\u00f8p her!<\/p>","protected":false},"excerpt":{"rendered":"<p>Polaris&#8217; er det perfekte byggesettet i tre for deg som vil starte med modellbygging. Med inkludert veiledningsvideo og detaljerte instruksjoner, l\u00e6rer du grunnleggende teknikker i modellbygging med treskipsmodell.<\/p>","protected":false},"featured_media":31080,"comment_status":"open","ping_status":"closed","template":"","meta":[],"product_brand":[95],"product_cat":[60],"product_tag":[],"class_list":{"0":"post-8677","1":"product","2":"type-product","3":"status-publish","4":"has-post-thumbnail","6":"product_brand-occre","7":"product_cat-tilbehor-trebyggesett","9":"first","10":"instock","11":"taxable","12":"shipping-taxable","13":"purchasable","14":"product-type-simple"},"_links":{"self":[{"href":"https:\/\/bigfunhobby.com\/sv\/wp-json\/wp\/v2\/product\/8677","targetHints":{"allow":["GET"]}}],"collection":[{"href":"https:\/\/bigfunhobby.com\/sv\/wp-json\/wp\/v2\/product"}],"about":[{"href":"https:\/\/bigfunhobby.com\/sv\/wp-json\/wp\/v2\/types\/product"}],"replies":[{"embeddable":true,"href":"https:\/\/bigfunhobby.com\/sv\/wp-json\/wp\/v2\/comments?post=8677"}],"wp:featuredmedia":[{"embeddable":true,"href":"https:\/\/bigfunhobby.com\/sv\/wp-json\/wp\/v2\/media\/31080"}],"wp:attachment":[{"href":"https:\/\/bigfunhobby.com\/sv\/wp-json\/wp\/v2\/media?parent=8677"}],"wp:term":[{"taxonomy":"product_brand","embeddable":true,"href":"https:\/\/bigfunhobby.com\/sv\/wp-json\/wp\/v2\/product_brand?post=8677"},{"taxonomy":"product_cat","embeddable":true,"href":"https:\/\/bigfunhobby.com\/sv\/wp-json\/wp\/v2\/product_cat?post=8677"},{"taxonomy":"product_tag","embeddable":true,"href":"https:\/\/bigfunhobby.com\/sv\/wp-json\/wp\/v2\/product_tag?post=8677"}],"curies":[{"name":"wp","href":"https:\/\/api.w.org\/{rel}","templated":true}]}}