{"id":8678,"date":"2025-03-08T17:18:08","date_gmt":"2025-03-08T17:18:08","guid":{"rendered":"https:\/\/bigfunhobby.com\/butikk\/sail-set-hms-terror\/"},"modified":"2025-12-04T11:00:56","modified_gmt":"2025-12-04T09:00:56","slug":"sail-set-hms-terror","status":"publish","type":"product","link":"https:\/\/bigfunhobby.com\/sv\/butikk\/sail-set-hms-terror\/","title":{"rendered":"Segla iv\u00e4g. HMS Terror"},"content":{"rendered":"<p>Med HMS Terror kan du bygga din egen tr\u00e4fartygsmodell av det betydelsefulla fartyget. Med en rik historia och detaljerad design \u00e4r denna byggsats sp\u00e4nnande f\u00f6r b\u00e5de nyb\u00f6rjare och erfarna modellbyggare.<\/p>\n<p><strong>Specifikationer:<\/strong><br \/> <br \/>\n- Skala: 1:75<br \/> <br \/>\n- L\u00e4ngd: 65 cm<br \/> <br \/>\n- H\u00f6jd: 47 cm<br \/> <br \/>\n- Bredd: 16 cm<br \/> <br \/>\n- Material: Tr\u00e4 och metall Tr\u00e4 och metall<\/p>\n<p>Segelupps\u00e4ttningen \u00e4r tillverkad av h\u00f6gkvalitativa material med detaljer i tr\u00e4 och metall. HMS Terror \u00e4r k\u00e4nt fr\u00e5n sin expedition 1845 under ledning av kapten Sir John A. Franklin, p\u00e5 jakt efter Nordv\u00e4stpassagen. Fartyget var ett av de f\u00f6rsta som utrustades med hj\u00e4lpmotorer och var f\u00f6rst\u00e4rkt med j\u00e4rnplattor f\u00f6r att klara isen i de arktiska vattnen.<\/p>\n<p>Det mystiska f\u00f6rsvinnandet av HMS Terror och dess systerfartyg Erebus har fascinerat historiker och entusiaster i \u00f6ver ett sekel. De f\u00f6rsvann sp\u00e5rl\u00f6st i den arktiska \u00f6demarken och hittades inte igen f\u00f6rr\u00e4n 2016. De v\u00e4lbevarade resterna av fartyget ger oss en unik inblick i det f\u00f6rflutna, och med den h\u00e4r byggsatsen kan du skapa din egen version av detta historiska fartyg.<\/p>\n<p>S\u00e5 oavsett om du \u00e4r modellentusiast, historieintresserad eller b\u00e5de och, s\u00e5 \u00e4r HMS Terror segelsats ett utm\u00e4rkt val. Starta ditt byggprojekt idag och rekonstruera en bit av sj\u00f6fartshistorien.<\/p>\n<p><strong>Best\u00e4ll HMS Terror seglingssats nu och kliv in i en fascinerande v\u00e4rld av modellering och historia.<\/strong><\/p>","protected":false},"excerpt":{"rendered":"<p>HMS Terror sailing set \u00e4r en detaljerad tr\u00e4fartygsmodell av det historiska fartyget fr\u00e5n 1845. Perfekt f\u00f6r entusiaster av modellering och sj\u00f6fartshistoria.<\/p>","protected":false},"featured_media":0,"comment_status":"open","ping_status":"closed","template":"","meta":[],"product_brand":[95],"product_cat":[60],"product_tag":[],"class_list":{"0":"post-8678","1":"product","2":"type-product","3":"status-publish","5":"product_brand-occre","6":"product_cat-tilbehor-trebyggesett","8":"first","9":"instock","10":"taxable","11":"shipping-taxable","12":"purchasable","13":"product-type-simple"},"_links":{"self":[{"href":"https:\/\/bigfunhobby.com\/sv\/wp-json\/wp\/v2\/product\/8678","targetHints":{"allow":["GET"]}}],"collection":[{"href":"https:\/\/bigfunhobby.com\/sv\/wp-json\/wp\/v2\/product"}],"about":[{"href":"https:\/\/bigfunhobby.com\/sv\/wp-json\/wp\/v2\/types\/product"}],"replies":[{"embeddable":true,"href":"https:\/\/bigfunhobby.com\/sv\/wp-json\/wp\/v2\/comments?post=8678"}],"wp:attachment":[{"href":"https:\/\/bigfunhobby.com\/sv\/wp-json\/wp\/v2\/media?parent=8678"}],"wp:term":[{"taxonomy":"product_brand","embeddable":true,"href":"https:\/\/bigfunhobby.com\/sv\/wp-json\/wp\/v2\/product_brand?post=8678"},{"taxonomy":"product_cat","embeddable":true,"href":"https:\/\/bigfunhobby.com\/sv\/wp-json\/wp\/v2\/product_cat?post=8678"},{"taxonomy":"product_tag","embeddable":true,"href":"https:\/\/bigfunhobby.com\/sv\/wp-json\/wp\/v2\/product_tag?post=8678"}],"curies":[{"name":"wp","href":"https:\/\/api.w.org\/{rel}","templated":true}]}}