{"id":8679,"date":"2025-03-08T17:18:08","date_gmt":"2025-03-08T17:18:08","guid":{"rendered":"https:\/\/bigfunhobby.com\/butikk\/sail-set-hms-beagle\/"},"modified":"2025-12-04T11:00:56","modified_gmt":"2025-12-04T09:00:56","slug":"sail-set-hms-beagle","status":"publish","type":"product","link":"https:\/\/bigfunhobby.com\/sv\/butikk\/sail-set-hms-beagle\/","title":{"rendered":"Segla iv\u00e4g. HMS BEAGLE"},"content":{"rendered":"<p>Dykke inn i historien og gjenoppleve sj\u00f8fartsdagenes storhet med dette byggesettet for HMS Beagle seilsett. Dette treskipsmodellsettet er en hyllest til et av de mest kjente skipene i historien, kjent for sin vitenskapelige forskningsreise med den unge Darwin ombord.<\/p>\n<p>HMS Beagle ble sj\u00f8satt i Themsen den 11. mai 1820, bygget av Wollwich skipsverft. I juli samme \u00e5r, som en del av feiringen for kroningen av kong George IV, ble det det f\u00f8rste skipet som seilte under den nye Londonbroen.<\/p>\n<p>HMS Beagle gjennomf\u00f8rte i totalt tre store reiser. Det var p\u00e5 den andre reisen Darwin kom ombord. Denne ekspedisjonen varte i nesten fem \u00e5r, hvorav Darwin tilbrakte tre \u00e5r og tre m\u00e5neder p\u00e5 land og atten m\u00e5neder til sj\u00f8s.<\/p>\n<p>Dette byggesettet i tre gir deg muligheten til \u00e5 lage din egen skalamodell av dette ber\u00f8mte skipet. Det er en fantastisk mulighet for b\u00e5de nybegynnere og erfarne modellbyggere til \u00e5 dykke inn i en verden av historie, vitenskap og sj\u00f8fart.<\/p>\n<p>Ikke vent, start ditt neste modellbyggingsprosjekt i dag. Kj\u00f8p HMS Beagle seilsett her, og ta steget inn i en verden av historisk modellbygging.<\/p>","protected":false},"excerpt":{"rendered":"<p>Byggesett for HMS Beagle seilsett, ber\u00f8mt for \u00e5 v\u00e6re skipet Charles Darwin seilte med. Perfekt for entusiaster av modellbygging.<\/p>","protected":false},"featured_media":0,"comment_status":"open","ping_status":"closed","template":"","meta":[],"product_brand":[95],"product_cat":[60],"product_tag":[],"class_list":{"0":"post-8679","1":"product","2":"type-product","3":"status-publish","5":"product_brand-occre","6":"product_cat-tilbehor-trebyggesett","8":"first","9":"instock","10":"taxable","11":"shipping-taxable","12":"purchasable","13":"product-type-simple"},"_links":{"self":[{"href":"https:\/\/bigfunhobby.com\/sv\/wp-json\/wp\/v2\/product\/8679","targetHints":{"allow":["GET"]}}],"collection":[{"href":"https:\/\/bigfunhobby.com\/sv\/wp-json\/wp\/v2\/product"}],"about":[{"href":"https:\/\/bigfunhobby.com\/sv\/wp-json\/wp\/v2\/types\/product"}],"replies":[{"embeddable":true,"href":"https:\/\/bigfunhobby.com\/sv\/wp-json\/wp\/v2\/comments?post=8679"}],"wp:attachment":[{"href":"https:\/\/bigfunhobby.com\/sv\/wp-json\/wp\/v2\/media?parent=8679"}],"wp:term":[{"taxonomy":"product_brand","embeddable":true,"href":"https:\/\/bigfunhobby.com\/sv\/wp-json\/wp\/v2\/product_brand?post=8679"},{"taxonomy":"product_cat","embeddable":true,"href":"https:\/\/bigfunhobby.com\/sv\/wp-json\/wp\/v2\/product_cat?post=8679"},{"taxonomy":"product_tag","embeddable":true,"href":"https:\/\/bigfunhobby.com\/sv\/wp-json\/wp\/v2\/product_tag?post=8679"}],"curies":[{"name":"wp","href":"https:\/\/api.w.org\/{rel}","templated":true}]}}