{"id":8697,"date":"2025-03-08T17:18:19","date_gmt":"2025-03-08T17:18:19","guid":{"rendered":"https:\/\/bigfunhobby.com\/butikk\/occre-rigid-curved-sander\/"},"modified":"2026-03-03T12:26:24","modified_gmt":"2026-03-03T10:26:24","slug":"occre-styv-svangd-slipmaskin","status":"publish","type":"product","link":"https:\/\/bigfunhobby.com\/sv\/butikk\/occre-rigid-curved-sander\/","title":{"rendered":"OcCre - Rigid sv\u00e4ngd slipmaskin"},"content":{"rendered":"<p>OcCre Rigid Curved Sander \u00e4r ett oumb\u00e4rligt verktyg i alla modellbyggares verktygsl\u00e5da. Det h\u00e4r verktyget \u00e4r speciellt utformat f\u00f6r att slipa ned b\u00f6jda omr\u00e5den p\u00e5 skrov- och r\u00e4lsmodeller, ett omr\u00e5de d\u00e4r andra slipmaskiner ofta kommer till korta. <\/p>\n<p>Oavsett om du arbetar med <strong>modellj\u00e4rnv\u00e4gar<\/strong>, <strong>modeller av tr\u00e4fartyg<\/strong> eller <strong>vintage-modellering<\/strong>kommer den h\u00e4r slipmaskinen att bli ett ov\u00e4rderligt verktyg. Den kommer \u00e5t d\u00e4r andra verktyg inte n\u00e5r, vilket ger en j\u00e4mn och vacker finish p\u00e5 dina modeller. <\/p>\n<ul>\n<li>Speciellt utformad f\u00f6r kurviga ytor<\/li>\n<li>Oumb\u00e4rlig f\u00f6r modellering<\/li>\n<li>Ger en j\u00e4mn och sl\u00e4t yta<\/li>\n<li>Kommer \u00e5t d\u00e4r andra slipmaskiner inte kan<\/li>\n<\/ul>\n<p>Historiskt sett har modellering varit en tidskr\u00e4vande och detaljorienterad hobby. Med r\u00e4tt verktyg kan du nu uppn\u00e5 resultat som \u00e4r b\u00e5de imponerande och realistiska, utan att beh\u00f6va anstr\u00e4nga dig i on\u00f6dan. <\/p>\n<p>Investera i OcCre Rigid Curved Sander idag f\u00f6r att ta din modellering till nya h\u00f6jder. Med det h\u00e4r verktyget i handen kan du skapa modeller med en h\u00f6gkvalitativ finish som verkligen ger liv \u00e5t dina byggsatser. <strong>K\u00f6p h\u00e4r<\/strong> f\u00f6r att sj\u00e4lv uppleva skillnaden.<\/p>","protected":false},"excerpt":{"rendered":"<p>OcCre Rigid Curved Sander \u00e4r ett oumb\u00e4rligt modelleringsverktyg, perfekt f\u00f6r slipning av b\u00f6jda omr\u00e5den p\u00e5 skrov- och r\u00e4lsmodeller d\u00e4r andra slipmaskiner inte kommer \u00e5t.<\/p>","protected":false},"featured_media":8696,"comment_status":"open","ping_status":"closed","template":"","meta":[],"product_brand":[95],"product_cat":[58],"product_tag":[],"class_list":{"0":"post-8697","1":"product","2":"type-product","3":"status-publish","4":"has-post-thumbnail","6":"product_brand-occre","7":"product_cat-verktoy","9":"first","10":"outofstock","11":"taxable","12":"shipping-taxable","13":"purchasable","14":"product-type-simple"},"_links":{"self":[{"href":"https:\/\/bigfunhobby.com\/sv\/wp-json\/wp\/v2\/product\/8697","targetHints":{"allow":["GET"]}}],"collection":[{"href":"https:\/\/bigfunhobby.com\/sv\/wp-json\/wp\/v2\/product"}],"about":[{"href":"https:\/\/bigfunhobby.com\/sv\/wp-json\/wp\/v2\/types\/product"}],"replies":[{"embeddable":true,"href":"https:\/\/bigfunhobby.com\/sv\/wp-json\/wp\/v2\/comments?post=8697"}],"wp:featuredmedia":[{"embeddable":true,"href":"https:\/\/bigfunhobby.com\/sv\/wp-json\/wp\/v2\/media\/8696"}],"wp:attachment":[{"href":"https:\/\/bigfunhobby.com\/sv\/wp-json\/wp\/v2\/media?parent=8697"}],"wp:term":[{"taxonomy":"product_brand","embeddable":true,"href":"https:\/\/bigfunhobby.com\/sv\/wp-json\/wp\/v2\/product_brand?post=8697"},{"taxonomy":"product_cat","embeddable":true,"href":"https:\/\/bigfunhobby.com\/sv\/wp-json\/wp\/v2\/product_cat?post=8697"},{"taxonomy":"product_tag","embeddable":true,"href":"https:\/\/bigfunhobby.com\/sv\/wp-json\/wp\/v2\/product_tag?post=8697"}],"curies":[{"name":"wp","href":"https:\/\/api.w.org\/{rel}","templated":true}]}}