{"id":8710,"date":"2025-03-08T17:18:24","date_gmt":"2025-03-08T17:18:24","guid":{"rendered":"https:\/\/bigfunhobby.com\/butikk\/8mm-linden-rod\/"},"modified":"2025-12-04T11:00:56","modified_gmt":"2025-12-04T09:00:56","slug":"8mm-stav-av-lind","status":"publish","type":"product","link":"https:\/\/bigfunhobby.com\/sv\/butikk\/8mm-linden-rod\/","title":{"rendered":"8mm stav av lind"},"content":{"rendered":"<p>V\u00e5r 8 mm linnest\u00e5ng \u00e4r en viktig komponent f\u00f6r alla seri\u00f6sa modellerare. Oavsett om du arbetar med en <strong>modell med tre skepp<\/strong>, en detaljerad <strong>modellj\u00e4rnv\u00e4g<\/strong> eller kanske en noggrant rekonstruerad <strong>modell av ett antikt fordon<\/strong>den h\u00e4r polen kommer att hj\u00e4lpa dig att f\u00e5 ditt projekt till liv.<\/p>\n<p>Specifikationerna \u00e4r som f\u00f6ljer: varje stav har en diameter p\u00e5 8 mm och \u00e4r tillverkad av h\u00f6gkvalitativt lindtr\u00e4. Varje f\u00f6rpackning inneh\u00e5ller tv\u00e5 stavar.<\/p>\n<p>Lindtr\u00e4 \u00e4r k\u00e4nt f\u00f6r sin l\u00e4tthet och flexibilitet, vilket g\u00f6r det till ett popul\u00e4rt val f\u00f6r modellbyggare. Det \u00e4r ocks\u00e5 l\u00e4tt att forma och bearbeta, vilket g\u00f6r att du enkelt kan skapa exakta detaljer.<\/p>\n<p>Historiskt sett har lindtr\u00e4 anv\u00e4nts i modellering i \u00e5rtionden, om inte \u00e5rhundraden. Dess popularitet har f\u00f6rblivit stabil tack vare dess m\u00e5nga f\u00f6rdelar, och nu kan du ocks\u00e5 dra nytta av detta p\u00e5litliga material i dina egna projekt.<\/p>\n<p>S\u00e5 oavsett om du \u00e4r en erfaren byggare som letar efter p\u00e5litligt material eller en nyb\u00f6rjare som vill b\u00f6rja med n\u00e5got som \u00e4r l\u00e4tt att anv\u00e4nda, kommer v\u00e5r 8 mm lindst\u00e5ng att vara ett utm\u00e4rkt val. <strong>Boka nu<\/strong> och ta din modellering till n\u00e4sta niv\u00e5 med dessa h\u00f6gkvalitativa tillbeh\u00f6r.<\/p>","protected":false},"excerpt":{"rendered":"<p>Med tv\u00e5 enheter per f\u00f6rpackning \u00e4r den 8 mm l\u00e5nga linnest\u00e5ngen det perfekta tillbeh\u00f6ret f\u00f6r b\u00e5tmodellering, modellj\u00e4rnv\u00e4gar och modellering av antika fordon.<\/p>","protected":false},"featured_media":9963,"comment_status":"open","ping_status":"closed","template":"","meta":[],"product_brand":[95],"product_cat":[60],"product_tag":[],"class_list":{"0":"post-8710","1":"product","2":"type-product","3":"status-publish","4":"has-post-thumbnail","6":"product_brand-occre","7":"product_cat-tilbehor-trebyggesett","9":"first","10":"outofstock","11":"taxable","12":"shipping-taxable","13":"purchasable","14":"product-type-simple"},"_links":{"self":[{"href":"https:\/\/bigfunhobby.com\/sv\/wp-json\/wp\/v2\/product\/8710","targetHints":{"allow":["GET"]}}],"collection":[{"href":"https:\/\/bigfunhobby.com\/sv\/wp-json\/wp\/v2\/product"}],"about":[{"href":"https:\/\/bigfunhobby.com\/sv\/wp-json\/wp\/v2\/types\/product"}],"replies":[{"embeddable":true,"href":"https:\/\/bigfunhobby.com\/sv\/wp-json\/wp\/v2\/comments?post=8710"}],"wp:featuredmedia":[{"embeddable":true,"href":"https:\/\/bigfunhobby.com\/sv\/wp-json\/wp\/v2\/media\/9963"}],"wp:attachment":[{"href":"https:\/\/bigfunhobby.com\/sv\/wp-json\/wp\/v2\/media?parent=8710"}],"wp:term":[{"taxonomy":"product_brand","embeddable":true,"href":"https:\/\/bigfunhobby.com\/sv\/wp-json\/wp\/v2\/product_brand?post=8710"},{"taxonomy":"product_cat","embeddable":true,"href":"https:\/\/bigfunhobby.com\/sv\/wp-json\/wp\/v2\/product_cat?post=8710"},{"taxonomy":"product_tag","embeddable":true,"href":"https:\/\/bigfunhobby.com\/sv\/wp-json\/wp\/v2\/product_tag?post=8710"}],"curies":[{"name":"wp","href":"https:\/\/api.w.org\/{rel}","templated":true}]}}