{"id":8715,"date":"2025-03-08T17:18:26","date_gmt":"2025-03-08T17:18:26","guid":{"rendered":"https:\/\/bigfunhobby.com\/butikk\/occre-curver\/"},"modified":"2026-03-03T12:26:24","modified_gmt":"2026-03-03T10:26:24","slug":"occre-curver","status":"publish","type":"product","link":"https:\/\/bigfunhobby.com\/sv\/butikk\/occre-curver\/","title":{"rendered":"OcCre - Curver"},"content":{"rendered":"<p>OcCre - Curver \u00e4r ett oumb\u00e4rligt verktyg f\u00f6r alla som sysslar med modellbygge. Oavsett om du \u00e4r nyb\u00f6rjare eller en erfaren entusiast kommer det h\u00e4r verktyget att g\u00f6ra monteringen av dina byggsatser mer effektiv och exakt.<\/p>\n<p>Curver \u00e4r speciellt utformad f\u00f6r att ge kurvor till en m\u00e4ngd olika delar, fr\u00e5n pl\u00e5t till metalltr\u00e5d. Det g\u00f6r den till ett perfekt verktyg f\u00f6r att skapa realistiska detaljer p\u00e5 dina modeller, oavsett om du arbetar med skeppsmodeller i tr\u00e4, plastmodeller, modellj\u00e4rnv\u00e4gar eller fj\u00e4rrstyrda fordon.<\/p>\n<ul>\n<li>Kraftfullt och flexibelt verktyg<\/li>\n<li>Perfekt f\u00f6r att ge form \u00e5t olika material<\/li>\n<li>Perfekt f\u00f6r b\u00e5de nyb\u00f6rjare och erfarna modellbyggare<\/li>\n<\/ul>\n<p>Modellbygge \u00e4r en hobby som kombinerar kreativitet, precision och t\u00e5lamod. Med r\u00e4tt utrustning, som OcCre - Curver, kan du ta dina projekt till n\u00e4sta niv\u00e5 och skapa modeller som verkligen imponerar.<\/p>\n<p>S\u00e5 oavsett om du bygger din f\u00f6rsta byggsats eller om du \u00e4r en erfaren entusiast som letar efter det perfekta verktyget f\u00f6r att l\u00e4gga till realistiska detaljer p\u00e5 dina skeppsmodeller eller skalmodeller i tr\u00e4, \u00e4r OcCre - Curver det perfekta valet.<\/p>\n<p>Utforska v\u00e5rt sortiment och ta dina modelleringsprojekt till nya h\u00f6jder. Best\u00e4ll OcCre - Curver idag!<\/p>","protected":false},"excerpt":{"rendered":"<p>OcCre - Curver \u00e4r ett viktigt verktyg f\u00f6r montering av modeller, perfekt f\u00f6r att ge kurvor till olika delar som pl\u00e5tar och metalltr\u00e5d.<\/p>","protected":false},"featured_media":8714,"comment_status":"open","ping_status":"closed","template":"","meta":[],"product_brand":[95],"product_cat":[58],"product_tag":[],"class_list":{"0":"post-8715","1":"product","2":"type-product","3":"status-publish","4":"has-post-thumbnail","6":"product_brand-occre","7":"product_cat-verktoy","9":"first","10":"outofstock","11":"taxable","12":"shipping-taxable","13":"purchasable","14":"product-type-simple"},"_links":{"self":[{"href":"https:\/\/bigfunhobby.com\/sv\/wp-json\/wp\/v2\/product\/8715","targetHints":{"allow":["GET"]}}],"collection":[{"href":"https:\/\/bigfunhobby.com\/sv\/wp-json\/wp\/v2\/product"}],"about":[{"href":"https:\/\/bigfunhobby.com\/sv\/wp-json\/wp\/v2\/types\/product"}],"replies":[{"embeddable":true,"href":"https:\/\/bigfunhobby.com\/sv\/wp-json\/wp\/v2\/comments?post=8715"}],"wp:featuredmedia":[{"embeddable":true,"href":"https:\/\/bigfunhobby.com\/sv\/wp-json\/wp\/v2\/media\/8714"}],"wp:attachment":[{"href":"https:\/\/bigfunhobby.com\/sv\/wp-json\/wp\/v2\/media?parent=8715"}],"wp:term":[{"taxonomy":"product_brand","embeddable":true,"href":"https:\/\/bigfunhobby.com\/sv\/wp-json\/wp\/v2\/product_brand?post=8715"},{"taxonomy":"product_cat","embeddable":true,"href":"https:\/\/bigfunhobby.com\/sv\/wp-json\/wp\/v2\/product_cat?post=8715"},{"taxonomy":"product_tag","embeddable":true,"href":"https:\/\/bigfunhobby.com\/sv\/wp-json\/wp\/v2\/product_tag?post=8715"}],"curies":[{"name":"wp","href":"https:\/\/api.w.org\/{rel}","templated":true}]}}