{"id":8719,"date":"2025-03-08T17:18:26","date_gmt":"2025-03-08T17:18:26","guid":{"rendered":"https:\/\/bigfunhobby.com\/butikk\/5x5mm-walnut-like-strip\/"},"modified":"2025-12-04T11:00:58","modified_gmt":"2025-12-04T09:00:58","slug":"5x5mm-valnotsliknande-remsa","status":"publish","type":"product","link":"https:\/\/bigfunhobby.com\/sv\/butikk\/5x5mm-walnut-like-strip\/","title":{"rendered":"5x5mm valn\u00f6tsliknande remsa"},"content":{"rendered":"<p>Denna 5x5 mm valn\u00f6tsliknande list \u00e4r ett oumb\u00e4rligt tillbeh\u00f6r f\u00f6r alla modellbyggare. Den \u00e4r tillverkad av tr\u00e4 som liknar exotisk afrikansk valn\u00f6t och ger dina byggsatser en autentisk och realistisk finish. <\/p>\n<p>I varje f\u00f6rpackning f\u00e5r du 3 enheter, vilket ger dig tillr\u00e4ckligt med material f\u00f6r att genomf\u00f6ra olika projekt. Oavsett om det g\u00e4ller en modell av ett tr\u00e4skepp, en modellj\u00e4rnv\u00e4g eller ett antikt fordon kommer den h\u00e4r listan att ge dina modeller det d\u00e4r lilla extra.<\/p>\n<p><strong>Specifikationer:<\/strong><\/p>\n<ul>\n<li>Storlek: 5x5mm<\/li>\n<li>Material: Tr\u00e4 som liknar afrikansk valn\u00f6t<\/li>\n<li>Antal i f\u00f6rpackningen: 3 enheter<\/li>\n<\/ul>\n<p>Valn\u00f6t \u00e4r k\u00e4nt f\u00f6r sin h\u00e5llbarhet och vackra textur, vilket g\u00f6r det till ett popul\u00e4rt val bland modellbyggare. Denna list kommer inte bara att ge dina modeller ett autentiskt utseende, utan kommer ocks\u00e5 att st\u00e5 emot tidens tand och h\u00e5lla l\u00e4nge.<\/p>\n<p>Oavsett om du \u00e4r en erfaren modellerare eller nyb\u00f6rjare kommer den h\u00e4r valn\u00f6tsliknande listan att ge dig de resultat du s\u00f6ker. S\u00e5 tveka inte, best\u00e4ll nu och ta din modellering till n\u00e4sta niv\u00e5.<\/p>","protected":false},"excerpt":{"rendered":"<p>5x5 mm valn\u00f6tsliknande tr\u00e4list, perfekt f\u00f6r modellbygge av t.ex. modellj\u00e4rnv\u00e4gar, tr\u00e4fartyg och antika fordon. F\u00f6rpackningen inneh\u00e5ller 3 enheter.<\/p>","protected":false},"featured_media":9965,"comment_status":"open","ping_status":"closed","template":"","meta":[],"product_brand":[95],"product_cat":[60],"product_tag":[],"class_list":{"0":"post-8719","1":"product","2":"type-product","3":"status-publish","4":"has-post-thumbnail","6":"product_brand-occre","7":"product_cat-tilbehor-trebyggesett","9":"first","10":"outofstock","11":"taxable","12":"shipping-taxable","13":"purchasable","14":"product-type-simple"},"_links":{"self":[{"href":"https:\/\/bigfunhobby.com\/sv\/wp-json\/wp\/v2\/product\/8719","targetHints":{"allow":["GET"]}}],"collection":[{"href":"https:\/\/bigfunhobby.com\/sv\/wp-json\/wp\/v2\/product"}],"about":[{"href":"https:\/\/bigfunhobby.com\/sv\/wp-json\/wp\/v2\/types\/product"}],"replies":[{"embeddable":true,"href":"https:\/\/bigfunhobby.com\/sv\/wp-json\/wp\/v2\/comments?post=8719"}],"wp:featuredmedia":[{"embeddable":true,"href":"https:\/\/bigfunhobby.com\/sv\/wp-json\/wp\/v2\/media\/9965"}],"wp:attachment":[{"href":"https:\/\/bigfunhobby.com\/sv\/wp-json\/wp\/v2\/media?parent=8719"}],"wp:term":[{"taxonomy":"product_brand","embeddable":true,"href":"https:\/\/bigfunhobby.com\/sv\/wp-json\/wp\/v2\/product_brand?post=8719"},{"taxonomy":"product_cat","embeddable":true,"href":"https:\/\/bigfunhobby.com\/sv\/wp-json\/wp\/v2\/product_cat?post=8719"},{"taxonomy":"product_tag","embeddable":true,"href":"https:\/\/bigfunhobby.com\/sv\/wp-json\/wp\/v2\/product_tag?post=8719"}],"curies":[{"name":"wp","href":"https:\/\/api.w.org\/{rel}","templated":true}]}}