{"id":8731,"date":"2025-03-08T17:18:28","date_gmt":"2025-03-08T17:18:28","guid":{"rendered":"https:\/\/bigfunhobby.com\/butikk\/2x5mm-sapelli-strip\/"},"modified":"2025-12-04T11:00:59","modified_gmt":"2025-12-04T09:00:59","slug":"2x5mm-sapelli-list","status":"publish","type":"product","link":"https:\/\/bigfunhobby.com\/sv\/butikk\/2x5mm-sapelli-strip\/","title":{"rendered":"2x5mm sapelli-list"},"content":{"rendered":"<p>Disse 2x5mm sapelli-trestrimlene er perfekte for deg som driver med modellbygging. Enten du bygger treskipsmodeller, arbeider med modelljernbane, eller lager modeller av antikke kj\u00f8ret\u00f8y, vil disse trestrimlene gi prosjektet ditt en ekte og autentisk finish.<\/p>\n<p> Hver pakke inneholder tre strimler, og de er laget av sapelli-tre, kjent for sin holdbarhet og vakre, r\u00f8dbrune farge. Disse egenskapene gj\u00f8r sapelli-treet til et foretrukket materiale blant modellbyggere.<\/p>\n<p>Specifikationer:<\/p>\n<ul>\n<li>Material: Sapelli-tr\u00e4<\/li>\n<li>St\u00f8rrelse: 2x5mm<\/li>\n<li>Antal: 3 remsor per f\u00f6rpackning<\/li>\n<\/ul>\n<p>Historisk sett har sapelli-tre v\u00e6rt brukt p\u00e5 mange forskjellige omr\u00e5der, inkludert bygging av skip og m\u00f8bler. I dag er det ogs\u00e5 en favoritt blant modellbyggere, takket v\u00e6re dens naturlige skj\u00f8nnhet og holdbarhet.<\/p>\n<p>S\u00e5, om du er en erfaren modellbygger eller en nybegynner, vil disse sapelli-trestrimlene gi prosjektene dine det lille ekstra. Ikke vent, bestill n\u00e5 og ta modellbyggingen din til neste niv\u00e5!<\/p>","protected":false},"excerpt":{"rendered":"<p>Sapelli-trestrimler p\u00e5 2x5mm ideelle for detaljering og avslutning av modellbyggesett som treskip, modelljernbane og antikke kj\u00f8ret\u00f8y.<\/p>","protected":false},"featured_media":9964,"comment_status":"open","ping_status":"closed","template":"","meta":[],"product_brand":[95],"product_cat":[60],"product_tag":[],"class_list":{"0":"post-8731","1":"product","2":"type-product","3":"status-publish","4":"has-post-thumbnail","6":"product_brand-occre","7":"product_cat-tilbehor-trebyggesett","9":"first","10":"outofstock","11":"taxable","12":"shipping-taxable","13":"purchasable","14":"product-type-simple"},"_links":{"self":[{"href":"https:\/\/bigfunhobby.com\/sv\/wp-json\/wp\/v2\/product\/8731","targetHints":{"allow":["GET"]}}],"collection":[{"href":"https:\/\/bigfunhobby.com\/sv\/wp-json\/wp\/v2\/product"}],"about":[{"href":"https:\/\/bigfunhobby.com\/sv\/wp-json\/wp\/v2\/types\/product"}],"replies":[{"embeddable":true,"href":"https:\/\/bigfunhobby.com\/sv\/wp-json\/wp\/v2\/comments?post=8731"}],"wp:featuredmedia":[{"embeddable":true,"href":"https:\/\/bigfunhobby.com\/sv\/wp-json\/wp\/v2\/media\/9964"}],"wp:attachment":[{"href":"https:\/\/bigfunhobby.com\/sv\/wp-json\/wp\/v2\/media?parent=8731"}],"wp:term":[{"taxonomy":"product_brand","embeddable":true,"href":"https:\/\/bigfunhobby.com\/sv\/wp-json\/wp\/v2\/product_brand?post=8731"},{"taxonomy":"product_cat","embeddable":true,"href":"https:\/\/bigfunhobby.com\/sv\/wp-json\/wp\/v2\/product_cat?post=8731"},{"taxonomy":"product_tag","embeddable":true,"href":"https:\/\/bigfunhobby.com\/sv\/wp-json\/wp\/v2\/product_tag?post=8731"}],"curies":[{"name":"wp","href":"https:\/\/api.w.org\/{rel}","templated":true}]}}