{"id":8755,"date":"2025-03-08T17:18:35","date_gmt":"2025-03-08T17:18:35","guid":{"rendered":"https:\/\/bigfunhobby.com\/butikk\/occre-tools-pack\/"},"modified":"2026-03-27T09:02:35","modified_gmt":"2026-03-27T07:02:35","slug":"occre-verktygspaket","status":"publish","type":"product","link":"https:\/\/bigfunhobby.com\/sv\/butikk\/occre-tools-pack\/","title":{"rendered":"OcCre - Verktygspaket"},"content":{"rendered":"<p>OcCre - Tools Pack \u00e4r det ultimata verktyget f\u00f6r b\u00e5de nyb\u00f6rjare och erfarna modellbyggare. Den h\u00e4r verktygssatsen inneh\u00e5ller allt du beh\u00f6ver f\u00f6r att ge liv \u00e5t dina byggsatser och ger dig precision och kontroll \u00f6ver varje detalj i byggprocessen.<\/p>\n<p>Verktygsl\u00e5dan inneh\u00e5ller:<\/p>\n<ul>\n<li>Grundl\u00e4ggande verktyg<\/li>\n<li>Stiftpressare<\/li>\n<li>Klammer<\/li>\n<li>Lim<\/li>\n<\/ul>\n<p>Dette verkt\u00f8ysettet er spesielt nyttig for de som jobber med treskipsmodeller, plastmodeller, modelljernbaner, eller andre typer byggesett.<\/p>\n<p>Oavsett om du \u00e4r en erfaren modellbyggare eller nyb\u00f6rjare kommer den h\u00e4r verktygsl\u00e5dan att f\u00f6rb\u00e4ttra din modellbyggarupplevelse. Med r\u00e4tt verktyg i handen blir \u00e4ven de mest komplicerade byggsatserna enklare att hantera.<\/p>\n<p>Investera i OcCre - Tools Pack idag f\u00f6r att ta din modellering till n\u00e4sta niv\u00e5. Utforska v\u00e5rt breda sortiment av byggsatser och hobbyprodukter f\u00f6r modellering och best\u00e4ll nu f\u00f6r att starta ditt n\u00e4sta projekt.<\/p>","protected":false},"excerpt":{"rendered":"<p>OcCre - Tools Pack \u00e4r en viktig verktygssats f\u00f6r modellering, inklusive grundverktyg, stiftpressare, mikrostans och penslar.<\/p>","protected":false},"featured_media":32421,"comment_status":"open","ping_status":"closed","template":"","meta":[],"product_brand":[95],"product_cat":[58],"product_tag":[],"class_list":{"0":"post-8755","1":"product","2":"type-product","3":"status-publish","4":"has-post-thumbnail","6":"product_brand-occre","7":"product_cat-verktoy","9":"first","10":"instock","11":"taxable","12":"shipping-taxable","13":"purchasable","14":"product-type-simple"},"_links":{"self":[{"href":"https:\/\/bigfunhobby.com\/sv\/wp-json\/wp\/v2\/product\/8755","targetHints":{"allow":["GET"]}}],"collection":[{"href":"https:\/\/bigfunhobby.com\/sv\/wp-json\/wp\/v2\/product"}],"about":[{"href":"https:\/\/bigfunhobby.com\/sv\/wp-json\/wp\/v2\/types\/product"}],"replies":[{"embeddable":true,"href":"https:\/\/bigfunhobby.com\/sv\/wp-json\/wp\/v2\/comments?post=8755"}],"wp:featuredmedia":[{"embeddable":true,"href":"https:\/\/bigfunhobby.com\/sv\/wp-json\/wp\/v2\/media\/32421"}],"wp:attachment":[{"href":"https:\/\/bigfunhobby.com\/sv\/wp-json\/wp\/v2\/media?parent=8755"}],"wp:term":[{"taxonomy":"product_brand","embeddable":true,"href":"https:\/\/bigfunhobby.com\/sv\/wp-json\/wp\/v2\/product_brand?post=8755"},{"taxonomy":"product_cat","embeddable":true,"href":"https:\/\/bigfunhobby.com\/sv\/wp-json\/wp\/v2\/product_cat?post=8755"},{"taxonomy":"product_tag","embeddable":true,"href":"https:\/\/bigfunhobby.com\/sv\/wp-json\/wp\/v2\/product_tag?post=8755"}],"curies":[{"name":"wp","href":"https:\/\/api.w.org\/{rel}","templated":true}]}}