{"id":8759,"date":"2025-03-08T17:18:37","date_gmt":"2025-03-08T17:18:37","guid":{"rendered":"https:\/\/bigfunhobby.com\/butikk\/whaler-essex\/"},"modified":"2026-03-03T12:26:24","modified_gmt":"2026-03-03T10:26:24","slug":"whaler-essex","status":"publish","type":"product","link":"https:\/\/bigfunhobby.com\/sv\/butikk\/whaler-essex\/","title":{"rendered":"Whaler Essex"},"content":{"rendered":"<p>\nDette byggesettet gir deg muligheten til \u00e5 lage din egen modell av det ber\u00f8mte hvalfangstskipet Whaler Essex. Skipet er kjent for \u00e5 v\u00e6re inspirasjonen bak Herman Melvilles klassiske roman, Moby Dick. Bli med p\u00e5 en historisk reise og opplev gleden ved modellbygging med dette detaljerte settet.\n<\/p>\n<p>\nWhaler Essex satte seil fra Nantucket i 1819 p\u00e5 en hvalfangstkampanje som skulle vare i to og et halvt \u00e5r. Skipet ble angrepet og senket av en stor spermhval i november 1820, omtrent 2000 nautiske mil fra den s\u00f8ramerikanske kysten. Av de 21 mannskapene overlevde bare 8.\n<\/p>\n<ul>\n<li><b>Produktkategori:<\/b> Byggesett for voksne<\/li>\n<li><b>Material:<\/b> Dette settet er av h\u00f8y kvalitet, og gir en autentisk modell av Whaler Essex.<\/li>\n<li><b>Historia:<\/b> Essex er kjent for \u00e5 v\u00e6re skipet som inspirerte Herman Melville til \u00e5 skrive Moby Dick, en av litteraturens mesterverk.<\/li>\n<\/ul>\n<p>\n\u00c5 bygge modeller er en avslappende og givende hobby som passer for b\u00e5de nybegynnere og erfarne entusiaster. Dette byggesettet gir en unik mulighet til \u00e5 dykke ned i en fascinerende del av maritim historie.\n<\/p>\n<p>\nIkke g\u00e5 glipp av sjansen til \u00e5 bygge din egen modell av Whaler Essex. Bestill ditt byggesett n\u00e5 og begynn din reise inn i hvalfangstens historie.<\/p>","protected":false},"excerpt":{"rendered":"<p>Byggesettet Whaler Essex lar deg bygge en n\u00f8yaktig modell av det ber\u00f8mte hvalfangstskipet fra 1800-tallet, kjent fra romanen Moby Dick.<\/p>","protected":false},"featured_media":8758,"comment_status":"open","ping_status":"closed","template":"","meta":[],"product_brand":[95],"product_cat":[67],"product_tag":[],"class_list":{"0":"post-8759","1":"product","2":"type-product","3":"status-publish","4":"has-post-thumbnail","6":"product_brand-occre","7":"product_cat-bater-occre","9":"first","10":"instock","11":"taxable","12":"shipping-taxable","13":"purchasable","14":"product-type-simple"},"_links":{"self":[{"href":"https:\/\/bigfunhobby.com\/sv\/wp-json\/wp\/v2\/product\/8759","targetHints":{"allow":["GET"]}}],"collection":[{"href":"https:\/\/bigfunhobby.com\/sv\/wp-json\/wp\/v2\/product"}],"about":[{"href":"https:\/\/bigfunhobby.com\/sv\/wp-json\/wp\/v2\/types\/product"}],"replies":[{"embeddable":true,"href":"https:\/\/bigfunhobby.com\/sv\/wp-json\/wp\/v2\/comments?post=8759"}],"wp:featuredmedia":[{"embeddable":true,"href":"https:\/\/bigfunhobby.com\/sv\/wp-json\/wp\/v2\/media\/8758"}],"wp:attachment":[{"href":"https:\/\/bigfunhobby.com\/sv\/wp-json\/wp\/v2\/media?parent=8759"}],"wp:term":[{"taxonomy":"product_brand","embeddable":true,"href":"https:\/\/bigfunhobby.com\/sv\/wp-json\/wp\/v2\/product_brand?post=8759"},{"taxonomy":"product_cat","embeddable":true,"href":"https:\/\/bigfunhobby.com\/sv\/wp-json\/wp\/v2\/product_cat?post=8759"},{"taxonomy":"product_tag","embeddable":true,"href":"https:\/\/bigfunhobby.com\/sv\/wp-json\/wp\/v2\/product_tag?post=8759"}],"curies":[{"name":"wp","href":"https:\/\/api.w.org\/{rel}","templated":true}]}}