{"id":8763,"date":"2025-03-08T17:18:39","date_gmt":"2025-03-08T17:18:39","guid":{"rendered":"https:\/\/bigfunhobby.com\/butikk\/hms-beagle\/"},"modified":"2026-04-10T16:28:24","modified_gmt":"2026-04-10T14:28:24","slug":"hms-beagle","status":"publish","type":"product","link":"https:\/\/bigfunhobby.com\/sv\/butikk\/hms-beagle\/","title":{"rendered":"HMS BEAGLE"},"content":{"rendered":"<p>Uppt\u00e4ck gl\u00e4djen med att modellera med HMS Beagle tr\u00e4fartygsmodell. Det h\u00e4r \u00e4r en detaljerad byggsats i tr\u00e4 som tar dig tillbaka till 1800-talet d\u00e5 det ber\u00f6mda forskningsfartyget seglade jorden runt med den unge Charles Darwin ombord.<\/p>\n<p>Tr\u00e4fartygsmodellen finns i skala 1\/60, med en bredd p\u00e5 230 mm, h\u00f6jd p\u00e5 480 mm och l\u00e4ngd p\u00e5 720 mm. Satsen inneh\u00e5ller segel, en personlig tr\u00e4skiva och grundl\u00e4ggande byggst\u00f6d.<\/p>\n<ul>\n<li>Steg-f\u00f6r-steg videohandledning<\/li>\n<li>Instruktioner p\u00e5 5 spr\u00e5k<\/li>\n<li>Steg f\u00f6r steg HD-bilder<\/li>\n<li>Reservdelslista med m\u00e5tt och material<\/li>\n<li>Kort f\u00f6r identifiering av delarna<\/li>\n<li>Skalenliga ritningar<\/li>\n<li>Livstids garanti<\/li>\n<\/ul>\n<p>Historien om fartyget HMS Beagle \u00e4r fascinerande. Fartyget \u00e4r mest k\u00e4nt f\u00f6r sin uppt\u00e4cktsf\u00e4rd under ledning av kommend\u00f6rkapten Robert FitzRoy, med den unge Darwin ombord. HMS Beagle sj\u00f6sattes p\u00e5 Themsen den 11 maj 1820 och var det f\u00f6rsta fartyget som seglade under den nya London Bridge som en del av firandet av kung George IV:s kr\u00f6ning. Under sin livstid gjorde HMS Beagle tre stora resor.<\/p>\n<p>F\u00f6r att komplettera HMS Beagle tr\u00e4fartygsmodell kan det vara bra att ha ytterligare tillbeh\u00f6r som akrylf\u00e4rg, arbetsstativ och LED-lampor, som finns att k\u00f6pa separat.<\/p>\n<p>Oavsett om du \u00e4r en erfaren modellbyggare eller nyb\u00f6rjare \u00e4r tr\u00e4fartygsmodellen HMS Beagle ett perfekt projekt. Bygg din egen modell och bli en del av historien. G\u00f6r din best\u00e4llning nu!<\/p>","protected":false},"excerpt":{"rendered":"<p>HMS Beagle \u00e4r en h\u00f6gkvalitativ skeppsmodell i tr\u00e4 i skala 1\/60. Byggsatsen inneh\u00e5ller b\u00e5de steg-f\u00f6r-steg-instruktioner och video tutorials, vilket g\u00f6r den perfekt f\u00f6r b\u00e5de nyb\u00f6rjare och erfarna modellbyggare.<\/p>","protected":false},"featured_media":8762,"comment_status":"open","ping_status":"closed","template":"","meta":[],"product_brand":[95],"product_cat":[67],"product_tag":[],"class_list":{"0":"post-8763","1":"product","2":"type-product","3":"status-publish","4":"has-post-thumbnail","6":"product_brand-occre","7":"product_cat-bater-occre","9":"first","10":"outofstock","11":"taxable","12":"shipping-taxable","13":"purchasable","14":"product-type-simple"},"_links":{"self":[{"href":"https:\/\/bigfunhobby.com\/sv\/wp-json\/wp\/v2\/product\/8763","targetHints":{"allow":["GET"]}}],"collection":[{"href":"https:\/\/bigfunhobby.com\/sv\/wp-json\/wp\/v2\/product"}],"about":[{"href":"https:\/\/bigfunhobby.com\/sv\/wp-json\/wp\/v2\/types\/product"}],"replies":[{"embeddable":true,"href":"https:\/\/bigfunhobby.com\/sv\/wp-json\/wp\/v2\/comments?post=8763"}],"wp:featuredmedia":[{"embeddable":true,"href":"https:\/\/bigfunhobby.com\/sv\/wp-json\/wp\/v2\/media\/8762"}],"wp:attachment":[{"href":"https:\/\/bigfunhobby.com\/sv\/wp-json\/wp\/v2\/media?parent=8763"}],"wp:term":[{"taxonomy":"product_brand","embeddable":true,"href":"https:\/\/bigfunhobby.com\/sv\/wp-json\/wp\/v2\/product_brand?post=8763"},{"taxonomy":"product_cat","embeddable":true,"href":"https:\/\/bigfunhobby.com\/sv\/wp-json\/wp\/v2\/product_cat?post=8763"},{"taxonomy":"product_tag","embeddable":true,"href":"https:\/\/bigfunhobby.com\/sv\/wp-json\/wp\/v2\/product_tag?post=8763"}],"curies":[{"name":"wp","href":"https:\/\/api.w.org\/{rel}","templated":true}]}}