{"id":8767,"date":"2025-03-08T17:18:41","date_gmt":"2025-03-08T17:18:41","guid":{"rendered":"https:\/\/bigfunhobby.com\/butikk\/n-s-mercedes\/"},"modified":"2026-03-03T12:26:24","modified_gmt":"2026-03-03T10:26:24","slug":"n-s-mercedes","status":"publish","type":"product","link":"https:\/\/bigfunhobby.com\/sv\/butikk\/n-s-mercedes\/","title":{"rendered":"N.S. Mercedes"},"content":{"rendered":"<p>Opplev historien p\u00e5 n\u00e6rt hold med byggesettet &#8216;<strong>N.S. Mercedes<\/strong>&#8216;, en detaljert treskipsmodell av den kjente spanske frigatten fra 1788. Med sine 34 kanoner, er dette en skalamodell som oser av autentiske detaljer og historisk sus.<\/p>\n<p>Frigatten &#8216;<strong>Nuestra Se\u00f1ora de las Mercedes<\/strong>&#8216; ble bygget i Havana og ble en del av den <strong>Spanske kongelige fl\u00e5ten<\/strong>. I august 1804 la den ut fra Montevideo, lastet med gull, s\u00f8lv, kobber, tinn, ull, peruviansk bark og kanel. <\/p>\n<p>Den 5. oktober 1804 fant den dramatiske <strong>Slaget ved Cape Santa Maria<\/strong> sted, hvor et prosjektil fra den engelske fl\u00e5ten traff Santa Barbara, noe som f\u00f8rte til hennes tragiske og raske forlis. I mai 2007 ble vraket av frigatten oppdaget i Cadizbukten av selskapet <strong>Odyssey<\/strong>. Ved hjelp av en undervannsrobot, operert fra overflaten og p\u00e5 om lag 1100 meters dyp, lyktes det i \u00e5 hente opp Mercedes&#8217; sunkne skatt.<\/p>\n<p>Fangsten bestod av 500 000 s\u00f8lv- og gullmynter (Pieces of eight og escudos, preget i Lima, Peru i 1803) &#8211; den st\u00f8rste sunkne skatten som er hentet opp til dags dato. Noen av disse skattene kan du i dag se p\u00e5 <strong>Nasjonal Arkeologisk Museum i Cartagena<\/strong>.<\/p>\n<p>Du kan n\u00e5 gjenskape denne bemerkelsesverdige frigatten med v\u00e5rt treskipsmodell-byggesett. Byggesettet er klart til montering med h\u00f8ykvalitets deler som sikrer en autentisk og detaljrik modell. Perfekt for b\u00e5de nybegynnere og erfarne innen modellbygging.<\/p>\n<p>La deg fengsle av historien og detaljrikdommen til &#8216;N.S. Mercedes&#8217;. <strong>Bestill ditt byggesett i dag.<\/strong><\/p>","protected":false},"excerpt":{"rendered":"<p>Byggesettet &#8216;N.S. Mercedes&#8217; er en trofast rekonstruksjon av den spanske frigatten fra 1788, lastet med historisk sus og detaljrikdom. Perfekt for entusiastiske modellbyggere.<\/p>","protected":false},"featured_media":8766,"comment_status":"open","ping_status":"closed","template":"","meta":[],"product_brand":[95],"product_cat":[67],"product_tag":[],"class_list":{"0":"post-8767","1":"product","2":"type-product","3":"status-publish","4":"has-post-thumbnail","6":"product_brand-occre","7":"product_cat-bater-occre","9":"first","10":"instock","11":"taxable","12":"shipping-taxable","13":"purchasable","14":"product-type-simple"},"_links":{"self":[{"href":"https:\/\/bigfunhobby.com\/sv\/wp-json\/wp\/v2\/product\/8767","targetHints":{"allow":["GET"]}}],"collection":[{"href":"https:\/\/bigfunhobby.com\/sv\/wp-json\/wp\/v2\/product"}],"about":[{"href":"https:\/\/bigfunhobby.com\/sv\/wp-json\/wp\/v2\/types\/product"}],"replies":[{"embeddable":true,"href":"https:\/\/bigfunhobby.com\/sv\/wp-json\/wp\/v2\/comments?post=8767"}],"wp:featuredmedia":[{"embeddable":true,"href":"https:\/\/bigfunhobby.com\/sv\/wp-json\/wp\/v2\/media\/8766"}],"wp:attachment":[{"href":"https:\/\/bigfunhobby.com\/sv\/wp-json\/wp\/v2\/media?parent=8767"}],"wp:term":[{"taxonomy":"product_brand","embeddable":true,"href":"https:\/\/bigfunhobby.com\/sv\/wp-json\/wp\/v2\/product_brand?post=8767"},{"taxonomy":"product_cat","embeddable":true,"href":"https:\/\/bigfunhobby.com\/sv\/wp-json\/wp\/v2\/product_cat?post=8767"},{"taxonomy":"product_tag","embeddable":true,"href":"https:\/\/bigfunhobby.com\/sv\/wp-json\/wp\/v2\/product_tag?post=8767"}],"curies":[{"name":"wp","href":"https:\/\/api.w.org\/{rel}","templated":true}]}}