{"id":8769,"date":"2025-03-08T17:18:42","date_gmt":"2025-03-08T17:18:42","guid":{"rendered":"https:\/\/bigfunhobby.com\/butikk\/buccaneer-pirate-ship\/"},"modified":"2026-03-03T12:26:24","modified_gmt":"2026-03-03T10:26:24","slug":"buccaneer-pirate-ship","status":"publish","type":"product","link":"https:\/\/bigfunhobby.com\/sv\/butikk\/buccaneer-pirate-ship\/","title":{"rendered":"Piratskeppet Buccaneer"},"content":{"rendered":"<p>Stig ombord i historiens m\u00f8rke sider med v\u00e5r Buccaneer Pirate Ship, et rikt detaljert byggesett som tar deg tilbake til piratenes og buccaneernes tid.<\/p>\n<p>P\u00e5 1600- og 1700-tallet skapte pirater og buccanerere historie med sine fantastiske skatter og store handlinger. Disse fryktede sj\u00f8roverne, ofte omtalt som &#8216;havets konger&#8217;, opererte hovedsakelig i Karibien, langs handelsruten mellom Amerika og Europa.<\/p>\n<p> Mens pirater plyndret handelsskip og angrep kystbyer for \u00e5 berike seg, drev buccanerene med smugling, fangst av sm\u00e5 handelsskip og slavehandel. V\u00e5r treskipsmodell representerer et av de fart\u00f8yene som kan ha blitt brukt i deres ugjerninger.<\/p>\n<ul>\n<li>Dette byggesettet gir en autentisk modell av et historisk piratskip<\/li>\n<li>Perfekt for b\u00e5de nye og erfarne modellbyggere<\/li>\n<li>Krever montering, noe som gir en engasjerende og l\u00e6rerik opplevelse<\/li>\n<\/ul>\n<p>Modellbygging har lenge v\u00e6rt en popul\u00e6r hobby blant voksne, og v\u00e5rt Buccaneer Pirate Ship byggesett gir en unik mulighet til \u00e5 utforske en fascinerende del av maritim historie.<\/p>\n<p>Ikke g\u00e5 glipp av denne muligheten til \u00e5 dykke ned i piratenes verden. Kj\u00f8p Buccaneer Pirate Ship byggesett n\u00e5 og begynn din reise tilbake i tid!<\/p>","protected":false},"excerpt":{"rendered":"<p>Buccaneer Pirate Ship er et detaljert byggesett av et historisk piratskip. Perfekt for modellbyggere med interesse for sj\u00f8fartshistorie.<\/p>","protected":false},"featured_media":8768,"comment_status":"open","ping_status":"closed","template":"","meta":[],"product_brand":[95],"product_cat":[67],"product_tag":[],"class_list":{"0":"post-8769","1":"product","2":"type-product","3":"status-publish","4":"has-post-thumbnail","6":"product_brand-occre","7":"product_cat-bater-occre","9":"first","10":"instock","11":"taxable","12":"shipping-taxable","13":"purchasable","14":"product-type-simple"},"_links":{"self":[{"href":"https:\/\/bigfunhobby.com\/sv\/wp-json\/wp\/v2\/product\/8769","targetHints":{"allow":["GET"]}}],"collection":[{"href":"https:\/\/bigfunhobby.com\/sv\/wp-json\/wp\/v2\/product"}],"about":[{"href":"https:\/\/bigfunhobby.com\/sv\/wp-json\/wp\/v2\/types\/product"}],"replies":[{"embeddable":true,"href":"https:\/\/bigfunhobby.com\/sv\/wp-json\/wp\/v2\/comments?post=8769"}],"wp:featuredmedia":[{"embeddable":true,"href":"https:\/\/bigfunhobby.com\/sv\/wp-json\/wp\/v2\/media\/8768"}],"wp:attachment":[{"href":"https:\/\/bigfunhobby.com\/sv\/wp-json\/wp\/v2\/media?parent=8769"}],"wp:term":[{"taxonomy":"product_brand","embeddable":true,"href":"https:\/\/bigfunhobby.com\/sv\/wp-json\/wp\/v2\/product_brand?post=8769"},{"taxonomy":"product_cat","embeddable":true,"href":"https:\/\/bigfunhobby.com\/sv\/wp-json\/wp\/v2\/product_cat?post=8769"},{"taxonomy":"product_tag","embeddable":true,"href":"https:\/\/bigfunhobby.com\/sv\/wp-json\/wp\/v2\/product_tag?post=8769"}],"curies":[{"name":"wp","href":"https:\/\/api.w.org\/{rel}","templated":true}]}}