{"id":8773,"date":"2025-03-08T17:18:45","date_gmt":"2025-03-08T17:18:45","guid":{"rendered":"https:\/\/bigfunhobby.com\/butikk\/golden-hind\/"},"modified":"2026-03-03T12:26:26","modified_gmt":"2026-03-03T10:26:26","slug":"gyllene-hind","status":"publish","type":"product","link":"https:\/\/bigfunhobby.com\/sv\/butikk\/golden-hind\/","title":{"rendered":"Golden Hind"},"content":{"rendered":"<p>Njut av att s\u00e4tta ihop en detaljerad skalmodell av den ber\u00f6mda \"Golden Hind\", Sir Francis Drakes m\u00e4rkliga skepp. Denna byggsats ger en sp\u00e4nnande och l\u00e4rorik upplevelse f\u00f6r b\u00e5de nyb\u00f6rjare och erfarna modellbyggare.<\/p>\n<p>\"Golden Hind\" \u00e4r ber\u00f6mt f\u00f6r sin v\u00e4rldsomsegling mellan 1577 och 1580. Efter att ha f\u00e4rdats 40.000 mil \u00e5terv\u00e4nde Drake till England 1580 med skeppet lastat med skatter och er\u00f6vrade l\u00e4nder. \u00c5r 1581 utn\u00e4mnde drottning Elizabeth I Drake till riddare ombord p\u00e5 \"Golden Hind\".<\/p>\n<p>Denna modellsats f\u00f6r tr\u00e4fartyg ger dig m\u00f6jlighet att \u00e5teruppleva denna fantastiska historia. Den h\u00e4r skalmodellen \u00e4r mycket detaljrik och \u00e4r ett imponerande tillskott till alla modellsamlingar.<\/p>\n<ul>\n<li>Produktkategori: Modeller med tre skivor<\/li>\n<li>Material: Tr\u00e4 av h\u00f6g kvalitet och detaljerade komponenter<\/li>\n<li>Historia: Reproduktion av det ber\u00f6mda fartyget \"Golden Hind<\/li>\n<\/ul>\n<p>Oavsett om du \u00e4r en erfaren modellbyggare eller nyb\u00f6rjare kommer den h\u00e4r byggsatsen att ge dig timmar av engagerande och l\u00e4rorik underh\u00e5llning. Det \u00e4r inte bara en modell, utan ocks\u00e5 ett stycke historia som du kan bygga med dina egna h\u00e4nder.<\/p>\n<p>Missa inte chansen att \u00e4ga din egen bit av sj\u00f6fartshistoria. K\u00f6p tr\u00e4fartygsmodellen \"Golden Hind\" nu och b\u00f6rja din modellresa!<\/p>","protected":false},"excerpt":{"rendered":"<p>Upplev historien med byggsatsen till \"Golden Hind\", Sir Francis Drakes ber\u00f6mda skepp. Perfekt f\u00f6r entusiaster som gillar att bygga tr\u00e4skeppsmodeller.<\/p>","protected":false},"featured_media":8772,"comment_status":"open","ping_status":"closed","template":"","meta":[],"product_brand":[95],"product_cat":[67],"product_tag":[],"class_list":{"0":"post-8773","1":"product","2":"type-product","3":"status-publish","4":"has-post-thumbnail","6":"product_brand-occre","7":"product_cat-bater-occre","9":"first","10":"instock","11":"taxable","12":"shipping-taxable","13":"purchasable","14":"product-type-simple"},"_links":{"self":[{"href":"https:\/\/bigfunhobby.com\/sv\/wp-json\/wp\/v2\/product\/8773","targetHints":{"allow":["GET"]}}],"collection":[{"href":"https:\/\/bigfunhobby.com\/sv\/wp-json\/wp\/v2\/product"}],"about":[{"href":"https:\/\/bigfunhobby.com\/sv\/wp-json\/wp\/v2\/types\/product"}],"replies":[{"embeddable":true,"href":"https:\/\/bigfunhobby.com\/sv\/wp-json\/wp\/v2\/comments?post=8773"}],"wp:featuredmedia":[{"embeddable":true,"href":"https:\/\/bigfunhobby.com\/sv\/wp-json\/wp\/v2\/media\/8772"}],"wp:attachment":[{"href":"https:\/\/bigfunhobby.com\/sv\/wp-json\/wp\/v2\/media?parent=8773"}],"wp:term":[{"taxonomy":"product_brand","embeddable":true,"href":"https:\/\/bigfunhobby.com\/sv\/wp-json\/wp\/v2\/product_brand?post=8773"},{"taxonomy":"product_cat","embeddable":true,"href":"https:\/\/bigfunhobby.com\/sv\/wp-json\/wp\/v2\/product_cat?post=8773"},{"taxonomy":"product_tag","embeddable":true,"href":"https:\/\/bigfunhobby.com\/sv\/wp-json\/wp\/v2\/product_tag?post=8773"}],"curies":[{"name":"wp","href":"https:\/\/api.w.org\/{rel}","templated":true}]}}