{"id":8777,"date":"2025-03-08T17:18:47","date_gmt":"2025-03-08T17:18:47","guid":{"rendered":"https:\/\/bigfunhobby.com\/butikk\/14006-bounty\/"},"modified":"2026-03-03T12:26:26","modified_gmt":"2026-03-03T10:26:26","slug":"14006-beloning","status":"publish","type":"product","link":"https:\/\/bigfunhobby.com\/sv\/butikk\/14006-bounty\/","title":{"rendered":"14006 - Bel\u00f6ning"},"content":{"rendered":"<p>Ta en resa tillbaka till 1700-talet med v\u00e5r 14006 - Bounty tr\u00e4fartygsmodell. Med detta kit kan du f\u00f6rdjupa dig i modellfartygshistoriens v\u00e4rld och exakt replikera denna magnifika fregatt in i minsta detalj.<\/p>\n<p>Bounty byggdes 1783 som ett lastfartyg och k\u00f6ptes av Royal Navy 1787 f\u00f6r att transportera br\u00f6dfrukt fr\u00e5n Tahiti till Karibien. Frukten var avsedd som billig mat f\u00f6r de slavar som arbetade p\u00e5 sockerr\u00f6rsplantagerna. Fartyget avseglade fr\u00e5n England under kapten William Bligh och anl\u00e4nde till Tahiti senare \u00e4n planerat efter en 10 m\u00e5nader l\u00e5ng resa. P\u00e5 grund av f\u00f6rseningen fick de v\u00e4nta 5 m\u00e5nader innan de kunde segla vidare till Karibien, deras slutdestination. Under denna resa intr\u00e4ffade ett myteri ombord som leddes av Fletcher Christian.<\/p>\n<p>Myteristerna beordrade kapten Bligh, tillsammans med 18 lojala sj\u00f6m\u00e4n, ombord p\u00e5 fartygets l\u00e4ttb\u00e5t och satte dem till sj\u00f6ss. Bligh lyckades med hj\u00e4lted\u00e5det att n\u00e5 \u00f6n Timor efter 41 dagar till sj\u00f6ss.<\/p>\n<p>V\u00e5rt modellskepp Bounty \u00e4r en noggrant utformad byggsats i tr\u00e4, utformad f\u00f6r att ge dig en autentisk skeppsmodellupplevelse. Varje detalj har utformats f\u00f6r att vara trogen originalet, vilket ger dig m\u00f6jlighet att skapa en modell som \u00e4r trogen det ikoniska fartyget. Oavsett om du \u00e4r en erfaren modellbyggare eller nyb\u00f6rjare \u00e4r denna byggsats ett fantastiskt s\u00e4tt att dyka djupare in i denna fascinerande hobby.<\/p>\n<p>V\u00e4nta inte l\u00e4ngre, best\u00e4ll din 14006 - Bounty tr\u00e4skeppsmodell idag och b\u00f6rja din resa in i modellbyggandets sp\u00e4nnande v\u00e4rld.<\/p>","protected":false},"excerpt":{"rendered":"<p>Dyk ner i hj\u00e4rtat av modellfartygshistorien med tr\u00e4fartygsmodellen 14006 - Bounty. \u00c5terupplev resan med detta ikoniska 1700-talsfartyg, perfekt f\u00f6r b\u00e5de nyb\u00f6rjare och erfarna modellbyggare.<\/p>","protected":false},"featured_media":8776,"comment_status":"open","ping_status":"closed","template":"","meta":[],"product_brand":[95],"product_cat":[67],"product_tag":[],"class_list":{"0":"post-8777","1":"product","2":"type-product","3":"status-publish","4":"has-post-thumbnail","6":"product_brand-occre","7":"product_cat-bater-occre","9":"first","10":"instock","11":"taxable","12":"shipping-taxable","13":"purchasable","14":"product-type-simple"},"_links":{"self":[{"href":"https:\/\/bigfunhobby.com\/sv\/wp-json\/wp\/v2\/product\/8777","targetHints":{"allow":["GET"]}}],"collection":[{"href":"https:\/\/bigfunhobby.com\/sv\/wp-json\/wp\/v2\/product"}],"about":[{"href":"https:\/\/bigfunhobby.com\/sv\/wp-json\/wp\/v2\/types\/product"}],"replies":[{"embeddable":true,"href":"https:\/\/bigfunhobby.com\/sv\/wp-json\/wp\/v2\/comments?post=8777"}],"wp:featuredmedia":[{"embeddable":true,"href":"https:\/\/bigfunhobby.com\/sv\/wp-json\/wp\/v2\/media\/8776"}],"wp:attachment":[{"href":"https:\/\/bigfunhobby.com\/sv\/wp-json\/wp\/v2\/media?parent=8777"}],"wp:term":[{"taxonomy":"product_brand","embeddable":true,"href":"https:\/\/bigfunhobby.com\/sv\/wp-json\/wp\/v2\/product_brand?post=8777"},{"taxonomy":"product_cat","embeddable":true,"href":"https:\/\/bigfunhobby.com\/sv\/wp-json\/wp\/v2\/product_cat?post=8777"},{"taxonomy":"product_tag","embeddable":true,"href":"https:\/\/bigfunhobby.com\/sv\/wp-json\/wp\/v2\/product_tag?post=8777"}],"curies":[{"name":"wp","href":"https:\/\/api.w.org\/{rel}","templated":true}]}}