{"id":8779,"date":"2025-03-08T17:18:48","date_gmt":"2025-03-08T17:18:48","guid":{"rendered":"https:\/\/bigfunhobby.com\/butikk\/hms-revenge\/"},"modified":"2026-03-03T12:26:26","modified_gmt":"2026-03-03T10:26:26","slug":"hms-hamnd","status":"publish","type":"product","link":"https:\/\/bigfunhobby.com\/sv\/butikk\/hms-revenge\/","title":{"rendered":"HMS Revenge"},"content":{"rendered":"<p>HMS Revenge byggsatsen ger en unik m\u00f6jlighet att bygga en exakt tr\u00e4fartygsmodell av det historiska engelska galeongfartyget. Fartyget byggdes av Sir John Hawkins i Deptford 1577 och har ett antal utm\u00e4rkande designdrag, t.ex. ett smalare f\u00f6rh\u00e5llande mellan l\u00e4ngd och bredd, mindre f\u00f6r- och akterskepp och l\u00e4gre fribord f\u00f6r b\u00e4ttre artilleristabilitet.<\/p>\n<p>Under Sir Francis Drakes bef\u00e4l deltog HMS Revenge i flera ber\u00f6mda sj\u00f6slag. Det var en integrerad del av Frobisher-expeditionen 1590 mot den indiska flottan och togs senare som krigsbyte. En fruktansv\u00e4rd storm s\u00e4nkte till slut Revenge p\u00e5 v\u00e4g till Spanien.<\/p>\n<p>Denna byggsats f\u00f6r vuxna ger dig m\u00f6jlighet att \u00e5teruppleva en viktig del av sj\u00f6fartens historia. Byggsatsen har skapats med stor uppm\u00e4rksamhet p\u00e5 detaljer s\u00e5 att det f\u00e4rdiga resultatet blir en trogen miniatyr av det ursprungliga fartyget. Med den h\u00e4r byggsatsen kan du f\u00f6rb\u00e4ttra dina modelleringskunskaper och l\u00e4gga till en imponerande modell i din samling.<\/p>\n<p>V\u00e4nta inte l\u00e4ngre, njut av n\u00f6jet att bygga din egen HMS Revenge. <strong>K\u00f6p h\u00e4r<\/strong> och starta ditt n\u00e4sta modelleringsprojekt redan idag!<\/p>","protected":false},"excerpt":{"rendered":"<p>Byggsatsen HMS Revenge \u00e4r en detaljerad modell av det ber\u00f6mda engelska galeongfartyget, perfekt f\u00f6r entusiaster av historiska tr\u00e4fartygsmodeller.<\/p>","protected":false},"featured_media":8778,"comment_status":"open","ping_status":"closed","template":"","meta":[],"product_brand":[95],"product_cat":[67],"product_tag":[],"class_list":{"0":"post-8779","1":"product","2":"type-product","3":"status-publish","4":"has-post-thumbnail","6":"product_brand-occre","7":"product_cat-bater-occre","9":"first","10":"instock","11":"taxable","12":"shipping-taxable","13":"purchasable","14":"product-type-simple"},"_links":{"self":[{"href":"https:\/\/bigfunhobby.com\/sv\/wp-json\/wp\/v2\/product\/8779","targetHints":{"allow":["GET"]}}],"collection":[{"href":"https:\/\/bigfunhobby.com\/sv\/wp-json\/wp\/v2\/product"}],"about":[{"href":"https:\/\/bigfunhobby.com\/sv\/wp-json\/wp\/v2\/types\/product"}],"replies":[{"embeddable":true,"href":"https:\/\/bigfunhobby.com\/sv\/wp-json\/wp\/v2\/comments?post=8779"}],"wp:featuredmedia":[{"embeddable":true,"href":"https:\/\/bigfunhobby.com\/sv\/wp-json\/wp\/v2\/media\/8778"}],"wp:attachment":[{"href":"https:\/\/bigfunhobby.com\/sv\/wp-json\/wp\/v2\/media?parent=8779"}],"wp:term":[{"taxonomy":"product_brand","embeddable":true,"href":"https:\/\/bigfunhobby.com\/sv\/wp-json\/wp\/v2\/product_brand?post=8779"},{"taxonomy":"product_cat","embeddable":true,"href":"https:\/\/bigfunhobby.com\/sv\/wp-json\/wp\/v2\/product_cat?post=8779"},{"taxonomy":"product_tag","embeddable":true,"href":"https:\/\/bigfunhobby.com\/sv\/wp-json\/wp\/v2\/product_tag?post=8779"}],"curies":[{"name":"wp","href":"https:\/\/api.w.org\/{rel}","templated":true}]}}