{"id":8781,"date":"2025-03-08T17:18:49","date_gmt":"2025-03-08T17:18:49","guid":{"rendered":"https:\/\/bigfunhobby.com\/butikk\/aurora\/"},"modified":"2026-03-19T18:51:38","modified_gmt":"2026-03-19T16:51:38","slug":"aurora","status":"publish","type":"product","link":"https:\/\/bigfunhobby.com\/sv\/butikk\/aurora\/","title":{"rendered":"Aurora"},"content":{"rendered":"<p>Dyk in i modelleringens v\u00e4rld med Aurora, en detaljerad tr\u00e4fartygsmodell av en brigg. G\u00f6r en historisk resa tillbaka till 1800-talet och b\u00f6rjan av 1900-talet, en tid som pr\u00e4glades av omfattande sj\u00f6transporter mellan Spanien och dess utomeuropeiska kolonier.<\/p>\n<p>Aurora \u00e4r en lysande representation av en brig, ett segelfartyg som ofta anv\u00e4ndes f\u00f6r resor till Amerika, tack vare sin rigg som gav optimala resultat i f\u00f6rh\u00e5llanden med konstant vind. Med den h\u00e4r byggsatsen f\u00f6r vuxna kan du skapa en autentisk kopia in i minsta detalj.<\/p>\n<p><strong>Specifikationer:<\/strong><\/p>\n<ul>\n<li>Typ: Brigg<\/li>\n<li>Material:: Tr\u00e4<\/li>\n<li>Historisk period: 1800-talet - b\u00f6rjan av 1900-talet<\/li>\n<li>F\u00f6r: Nyb\u00f6rjare och erfarna entusiaster<\/li>\n<\/ul>\n<p>Modellering \u00e4r mer \u00e4n bara en hobby, det \u00e4r ett s\u00e4tt att l\u00e4ra sig, koppla av och uttrycka kreativitet. Det \u00e4r ett s\u00e4tt att koppla bort dagens digitala v\u00e4rld och uppleva tillfredsst\u00e4llelsen av att skapa n\u00e5got med dina egna h\u00e4nder. Aurora tr\u00e4byggsats ger dig den h\u00e4r upplevelsen.<\/p>\n<p>Vi bjuder in dig att f\u00f6rlora dig sj\u00e4lv i detta kreativa projekt. Skapa ett utrymme f\u00f6r kreativ fritid d\u00e4r du kan njuta av denna otroliga modellbyggnadsupplevelse. Tr\u00e4skeppsmodellen Aurora \u00e4r inte bara en byggsats, utan en resa tillbaka i tiden.<\/p>\n<p>\u00c4r du redo att f\u00f6lja med p\u00e5 resan? <strong>Best\u00e4ll din Aurora tr\u00e4fartygsmodell idag och b\u00f6rja ditt modell\u00e4ventyr!<\/strong><\/p>","protected":false},"excerpt":{"rendered":"<p>Aurora \u00e4r en autentisk tr\u00e4fartygsmodell av en brigg, perfekt f\u00f6r b\u00e5de nyb\u00f6rjare och erfarna entusiaster. Denna byggsats tar dig med p\u00e5 en resa tillbaka till sj\u00f6fartens storhetstid mellan Spanien och dess utomeuropeiska kolonier.<\/p>","protected":false},"featured_media":8780,"comment_status":"open","ping_status":"closed","template":"","meta":[],"product_brand":[95],"product_cat":[67],"product_tag":[],"class_list":{"0":"post-8781","1":"product","2":"type-product","3":"status-publish","4":"has-post-thumbnail","6":"product_brand-occre","7":"product_cat-bater-occre","9":"first","10":"instock","11":"taxable","12":"shipping-taxable","13":"purchasable","14":"product-type-simple"},"_links":{"self":[{"href":"https:\/\/bigfunhobby.com\/sv\/wp-json\/wp\/v2\/product\/8781","targetHints":{"allow":["GET"]}}],"collection":[{"href":"https:\/\/bigfunhobby.com\/sv\/wp-json\/wp\/v2\/product"}],"about":[{"href":"https:\/\/bigfunhobby.com\/sv\/wp-json\/wp\/v2\/types\/product"}],"replies":[{"embeddable":true,"href":"https:\/\/bigfunhobby.com\/sv\/wp-json\/wp\/v2\/comments?post=8781"}],"wp:featuredmedia":[{"embeddable":true,"href":"https:\/\/bigfunhobby.com\/sv\/wp-json\/wp\/v2\/media\/8780"}],"wp:attachment":[{"href":"https:\/\/bigfunhobby.com\/sv\/wp-json\/wp\/v2\/media?parent=8781"}],"wp:term":[{"taxonomy":"product_brand","embeddable":true,"href":"https:\/\/bigfunhobby.com\/sv\/wp-json\/wp\/v2\/product_brand?post=8781"},{"taxonomy":"product_cat","embeddable":true,"href":"https:\/\/bigfunhobby.com\/sv\/wp-json\/wp\/v2\/product_cat?post=8781"},{"taxonomy":"product_tag","embeddable":true,"href":"https:\/\/bigfunhobby.com\/sv\/wp-json\/wp\/v2\/product_tag?post=8781"}],"curies":[{"name":"wp","href":"https:\/\/api.w.org\/{rel}","templated":true}]}}