{"id":8783,"date":"2025-03-08T17:18:50","date_gmt":"2025-03-08T17:18:50","guid":{"rendered":"https:\/\/bigfunhobby.com\/butikk\/aec-bus-b-type\/"},"modified":"2026-03-03T12:26:26","modified_gmt":"2026-03-03T10:26:26","slug":"aec-buss-b-typ","status":"publish","type":"product","link":"https:\/\/bigfunhobby.com\/sv\/butikk\/aec-bus-b-type\/","title":{"rendered":"AEC Buss B-typ"},"content":{"rendered":"<p>Njut av timmar av kreativ underh\u00e5llning med denna fantastiska byggsats som inneh\u00e5ller <strong>AEC Buss B-typ<\/strong>, den f\u00f6rsta massproducerade bussen. Det h\u00e4r \u00e4r en unik m\u00f6jlighet att bygga en exakt skalmodell av ett historiskt fordon som en g\u00e5ng dominerade Londons gator.<\/p>\n<p><strong>Bussar av typ AEC B<\/strong> tillverkades i Walthamstow och ersatte de tidigare bussarna av X-typ. B-bussen kunde ta 34 passagerare, med 16 platser i kup\u00e9n och 18 p\u00e5 det \u00f6ppna \u00f6vre d\u00e4cket. De f\u00f6rsta av dessa bussar b\u00f6rjade transportera passagerare 1911 och 1913 var cirka 2.500 av dem i trafik.<\/p>\n<p>Modellen var konstruerad av Frank Searle, som var chefsingenj\u00f6r p\u00e5 LGOC. Den hade en tr\u00e4ram, st\u00e5lhjul, en sn\u00e4ckv\u00e4xel och en kedjev\u00e4xell\u00e5da. Den kunde n\u00e5 en topphastighet p\u00e5 16 mph, vilket \u00f6versteg den lagliga hastighetsgr\u00e4nsen vid den tiden p\u00e5 12 mph.<\/p>\n<p>Under f\u00f6rsta v\u00e4rldskriget var totalt 900 <strong>Bussar av B-typ<\/strong> anv\u00e4ndes f\u00f6r att transportera trupper bakom frontlinjerna. Imperial War Museum har fortfarande en av dessa bussar, B 43, k\u00e4rleksfullt k\u00e4nd som Ole Bill. Den ursprungliga B 340 finns fortfarande bevarad p\u00e5 London Transport Museum i Covent Garden och har restaurerats.<\/p>\n<p>S\u00e4tt ihop detta <strong>den skalenliga modellen<\/strong> och ta en resa tillbaka till den tid d\u00e5 dessa bussar fyllde gatorna. B\u00e5de nyb\u00f6rjare och erfarna modellbyggare kommer att finna gl\u00e4dje i att bygga den h\u00e4r satsen. Best\u00e4ll din AEC Bus B-type sats idag och starta ditt nya modellprojekt.<\/p>","protected":false},"excerpt":{"rendered":"<p>Bygg din egen AEC Bus B-type kit, en exakt skalmodell av den f\u00f6rsta massproducerade bussen. L\u00e4mplig f\u00f6r b\u00e5de nyb\u00f6rjare och erfarna modellbyggare.<\/p>","protected":false},"featured_media":8782,"comment_status":"open","ping_status":"closed","template":"","meta":[],"product_brand":[95],"product_cat":[68],"product_tag":[],"class_list":{"0":"post-8783","1":"product","2":"type-product","3":"status-publish","4":"has-post-thumbnail","6":"product_brand-occre","7":"product_cat-togtrikk-occre","9":"first","10":"instock","11":"taxable","12":"shipping-taxable","13":"purchasable","14":"product-type-simple"},"_links":{"self":[{"href":"https:\/\/bigfunhobby.com\/sv\/wp-json\/wp\/v2\/product\/8783","targetHints":{"allow":["GET"]}}],"collection":[{"href":"https:\/\/bigfunhobby.com\/sv\/wp-json\/wp\/v2\/product"}],"about":[{"href":"https:\/\/bigfunhobby.com\/sv\/wp-json\/wp\/v2\/types\/product"}],"replies":[{"embeddable":true,"href":"https:\/\/bigfunhobby.com\/sv\/wp-json\/wp\/v2\/comments?post=8783"}],"wp:featuredmedia":[{"embeddable":true,"href":"https:\/\/bigfunhobby.com\/sv\/wp-json\/wp\/v2\/media\/8782"}],"wp:attachment":[{"href":"https:\/\/bigfunhobby.com\/sv\/wp-json\/wp\/v2\/media?parent=8783"}],"wp:term":[{"taxonomy":"product_brand","embeddable":true,"href":"https:\/\/bigfunhobby.com\/sv\/wp-json\/wp\/v2\/product_brand?post=8783"},{"taxonomy":"product_cat","embeddable":true,"href":"https:\/\/bigfunhobby.com\/sv\/wp-json\/wp\/v2\/product_cat?post=8783"},{"taxonomy":"product_tag","embeddable":true,"href":"https:\/\/bigfunhobby.com\/sv\/wp-json\/wp\/v2\/product_tag?post=8783"}],"curies":[{"name":"wp","href":"https:\/\/api.w.org\/{rel}","templated":true}]}}