{"id":8785,"date":"2025-03-08T17:18:51","date_gmt":"2025-03-08T17:18:51","guid":{"rendered":"https:\/\/bigfunhobby.com\/butikk\/adler-coach\/"},"modified":"2026-03-03T12:26:26","modified_gmt":"2026-03-03T10:26:26","slug":"adler-coach","status":"publish","type":"product","link":"https:\/\/bigfunhobby.com\/sv\/butikk\/adler-coach\/","title":{"rendered":"Adler (tr\u00e4nare)"},"content":{"rendered":"<p>Oppdag en skatt innen modelljernbane med Adler byggesettet. Dette settet gir deg muligheten til \u00e5 gjenoppleve en tid da land var fulle av slike tog. Byggesettet gir deg en autentisk reise tilbake i tid, enten du er nybegynner eller erfaren innen modellbygging.<\/p>\n<p>Adler-lokomotivet, fremstilt av Robert Stephenson &#038; Co. i Newcastle, ble transportert i deler helt til N\u00fcrnberg. Her ble det satt sammen igjen i verkstedene til Johann Wilhelm Spaeth. Opplev denne historiske reisen gjennom detaljene i v\u00e5rt byggesett.<\/p>\n<p>Vognene til Adler-lokomotivet ble opprinnelig bygget i tre av lokale verksteder. V\u00e5rt byggesett gir deg muligheten til \u00e5 gjenskape disse ikoniske vognene med stor detaljrikdom.<\/p>\n<p>Gj\u00f8r en reise gjennom tid og rom ved \u00e5 bygge en modell av dette ber\u00f8mte togsettet. Dette byggesettet tar deg steg-for-steg gjennom prosessen med \u00e5 sette sammen en modell som inkluderer alle detaljene fra det originale Adler-lokomotivet.<\/p>\n<p>Vi inviterer deg til \u00e5 utfolde din kreativitet og nyte rolige stunder med dette fantastiske modelljernbane-byggesettet. Ta skrittet tilbake i tid og gjenopplev jernbanehistorien med Adler byggesettet. <\/p>\n<p>Ikke vent, start din modellbygge-reise i dag. Se v\u00e5rt utvalg og bestill n\u00e5!<\/p>","protected":false},"excerpt":{"rendered":"<p>Gjenopplev jernbanehistorien med Adler byggesettet, en detaljert modell av det ber\u00f8mte Adler-lokomotivet. Perfekt for b\u00e5de nybegynnere og erfarne modellbyggere.<\/p>","protected":false},"featured_media":8784,"comment_status":"open","ping_status":"closed","template":"","meta":[],"product_brand":[95],"product_cat":[68],"product_tag":[],"class_list":{"0":"post-8785","1":"product","2":"type-product","3":"status-publish","4":"has-post-thumbnail","6":"product_brand-occre","7":"product_cat-togtrikk-occre","9":"first","10":"instock","11":"taxable","12":"shipping-taxable","13":"purchasable","14":"product-type-simple"},"_links":{"self":[{"href":"https:\/\/bigfunhobby.com\/sv\/wp-json\/wp\/v2\/product\/8785","targetHints":{"allow":["GET"]}}],"collection":[{"href":"https:\/\/bigfunhobby.com\/sv\/wp-json\/wp\/v2\/product"}],"about":[{"href":"https:\/\/bigfunhobby.com\/sv\/wp-json\/wp\/v2\/types\/product"}],"replies":[{"embeddable":true,"href":"https:\/\/bigfunhobby.com\/sv\/wp-json\/wp\/v2\/comments?post=8785"}],"wp:featuredmedia":[{"embeddable":true,"href":"https:\/\/bigfunhobby.com\/sv\/wp-json\/wp\/v2\/media\/8784"}],"wp:attachment":[{"href":"https:\/\/bigfunhobby.com\/sv\/wp-json\/wp\/v2\/media?parent=8785"}],"wp:term":[{"taxonomy":"product_brand","embeddable":true,"href":"https:\/\/bigfunhobby.com\/sv\/wp-json\/wp\/v2\/product_brand?post=8785"},{"taxonomy":"product_cat","embeddable":true,"href":"https:\/\/bigfunhobby.com\/sv\/wp-json\/wp\/v2\/product_cat?post=8785"},{"taxonomy":"product_tag","embeddable":true,"href":"https:\/\/bigfunhobby.com\/sv\/wp-json\/wp\/v2\/product_tag?post=8785"}],"curies":[{"name":"wp","href":"https:\/\/api.w.org\/{rel}","templated":true}]}}