{"id":8789,"date":"2025-03-08T17:18:52","date_gmt":"2025-03-08T17:18:52","guid":{"rendered":"https:\/\/bigfunhobby.com\/butikk\/s3-6-br-18\/"},"modified":"2026-03-03T12:26:26","modified_gmt":"2026-03-03T10:26:26","slug":"s3-6-br-18","status":"publish","type":"product","link":"https:\/\/bigfunhobby.com\/sv\/butikk\/s3-6-br-18\/","title":{"rendered":"S3\/6 BR-18"},"content":{"rendered":"<p>Velkommen til verdenen av <strong>modelljernbanebygging<\/strong> med v\u00e5rt S3\/6 BR-18 byggesett. Denne detaljerte modellen gir deg muligheten til \u00e5 oppleve historien til de majestetiske <strong>damplokomotivene<\/strong>.<\/p>\n<p>S3\/6 BR-18 ble designet og bygget ved J. A. Maffei-verkstedene i M\u00fcnchen, og det f\u00f8rste eksemplaret ble levert 16. juli 1908. Denne modellen er et &#8216;Pacific&#8217;-type lokomotiv med store diameterhjul. P\u00e5 den tiden var det den st\u00f8rste maskinen som noensinne var bygget av denne produsenten, og den regnes fortsatt som &#8216;det vakreste<strong> lokomotivet<\/strong> p\u00e5 de tyske<strong> jernbanene<\/strong>&#8216;.<\/p>\n<p>Skuld <strong>lokomotivet<\/strong> var kjent for sin fremragende ytelse p\u00e5 langdistanseruter, og i 1951 trakk det et tog p\u00e5 150 tonn over en avstand p\u00e5 180 kilometer, fra Hamburg til M\u00fcnchen, med bare stopp for \u00e5 fylle p\u00e5 vann. &#8216;S&#8217; st\u00e5r for &#8216;Schnellzuglocomotiven&#8217; (langdistanstog) og 3\/6 er antall drivaksler sammenlignet med totalt antall aksler.<\/p>\n<p>S3\/6 BR-18 ble hovedsakelig brukt p\u00e5 langdistanselinjer i Bayern, men de trakk ogs\u00e5 slike ber\u00f8mte <strong>tog<\/strong> som Orientekspressen og Rheingold, Ostend-Wien-ekspressen eller Paris-Karlsbad-Prague Express. Gjennom lokomotivets historie ble det gjort flere variasjoner, hovedsakelig n\u00e5r det gjelder f\u00f8rerhuset, kjelen og motormekanismene.<\/p>\n<p>I dette byggesettet vil du finne ut, trinn for trinn, hvordan du setter sammen en modell med alle detaljene fra det originale <strong>lokomotivet<\/strong>. Vi inviterer deg til \u00e5 la deg rive med og sette opp omr\u00e5der for kreativ fritid hvor du kan nyte dette fantastiske <strong>modelltogsettet<\/strong>.<\/p>\n<p>Enten du er en erfaren modellbygger eller en nybegynner, er dette byggesettet en fantastisk mulighet til \u00e5 dykke ned i historien og l\u00e6re mer om damplokomotivene. <strong>Bestill ditt S3\/6 BR-18 byggesett n\u00e5<\/strong> og begynn reisen tilbake i tid.<\/p>","protected":false},"excerpt":{"rendered":"<p>Dykk ned i verdenen av modelljernbanebygging med v\u00e5r S3\/6 BR-18 byggesett. Opplev historien til dette fantastiske damplokomotivet gjennom detaljert modellbygging.<\/p>","protected":false},"featured_media":8788,"comment_status":"open","ping_status":"closed","template":"","meta":[],"product_brand":[95],"product_cat":[68],"product_tag":[],"class_list":{"0":"post-8789","1":"product","2":"type-product","3":"status-publish","4":"has-post-thumbnail","6":"product_brand-occre","7":"product_cat-togtrikk-occre","9":"first","10":"instock","11":"taxable","12":"shipping-taxable","13":"purchasable","14":"product-type-simple"},"_links":{"self":[{"href":"https:\/\/bigfunhobby.com\/sv\/wp-json\/wp\/v2\/product\/8789","targetHints":{"allow":["GET"]}}],"collection":[{"href":"https:\/\/bigfunhobby.com\/sv\/wp-json\/wp\/v2\/product"}],"about":[{"href":"https:\/\/bigfunhobby.com\/sv\/wp-json\/wp\/v2\/types\/product"}],"replies":[{"embeddable":true,"href":"https:\/\/bigfunhobby.com\/sv\/wp-json\/wp\/v2\/comments?post=8789"}],"wp:featuredmedia":[{"embeddable":true,"href":"https:\/\/bigfunhobby.com\/sv\/wp-json\/wp\/v2\/media\/8788"}],"wp:attachment":[{"href":"https:\/\/bigfunhobby.com\/sv\/wp-json\/wp\/v2\/media?parent=8789"}],"wp:term":[{"taxonomy":"product_brand","embeddable":true,"href":"https:\/\/bigfunhobby.com\/sv\/wp-json\/wp\/v2\/product_brand?post=8789"},{"taxonomy":"product_cat","embeddable":true,"href":"https:\/\/bigfunhobby.com\/sv\/wp-json\/wp\/v2\/product_cat?post=8789"},{"taxonomy":"product_tag","embeddable":true,"href":"https:\/\/bigfunhobby.com\/sv\/wp-json\/wp\/v2\/product_tag?post=8789"}],"curies":[{"name":"wp","href":"https:\/\/api.w.org\/{rel}","templated":true}]}}