{"id":8793,"date":"2025-03-08T17:18:54","date_gmt":"2025-03-08T17:18:54","guid":{"rendered":"https:\/\/bigfunhobby.com\/butikk\/london\/"},"modified":"2026-03-03T12:26:26","modified_gmt":"2026-03-03T10:26:26","slug":"london","status":"publish","type":"product","link":"https:\/\/bigfunhobby.com\/sv\/butikk\/london\/","title":{"rendered":"London"},"content":{"rendered":"<p>Nyt mange timer med kreativ fritid med dette fantastiske <strong>byggesettet<\/strong> av den historiske <strong>London-trikken<\/strong>. Settet gir deg muligheten til \u00e5 lage en trofast kopi av den originale trikken, komplett med alle dens detaljer.<\/p>\n<p>Denne <strong>trikken<\/strong> ble bygget i april 1903 av selskapet Electric Railway and Tramway Carriage Works. Den var en av hundre B-klasse kj\u00f8ret\u00f8y bestilt av London County Council. Med nummer 106 ble denne trikken brukt som passasjertransport frem til 1925, da den ble omgjort til et sn\u00f8feiekj\u00f8ret\u00f8y og fikk nummer 022. I dag kan du finne trikken p\u00e5 Crich Village National Tramway Museum i Derbyshire, hvor den har kj\u00f8rt over 16 000 km med passasjerer.<\/p>\n<p>Opprinnelig ble trikken drevet av Dick Kerr-motorer, type DK25A, som ga 25 hk, men disse ble erstattet i 1927 av Westinghouse-motorer, type 220, som ga 42 hk. Trikken var opprinnelig utstyrt med h\u00e5ndbrems p\u00e5 hjulene og rheostatisk bremsing gjennom motorene. I 1908 ble det montert magnetiske skinnebremser. Forestill deg dagene da disse fantastiske trikkene rullet gjennom gatene.<\/p>\n<p>La deg rive med av spenningen og nyt f\u00f8lelsen av en tid da disse fantastiske <strong>trikkene<\/strong> sirkulerte gjennom gatene v\u00e5re. V\u00e5rt byggesett er perfekt for alle som har en lidenskap for <strong>modellbygge<\/strong> og historie.<\/p>\n<p>Dette byggesettet er en fantastisk gave til b\u00e5de voksne og barn som er interessert i <strong>modellbygge<\/strong> og historie. Ikke n\u00f8l, start din reise inn i historien <strong>n\u00e5<\/strong>.<\/p>\n<p><strong>Bestill her<\/strong> og opplev gleden ved \u00e5 bygge din egen modell av den historiske London-trikken.<\/p>","protected":false},"excerpt":{"rendered":"<p>Bygg din egen modell av den historiske London-trikken med v\u00e5rt detaljerte byggesett. Perfekt for b\u00e5de nybegynnere og erfarne entusiaster av modellbygging.<\/p>","protected":false},"featured_media":8792,"comment_status":"open","ping_status":"closed","template":"","meta":[],"product_brand":[95],"product_cat":[68],"product_tag":[],"class_list":{"0":"post-8793","1":"product","2":"type-product","3":"status-publish","4":"has-post-thumbnail","6":"product_brand-occre","7":"product_cat-togtrikk-occre","9":"first","10":"instock","11":"taxable","12":"shipping-taxable","13":"purchasable","14":"product-type-simple"},"_links":{"self":[{"href":"https:\/\/bigfunhobby.com\/sv\/wp-json\/wp\/v2\/product\/8793","targetHints":{"allow":["GET"]}}],"collection":[{"href":"https:\/\/bigfunhobby.com\/sv\/wp-json\/wp\/v2\/product"}],"about":[{"href":"https:\/\/bigfunhobby.com\/sv\/wp-json\/wp\/v2\/types\/product"}],"replies":[{"embeddable":true,"href":"https:\/\/bigfunhobby.com\/sv\/wp-json\/wp\/v2\/comments?post=8793"}],"wp:featuredmedia":[{"embeddable":true,"href":"https:\/\/bigfunhobby.com\/sv\/wp-json\/wp\/v2\/media\/8792"}],"wp:attachment":[{"href":"https:\/\/bigfunhobby.com\/sv\/wp-json\/wp\/v2\/media?parent=8793"}],"wp:term":[{"taxonomy":"product_brand","embeddable":true,"href":"https:\/\/bigfunhobby.com\/sv\/wp-json\/wp\/v2\/product_brand?post=8793"},{"taxonomy":"product_cat","embeddable":true,"href":"https:\/\/bigfunhobby.com\/sv\/wp-json\/wp\/v2\/product_cat?post=8793"},{"taxonomy":"product_tag","embeddable":true,"href":"https:\/\/bigfunhobby.com\/sv\/wp-json\/wp\/v2\/product_tag?post=8793"}],"curies":[{"name":"wp","href":"https:\/\/api.w.org\/{rel}","templated":true}]}}