{"id":8795,"date":"2025-03-08T17:18:55","date_gmt":"2025-03-08T17:18:55","guid":{"rendered":"https:\/\/bigfunhobby.com\/butikk\/san-francisco\/"},"modified":"2026-03-03T12:26:26","modified_gmt":"2026-03-03T10:26:26","slug":"san-francisco","status":"publish","type":"product","link":"https:\/\/bigfunhobby.com\/sv\/butikk\/san-francisco\/","title":{"rendered":"San Francisco"},"content":{"rendered":"<p>Dykk inn i verdens av modellbygging med v\u00e5rt San Francisco byggesett. Dette settet lar deg bygge en detaljert replika av San Francisco&#8217;s kjente trikk, et transportmiddel som har rullet gjennom byens gater i over hundre \u00e5r. En flott mulighet til \u00e5 nyte kreative stunder og gjenoppleve en tid da trikkene dominerte bybildet.<\/p>\n<p><strong>San Francisco-trikken<\/strong> er et ikonisk symbol p\u00e5 byen. Den f\u00f8rste trikken av denne typen ble satt i drift i London, men mange \u00e5r senere, den 2. august 1873, presenterte Andrew S. Hallidie den f\u00f8rste trikken i San Francisco, p\u00e5 Clay Street-linjen. Over et \u00e5rhundre senere, er disse sjarmerende kj\u00f8ret\u00f8yene fortsatt en del av byens daglige liv.<\/p>\n<p>Dette byggesettet er en reproduksjon av vogn nr. 60 fra California Street-fl\u00e5ten, bygget av MUNI (San Francisco Municipal Railway) i 1998, og satt i tjeneste i 2002. Vognen er basert p\u00e5 det originale designet, bygget av John Hammond &#038; Company for California Street Cable Railroad Company i 1906.<\/p>\n<p>Vognen ble rekonstruert etter jordskjelvet og brannen i 1906, og har gjennomg\u00e5tt flere renoveringer siden da, men har beholdt de originale setene og taket. Med dette byggesettet kan du bygge en modell med alle detaljene fra den originale vognen.<\/p>\n<p>La deg rive med i denne kreative hobbyen og skap en fantastisk <strong>modell av trikken<\/strong>. Uansett om du er en erfaren modellbygger eller en nybegynner, vil du nyte prosessen med \u00e5 bygge denne detaljerte modellen. S\u00e5 hvorfor vente? Start din modellbyggingsreise i dag med v\u00e5rt San Francisco byggesett.<\/p>\n<p><strong>Specifikationer:<\/strong><\/p>\n<ul>\n<li>Produktnavn: San Francisco<\/li>\n<li>Produktkategori: Byggsatser<\/li>\n<li>Material:: Tr\u00e4<\/li>\n<\/ul>\n<p>Ikke vent lenger, oppdag gleden ved modellbygging med v\u00e5rt San Francisco byggesett. Kj\u00f8p her og start din kreative reise i dag!<\/p>","protected":false},"excerpt":{"rendered":"<p>Oppdag gleden ved modellbygging med v\u00e5rt San Francisco byggesett, en detaljert replika av San Francisco&#8217;s ikoniske trikk. Perfekt for b\u00e5de nybegynnere og erfarne entusiaster.<\/p>","protected":false},"featured_media":8794,"comment_status":"open","ping_status":"closed","template":"","meta":[],"product_brand":[95],"product_cat":[68],"product_tag":[],"class_list":{"0":"post-8795","1":"product","2":"type-product","3":"status-publish","4":"has-post-thumbnail","6":"product_brand-occre","7":"product_cat-togtrikk-occre","9":"first","10":"instock","11":"taxable","12":"shipping-taxable","13":"purchasable","14":"product-type-simple"},"_links":{"self":[{"href":"https:\/\/bigfunhobby.com\/sv\/wp-json\/wp\/v2\/product\/8795","targetHints":{"allow":["GET"]}}],"collection":[{"href":"https:\/\/bigfunhobby.com\/sv\/wp-json\/wp\/v2\/product"}],"about":[{"href":"https:\/\/bigfunhobby.com\/sv\/wp-json\/wp\/v2\/types\/product"}],"replies":[{"embeddable":true,"href":"https:\/\/bigfunhobby.com\/sv\/wp-json\/wp\/v2\/comments?post=8795"}],"wp:featuredmedia":[{"embeddable":true,"href":"https:\/\/bigfunhobby.com\/sv\/wp-json\/wp\/v2\/media\/8794"}],"wp:attachment":[{"href":"https:\/\/bigfunhobby.com\/sv\/wp-json\/wp\/v2\/media?parent=8795"}],"wp:term":[{"taxonomy":"product_brand","embeddable":true,"href":"https:\/\/bigfunhobby.com\/sv\/wp-json\/wp\/v2\/product_brand?post=8795"},{"taxonomy":"product_cat","embeddable":true,"href":"https:\/\/bigfunhobby.com\/sv\/wp-json\/wp\/v2\/product_cat?post=8795"},{"taxonomy":"product_tag","embeddable":true,"href":"https:\/\/bigfunhobby.com\/sv\/wp-json\/wp\/v2\/product_tag?post=8795"}],"curies":[{"name":"wp","href":"https:\/\/api.w.org\/{rel}","templated":true}]}}