{"id":8799,"date":"2025-03-08T17:18:57","date_gmt":"2025-03-08T17:18:57","guid":{"rendered":"https:\/\/bigfunhobby.com\/butikk\/la-candelaria\/"},"modified":"2026-03-03T12:26:26","modified_gmt":"2026-03-03T10:26:26","slug":"kandelarierna","status":"publish","type":"product","link":"https:\/\/bigfunhobby.com\/sv\/butikk\/la-candelaria\/","title":{"rendered":"La Candelaria"},"content":{"rendered":"<p>Dyk in i den sp\u00e4nnande modellv\u00e4rlden med La Candelaria, en av juvelerna inom fartygsmodellering. Med den h\u00e4r satsen kan du uppleva fantastiska \u00f6gonblick och \u00e5teruppleva en tid d\u00e5 dessa majest\u00e4tiska fartyg dominerade haven. <\/p>\n<p> La Candelaria \u00e4r en medelhavsmodell av ett bombfartyg, i storlek med en brigg, men bredare och med tv\u00e5 master. Stormasten \u00e4r n\u00e4stan i mitten med en rund rigg och den lilla mesanmasten har ett gaffelsegel. Mellan stormasten och f\u00f6rskeppet sitter granatkastarna. <\/p>\n<p>Denna modell med tre fartyg \u00e4r konstruerad och byggd f\u00f6r att fungera som ett flytande batteri under blockader av hamnar eller under bel\u00e4gringar av sj\u00f6fort. <\/p>\n<p>Reproduktionen av modellen \u00e4r trogen originalet. V\u00e5r byggsats ger dig alla n\u00f6dv\u00e4ndiga element f\u00f6r att s\u00e4kerst\u00e4lla att ditt modellfartyg \u00e4r verklighetstroget, ner till minsta t\u00e4nkbara marina detalj. <\/p>\n<ul>\n<li> Produktkategori: Byggsatser i tr\u00e4 <\/li>\n<li> Typ av modell: Bombplan <\/li>\n<li> Historisk period: Medeltiden <\/li>\n<li> Material: Tr\u00e4 och diverse sm\u00e5delar f\u00f6r detaljbearbetning <\/li>\n<\/ul>\n<p>Vi hoppas att du kommer att njuta av din k\u00e4rlek till modellbygge med bombplanet La Candelaria, ett uts\u00f6kt modellfartyg som kommer att ge dig m\u00e5nga timmar av kreativ fritid. <\/p>\n<p>L\u00e5t La Candelaria bli en del av din modellsamling. Modellbygge \u00e4r en berikande hobby, perfekt f\u00f6r b\u00e5de nyb\u00f6rjare och erfarna entusiaster. V\u00e4nta inte l\u00e4ngre, best\u00e4ll din byggsats nu och p\u00e5b\u00f6rja din sp\u00e4nnande resa in i modellbyggandets v\u00e4rld.<\/p>","protected":false},"excerpt":{"rendered":"<p>Uppt\u00e4ck den fantastiska tr\u00e4fartygsmodellen La Candelaria, en unik byggsats som tar dig tillbaka till den tid d\u00e5 dessa majest\u00e4tiska fartyg seglade p\u00e5 haven.<\/p>","protected":false},"featured_media":8798,"comment_status":"open","ping_status":"closed","template":"","meta":[],"product_brand":[95],"product_cat":[67],"product_tag":[],"class_list":{"0":"post-8799","1":"product","2":"type-product","3":"status-publish","4":"has-post-thumbnail","6":"product_brand-occre","7":"product_cat-bater-occre","9":"first","10":"instock","11":"taxable","12":"shipping-taxable","13":"purchasable","14":"product-type-simple"},"_links":{"self":[{"href":"https:\/\/bigfunhobby.com\/sv\/wp-json\/wp\/v2\/product\/8799","targetHints":{"allow":["GET"]}}],"collection":[{"href":"https:\/\/bigfunhobby.com\/sv\/wp-json\/wp\/v2\/product"}],"about":[{"href":"https:\/\/bigfunhobby.com\/sv\/wp-json\/wp\/v2\/types\/product"}],"replies":[{"embeddable":true,"href":"https:\/\/bigfunhobby.com\/sv\/wp-json\/wp\/v2\/comments?post=8799"}],"wp:featuredmedia":[{"embeddable":true,"href":"https:\/\/bigfunhobby.com\/sv\/wp-json\/wp\/v2\/media\/8798"}],"wp:attachment":[{"href":"https:\/\/bigfunhobby.com\/sv\/wp-json\/wp\/v2\/media?parent=8799"}],"wp:term":[{"taxonomy":"product_brand","embeddable":true,"href":"https:\/\/bigfunhobby.com\/sv\/wp-json\/wp\/v2\/product_brand?post=8799"},{"taxonomy":"product_cat","embeddable":true,"href":"https:\/\/bigfunhobby.com\/sv\/wp-json\/wp\/v2\/product_cat?post=8799"},{"taxonomy":"product_tag","embeddable":true,"href":"https:\/\/bigfunhobby.com\/sv\/wp-json\/wp\/v2\/product_tag?post=8799"}],"curies":[{"name":"wp","href":"https:\/\/api.w.org\/{rel}","templated":true}]}}