{"id":8801,"date":"2025-03-08T17:18:58","date_gmt":"2025-03-08T17:18:58","guid":{"rendered":"https:\/\/bigfunhobby.com\/butikk\/apostol-felipe\/"},"modified":"2026-03-03T12:26:26","modified_gmt":"2026-03-03T10:26:26","slug":"apostol-felipe","status":"publish","type":"product","link":"https:\/\/bigfunhobby.com\/sv\/butikk\/apostol-felipe\/","title":{"rendered":"Ap\u00f3stol Felipe"},"content":{"rendered":"<p>Utforska en av juvelerna inom fartygsmodellering med Ap\u00f3stol Felipe-kitet. Den h\u00e4r skeppsmodellen i tr\u00e4 ger dig m\u00f6jlighet att njuta av fantastiska \u00f6gonblick och \u00e5teruppleva en tid d\u00e5 dessa majest\u00e4tiska fartyg seglade p\u00e5 v\u00e4rldshaven. Reproduktionen av modellen \u00e4r trogen originalet.<\/p>\n<p>Ap\u00f3stol Felipe var en av de sex galeoner som Mart\u00edn de Arana byggde \u00e5t kung Felipe IV. Den ingick i \"Silvergaljonerna\", en typ av galjon som anv\u00e4ndes f\u00f6r att transportera varor och skatter i \"Kappl\u00f6pningen om Indien\". Den f\u00f6rsta resan som medlem av galeonflottan gjordes 1629, d\u00e5 den transporterade skatter till Spanien.<\/p>\n<p>Det var amiralsfartyg i den v\u00e4pnade armadan fram till 1633. Det deltog i kriget i Brasilien f\u00f6r att \u00e5terta Pernambuco och transporterade trupper och pengar till Flandern och deltog i slaget vid Dunas.<\/p>\n<p>V\u00e5r byggsats ger dig alla n\u00f6dv\u00e4ndiga element f\u00f6r att s\u00e4kerst\u00e4lla att din b\u00e5tmodell blir verklighet, ner till minsta t\u00e4nkbara sj\u00f6detalj. Vi hoppas att du kommer att njuta av din k\u00e4rlek till modellering med Galleon Ap\u00f3stol Felipe, en fantastisk tr\u00e4fartygsmodell som kommer att ge dig l\u00e5nga perioder av kreativ fritid.<\/p>\n<ul>\n<li>Kategori: Tredelad modell<\/li>\n<li>Material:: Tr\u00e4 och detaljer av h\u00f6g kvalitet<\/li>\n<li>Historisk bakgrund: Spanskt galjonsfartyg<\/li>\n<\/ul>\n<p>B\u00f6rja din modellresa med Ap\u00f3stol Felipe och upplev gl\u00e4djen i att bygga en detaljerad skeppsmodell i tr\u00e4. Oavsett om du \u00e4r en erfaren modellbyggare eller nyb\u00f6rjare kommer den h\u00e4r satsen att ge dig timmar av kreativt n\u00f6je. V\u00e4nta inte, best\u00e4ll ditt Ap\u00f3stol Felipe-kit nu och b\u00f6rja bygga!<\/p>","protected":false},"excerpt":{"rendered":"<p>Dyk in i modelleringens v\u00e4rld med tr\u00e4fartygsmodellen Ap\u00f3stol Felipe, en detaljerad representation av ett historiskt spanskt galjonsfartyg.<\/p>","protected":false},"featured_media":8800,"comment_status":"open","ping_status":"closed","template":"","meta":[],"product_brand":[95],"product_cat":[67],"product_tag":[],"class_list":{"0":"post-8801","1":"product","2":"type-product","3":"status-publish","4":"has-post-thumbnail","6":"product_brand-occre","7":"product_cat-bater-occre","9":"first","10":"instock","11":"taxable","12":"shipping-taxable","13":"purchasable","14":"product-type-simple"},"_links":{"self":[{"href":"https:\/\/bigfunhobby.com\/sv\/wp-json\/wp\/v2\/product\/8801","targetHints":{"allow":["GET"]}}],"collection":[{"href":"https:\/\/bigfunhobby.com\/sv\/wp-json\/wp\/v2\/product"}],"about":[{"href":"https:\/\/bigfunhobby.com\/sv\/wp-json\/wp\/v2\/types\/product"}],"replies":[{"embeddable":true,"href":"https:\/\/bigfunhobby.com\/sv\/wp-json\/wp\/v2\/comments?post=8801"}],"wp:featuredmedia":[{"embeddable":true,"href":"https:\/\/bigfunhobby.com\/sv\/wp-json\/wp\/v2\/media\/8800"}],"wp:attachment":[{"href":"https:\/\/bigfunhobby.com\/sv\/wp-json\/wp\/v2\/media?parent=8801"}],"wp:term":[{"taxonomy":"product_brand","embeddable":true,"href":"https:\/\/bigfunhobby.com\/sv\/wp-json\/wp\/v2\/product_brand?post=8801"},{"taxonomy":"product_cat","embeddable":true,"href":"https:\/\/bigfunhobby.com\/sv\/wp-json\/wp\/v2\/product_cat?post=8801"},{"taxonomy":"product_tag","embeddable":true,"href":"https:\/\/bigfunhobby.com\/sv\/wp-json\/wp\/v2\/product_tag?post=8801"}],"curies":[{"name":"wp","href":"https:\/\/api.w.org\/{rel}","templated":true}]}}