{"id":8803,"date":"2025-03-08T17:18:59","date_gmt":"2025-03-08T17:18:59","guid":{"rendered":"https:\/\/bigfunhobby.com\/butikk\/san-martin\/"},"modified":"2026-03-03T12:26:26","modified_gmt":"2026-03-03T10:26:26","slug":"san-martin","status":"publish","type":"product","link":"https:\/\/bigfunhobby.com\/sv\/butikk\/san-martin\/","title":{"rendered":"San Mart\u00edn"},"content":{"rendered":"<p>Dykk ned i skipmodelleringens verden og nyt en reise tilbake i tid med v\u00e5rt byggesett San Mart\u00edn. Dette treskipsmodellbyggesettet gir deg muligheten til \u00e5 lage en tro kopi av det majestetiske galleonskipet.<\/p>\n<p>San Mart\u00edn-galleonen ble bygget i Portugal og ble spansk eiendom i 1580. Dette historiske skipet var flaggskipet til den spanske armadaen. Den 22. mars 1588, rullet Alonso P\u00e9rez de Guzman, hertug av Medina-Sidonia og admiral av den spanske armadaen, ut sin fane p\u00e5 galleonens stortopp. Dette skipet var et av f\u00e5 som klarte \u00e5 unnslippe stormene og den engelske fl\u00e5tens kanoner.<\/p>\n<p>Se hvordan du trinn for trinn kan lage en modell som er tro mot det originale skipet ned til minste detalj. Vi inviterer deg til \u00e5 la deg rive med og sette opp omr\u00e5der for kreativ fritid der du kan nyte byggingen av denne fantastiske modellen.<\/p>\n<p><strong>Specifikationer:<\/strong><\/p>\n<ul>\n<li>Lengde: 660 mm<\/li>\n<li>Bredde: 260 mm<\/li>\n<li>H\u00f8yde: 550 mm<\/li>\n<\/ul>\n<p>Enten du er en erfaren modellbygger eller ny p\u00e5 feltet, vil byggesettet San Mart\u00edn bli en givende utfordring og et flott tilskudd til samlingen din. Ikke vent, oppdag gleden ved modellbygging med dette historiske treskipsmodellbyggesettet. Bestill n\u00e5!<\/p>","protected":false},"excerpt":{"rendered":"<p>Utforsk skipmodelleringens verden med byggesettet San Mart\u00edn, en n\u00f8yaktig skalamodell av det historiske galleon som var flaggskipet til den spanske armadaen.<\/p>","protected":false},"featured_media":8802,"comment_status":"open","ping_status":"closed","template":"","meta":[],"product_brand":[95],"product_cat":[67],"product_tag":[],"class_list":{"0":"post-8803","1":"product","2":"type-product","3":"status-publish","4":"has-post-thumbnail","6":"product_brand-occre","7":"product_cat-bater-occre","9":"first","10":"instock","11":"taxable","12":"shipping-taxable","13":"purchasable","14":"product-type-simple"},"_links":{"self":[{"href":"https:\/\/bigfunhobby.com\/sv\/wp-json\/wp\/v2\/product\/8803","targetHints":{"allow":["GET"]}}],"collection":[{"href":"https:\/\/bigfunhobby.com\/sv\/wp-json\/wp\/v2\/product"}],"about":[{"href":"https:\/\/bigfunhobby.com\/sv\/wp-json\/wp\/v2\/types\/product"}],"replies":[{"embeddable":true,"href":"https:\/\/bigfunhobby.com\/sv\/wp-json\/wp\/v2\/comments?post=8803"}],"wp:featuredmedia":[{"embeddable":true,"href":"https:\/\/bigfunhobby.com\/sv\/wp-json\/wp\/v2\/media\/8802"}],"wp:attachment":[{"href":"https:\/\/bigfunhobby.com\/sv\/wp-json\/wp\/v2\/media?parent=8803"}],"wp:term":[{"taxonomy":"product_brand","embeddable":true,"href":"https:\/\/bigfunhobby.com\/sv\/wp-json\/wp\/v2\/product_brand?post=8803"},{"taxonomy":"product_cat","embeddable":true,"href":"https:\/\/bigfunhobby.com\/sv\/wp-json\/wp\/v2\/product_cat?post=8803"},{"taxonomy":"product_tag","embeddable":true,"href":"https:\/\/bigfunhobby.com\/sv\/wp-json\/wp\/v2\/product_tag?post=8803"}],"curies":[{"name":"wp","href":"https:\/\/api.w.org\/{rel}","templated":true}]}}