{"id":8807,"date":"2025-03-08T17:19:02","date_gmt":"2025-03-08T17:19:02","guid":{"rendered":"https:\/\/bigfunhobby.com\/butikk\/montanes\/"},"modified":"2026-03-03T12:26:26","modified_gmt":"2026-03-03T10:26:26","slug":"montanes","status":"publish","type":"product","link":"https:\/\/bigfunhobby.com\/sv\/butikk\/montanes\/","title":{"rendered":"Monta\u00f1\u00e9s"},"content":{"rendered":"<p>Oppdag Monta\u00f1\u00e9s, en fantastisk <strong>byggesett i tre<\/strong>, som lar deg gjenoppleve tiden da disse majestetiske <strong>skipene<\/strong> seilte p\u00e5 havene. Byggesettet er en trofast reproduksjon av originalen, og gir deg muligheten til \u00e5 dykke dypt inn i <strong>modellbygge<\/strong> og h\u00e5ndverk.<\/p>\n<p>Monta\u00f1\u00e9s representerer det ypperste innenfor spansk skipsarkitektur p\u00e5 slutten av 1700-tallet. Dette skipet var likeverdig med skip fra alle verdens mariner. Figuren p\u00e5 skipet er ikke en kongelig l\u00f8ve, men en &#8216;Monta\u00f1\u00e9s&#8217; (fjellmann), som en takknemlighet for den \u00f8konomiske st\u00f8tten til byggingen av skipet fra fjellfolkene.<\/p>\n<p>Skipet ble sj\u00f8satt i Ferrol 14. mai 1794, og var engasjert i flere slag, inkludert Trafalgar, hvor hun monterte 76 kanoner og 4 carronades med morterer, plassert p\u00e5 hennes akterdekk. P\u00e5 en stormfull dag, 6. mars 1810, sank hun i Biscayabukta.<\/p>\n<p>V\u00e5rt <strong>modell med tre skepp<\/strong> byggesett inneholder alle n\u00f8dvendige elementer for \u00e5 sikre realiteten i ditt <strong>modellskip<\/strong>, helt ned til den minste tenkelige <strong>navaldetalj<\/strong>. Med Monta\u00f1\u00e9s kan du oppleve lange perioder med kreativ fritid, perfekt for b\u00e5de nybegynnere og erfarne innen <strong>modellbygge<\/strong>.<\/p>\n<p><strong>Specifikationer:<\/strong><\/p>\n<ul>\n<li>Byggsatser av tr\u00e4<\/li>\n<li>Historisk korrekt reproduksjon<\/li>\n<li>Inkluderer alle n\u00f8dvendige komponenter for bygging<\/li>\n<li>L\u00e4mplig f\u00f6r b\u00e5de nyb\u00f6rjare och erfarna modellbyggare<\/li>\n<\/ul>\n<p>Unn deg selv gleden av modellbygging, dykk ned i historien og skap ditt eget mesterverk. Utforsk v\u00e5rt utvalg av <strong>byggesett for voksne<\/strong> og bestill Monta\u00f1\u00e9s i dag.<\/p>","protected":false},"excerpt":{"rendered":"<p>Gj\u00f8r deg kjent med det ypperste av skipmodellbygging med Monta\u00f1\u00e9s, en trofast reproduksjon av et majestetisk spansk skip fra 1700-tallet.<\/p>","protected":false},"featured_media":8806,"comment_status":"open","ping_status":"closed","template":"","meta":[],"product_brand":[95],"product_cat":[67],"product_tag":[],"class_list":{"0":"post-8807","1":"product","2":"type-product","3":"status-publish","4":"has-post-thumbnail","6":"product_brand-occre","7":"product_cat-bater-occre","9":"first","10":"instock","11":"taxable","12":"shipping-taxable","13":"purchasable","14":"product-type-simple"},"_links":{"self":[{"href":"https:\/\/bigfunhobby.com\/sv\/wp-json\/wp\/v2\/product\/8807","targetHints":{"allow":["GET"]}}],"collection":[{"href":"https:\/\/bigfunhobby.com\/sv\/wp-json\/wp\/v2\/product"}],"about":[{"href":"https:\/\/bigfunhobby.com\/sv\/wp-json\/wp\/v2\/types\/product"}],"replies":[{"embeddable":true,"href":"https:\/\/bigfunhobby.com\/sv\/wp-json\/wp\/v2\/comments?post=8807"}],"wp:featuredmedia":[{"embeddable":true,"href":"https:\/\/bigfunhobby.com\/sv\/wp-json\/wp\/v2\/media\/8806"}],"wp:attachment":[{"href":"https:\/\/bigfunhobby.com\/sv\/wp-json\/wp\/v2\/media?parent=8807"}],"wp:term":[{"taxonomy":"product_brand","embeddable":true,"href":"https:\/\/bigfunhobby.com\/sv\/wp-json\/wp\/v2\/product_brand?post=8807"},{"taxonomy":"product_cat","embeddable":true,"href":"https:\/\/bigfunhobby.com\/sv\/wp-json\/wp\/v2\/product_cat?post=8807"},{"taxonomy":"product_tag","embeddable":true,"href":"https:\/\/bigfunhobby.com\/sv\/wp-json\/wp\/v2\/product_tag?post=8807"}],"curies":[{"name":"wp","href":"https:\/\/api.w.org\/{rel}","templated":true}]}}