{"id":8811,"date":"2025-03-08T17:19:04","date_gmt":"2025-03-08T17:19:04","guid":{"rendered":"https:\/\/bigfunhobby.com\/butikk\/sma-trinidad-sect\/"},"modified":"2026-03-03T12:26:26","modified_gmt":"2026-03-03T10:26:26","slug":"sma-trinidad-sekt","status":"publish","type":"product","link":"https:\/\/bigfunhobby.com\/sv\/butikk\/sma-trinidad-sect\/","title":{"rendered":"Sma. Trinidad sect."},"content":{"rendered":"<p>Ta en resa tillbaka till sj\u00f6fartens glansdagar med v\u00e5r modellbyggsats f\u00f6r tr\u00e4fartyg Sma. Trinidad-sekten. Denna byggsats ger dig en unik m\u00f6jlighet att rekonstruera en detaljerad tv\u00e4rsnittsmodell av huvudmasten p\u00e5 det m\u00e4ktiga krigsfartyget Sant\u00edsima Trinidad.<\/p>\n<p>Sant\u00edsima Trinidad byggdes i Havanna och sj\u00f6sattes den 2 mars 1769. Det var 1700-talets st\u00f6rsta \u00f6rlogsfartyg och utrustat med 130 kanoner. Efter att ha deltagit i flera sj\u00f6slag i slutet av 1700-talet och b\u00f6rjan av 1800-talet var det senast i aktiv tj\u00e4nst vid slaget vid Trafalgar. H\u00e4r f\u00f6rst\u00f6rdes det av den engelska flottan under bef\u00e4l av konteramiral Cisneros.<\/p>\n<p>Med v\u00e5r byggsats kan du steg f\u00f6r steg \u00e5terskapa en modell som \u00e4r trogen originalskeppet in i minsta detalj. L\u00e5t dig ryckas med och skapa ett utrymme f\u00f6r kreativ fritid d\u00e4r du kan njuta av denna fantastiska modell av ett tr\u00e4skepp.<\/p>\n<ul>\n<li>Produktkategori: Byggsats f\u00f6r fartygsmodell i tr\u00e4<\/li>\n<li>Modell: Tv\u00e4rsnitt av huvudmasten p\u00e5 Sant\u00edsima Trinidad<\/li>\n<li>Historiskt korrekt och detaljerad<\/li>\n<li>Perfekt f\u00f6r modell- och historieintresserade<\/li>\n<\/ul>\n<p>Oavsett om du \u00e4r en erfaren modellbyggare eller en nyb\u00f6rjare som vill ta steget in i denna fascinerande hobby, \u00e4r Sma. Trinidad sect. \u00e4r det perfekta valet. V\u00e4nta inte, best\u00e4ll din byggsats idag och b\u00f6rja din resa tillbaka till 1700-talets sj\u00f6fart!<\/p>","protected":false},"excerpt":{"rendered":"<p>Dyk in i fartygsmodelleringens v\u00e4rld med Sma. Trinidad sect, en detaljerad tv\u00e4rsnittsmodell av huvudmasten p\u00e5 \u00f6rlogsfartyget Sant\u00edsima Trinidad. Perfekt f\u00f6r erfarna entusiaster och nyb\u00f6rjare som letar efter ett utmanande projekt.<\/p>","protected":false},"featured_media":8810,"comment_status":"open","ping_status":"closed","template":"","meta":[],"product_brand":[95],"product_cat":[67],"product_tag":[],"class_list":{"0":"post-8811","1":"product","2":"type-product","3":"status-publish","4":"has-post-thumbnail","6":"product_brand-occre","7":"product_cat-bater-occre","9":"first","10":"instock","11":"taxable","12":"shipping-taxable","13":"purchasable","14":"product-type-simple"},"_links":{"self":[{"href":"https:\/\/bigfunhobby.com\/sv\/wp-json\/wp\/v2\/product\/8811","targetHints":{"allow":["GET"]}}],"collection":[{"href":"https:\/\/bigfunhobby.com\/sv\/wp-json\/wp\/v2\/product"}],"about":[{"href":"https:\/\/bigfunhobby.com\/sv\/wp-json\/wp\/v2\/types\/product"}],"replies":[{"embeddable":true,"href":"https:\/\/bigfunhobby.com\/sv\/wp-json\/wp\/v2\/comments?post=8811"}],"wp:featuredmedia":[{"embeddable":true,"href":"https:\/\/bigfunhobby.com\/sv\/wp-json\/wp\/v2\/media\/8810"}],"wp:attachment":[{"href":"https:\/\/bigfunhobby.com\/sv\/wp-json\/wp\/v2\/media?parent=8811"}],"wp:term":[{"taxonomy":"product_brand","embeddable":true,"href":"https:\/\/bigfunhobby.com\/sv\/wp-json\/wp\/v2\/product_brand?post=8811"},{"taxonomy":"product_cat","embeddable":true,"href":"https:\/\/bigfunhobby.com\/sv\/wp-json\/wp\/v2\/product_cat?post=8811"},{"taxonomy":"product_tag","embeddable":true,"href":"https:\/\/bigfunhobby.com\/sv\/wp-json\/wp\/v2\/product_tag?post=8811"}],"curies":[{"name":"wp","href":"https:\/\/api.w.org\/{rel}","templated":true}]}}