{"id":8815,"date":"2025-03-08T17:19:07","date_gmt":"2025-03-08T17:19:07","guid":{"rendered":"https:\/\/bigfunhobby.com\/butikk\/albatros\/"},"modified":"2026-03-03T12:26:26","modified_gmt":"2026-03-03T10:26:26","slug":"albatross","status":"publish","type":"product","link":"https:\/\/bigfunhobby.com\/sv\/butikk\/albatros\/","title":{"rendered":"Albatross"},"content":{"rendered":"<p>Dyk in i en v\u00e4rld av <strong>modellbygge<\/strong> med v\u00e5r byggsats Albatross. Denna byggsats tar dig med p\u00e5 en resa tillbaka till tiden f\u00f6r dessa underbara <strong>tr\u00e4fartyg<\/strong> och ger dig m\u00f6jlighet att bygga en detaljerad och trogen kopia av originalet <strong>fartyget<\/strong>.<\/p>\n<p><strong>Skonarna<\/strong>, som Albatros-modellen representerar, anv\u00e4ndes f\u00f6r olika \u00e4ndam\u00e5l, inklusive kustbevakning och kontroll av smuggling l\u00e4ngs kusten, samt f\u00f6r att utf\u00f6ra funktionerna hos ett litet krigsfartyg.<\/p>\n<p>Med detta kit kan du se hur du steg f\u00f6r steg kan replikera en <strong>modell<\/strong> in i minsta detalj och trogen originalet <strong>fartyget<\/strong>. Vi inbjuder dig att l\u00e5ta dig ryckas med och skapa ett utrymme f\u00f6r kreativ fritid d\u00e4r du kan njuta av denna underbara <strong>modellen med tre fartyg<\/strong>.<\/p>\n<p>Albatros byggsatser \u00e4r idealiska f\u00f6r nyb\u00f6rjare i v\u00e4rlden av <strong>modellbygge<\/strong>. De detaljerade instruktionerna g\u00f6r det l\u00e4tt att f\u00f6lja, oavsett om du \u00e4r en erfaren modellbyggare eller provar f\u00f6r f\u00f6rsta g\u00e5ngen.<\/p>\n<p><strong>Specifikationer:<\/strong><\/p>\n<ul>\n<li>L\u00e4ngd: 570 mm<\/li>\n<li>Bredd: 210 mm<\/li>\n<li>H\u00f6jd: 410 mm<\/li>\n<\/ul>\n<p>V\u00e4nta inte, b\u00f6rja din modellresa idag med Albatros-kitet. Perfekt f\u00f6r att l\u00e4ra sig, skapa och ha roligt. <strong>K\u00f6p h\u00e4r<\/strong> och l\u00e5t byggupplevelsen b\u00f6rja!<\/p>","protected":false},"excerpt":{"rendered":"<p>Albatros-kitet \u00e4r en detaljerad fartygsmodell i tr\u00e4, perfekt f\u00f6r b\u00e5de nyb\u00f6rjare och erfarna inom modellv\u00e4rlden.<\/p>","protected":false},"featured_media":8814,"comment_status":"open","ping_status":"closed","template":"","meta":[],"product_brand":[95],"product_cat":[67],"product_tag":[],"class_list":{"0":"post-8815","1":"product","2":"type-product","3":"status-publish","4":"has-post-thumbnail","6":"product_brand-occre","7":"product_cat-bater-occre","9":"first","10":"instock","11":"taxable","12":"shipping-taxable","13":"purchasable","14":"product-type-simple"},"_links":{"self":[{"href":"https:\/\/bigfunhobby.com\/sv\/wp-json\/wp\/v2\/product\/8815","targetHints":{"allow":["GET"]}}],"collection":[{"href":"https:\/\/bigfunhobby.com\/sv\/wp-json\/wp\/v2\/product"}],"about":[{"href":"https:\/\/bigfunhobby.com\/sv\/wp-json\/wp\/v2\/types\/product"}],"replies":[{"embeddable":true,"href":"https:\/\/bigfunhobby.com\/sv\/wp-json\/wp\/v2\/comments?post=8815"}],"wp:featuredmedia":[{"embeddable":true,"href":"https:\/\/bigfunhobby.com\/sv\/wp-json\/wp\/v2\/media\/8814"}],"wp:attachment":[{"href":"https:\/\/bigfunhobby.com\/sv\/wp-json\/wp\/v2\/media?parent=8815"}],"wp:term":[{"taxonomy":"product_brand","embeddable":true,"href":"https:\/\/bigfunhobby.com\/sv\/wp-json\/wp\/v2\/product_brand?post=8815"},{"taxonomy":"product_cat","embeddable":true,"href":"https:\/\/bigfunhobby.com\/sv\/wp-json\/wp\/v2\/product_cat?post=8815"},{"taxonomy":"product_tag","embeddable":true,"href":"https:\/\/bigfunhobby.com\/sv\/wp-json\/wp\/v2\/product_tag?post=8815"}],"curies":[{"name":"wp","href":"https:\/\/api.w.org\/{rel}","templated":true}]}}