{"id":8819,"date":"2025-03-08T17:19:09","date_gmt":"2025-03-08T17:19:09","guid":{"rendered":"https:\/\/bigfunhobby.com\/butikk\/12000-palamos-145\/"},"modified":"2026-04-13T23:05:44","modified_gmt":"2026-04-13T21:05:44","slug":"12000-palamos-145","status":"publish","type":"product","link":"https:\/\/bigfunhobby.com\/sv\/butikk\/12000-palamos-145\/","title":{"rendered":"12000 - Palam\u00f3s 1:45"},"content":{"rendered":"<p>Dyk in i modellv\u00e4rlden med v\u00e5r tr\u00e4fartygsmodell Palam\u00f3s 1:45. Modellen tar dig tillbaka till en tid d\u00e5 s\u00e5dana majest\u00e4tiska fartyg var en vanlig syn p\u00e5 Medelhavskusten.<\/p>\n<p>Palam\u00f3s \u00e4r en b\u00e5t som \u00e4r konstruerad f\u00f6r kustn\u00e4ra fiske, med ett m\u00e5ngsidigt skrov som passar perfekt till Medelhavskustens konturer och f\u00f6rh\u00e5llanden. Det \u00e4r en typ av fartyg som \u00e4r vanligt f\u00f6rekommande l\u00e4ngs Spaniens kuster.<\/p>\n<p>Detta \u00e4r en traditionell handgjord b\u00e5t, som de som regelbundet produceras av m\u00e5nga av b\u00e5tvarven l\u00e4ngs den spanska kusten. Med denna byggsats kan du steg f\u00f6r steg efterlikna en modell in i minsta detalj och troget originalfartyget.<\/p>\n<p>Denna modell av ett tr\u00e4fartyg \u00e4r perfekt f\u00f6r dig som \u00e4r nyb\u00f6rjare inom modellbygge, men kommer ocks\u00e5 att bli ett sp\u00e4nnande projekt f\u00f6r mer erfarna entusiaster. Vi inbjuder dig att l\u00e5ta dig ryckas med och skapa kreativa omr\u00e5den f\u00f6r fritid d\u00e4r du kan njuta av denna fantastiska tr\u00e4fartygsmodell.<\/p>\n<p><strong>Specifikationer:<\/strong><\/p>\n<ul>\n<li>Skala: 1:45<\/li>\n<li>L\u00e4ngd: 410 mm<\/li>\n<li>Bredd: 120 mm<\/li>\n<li>H\u00f6jd: 275 mm<\/li>\n<li>Sv\u00e5righetsgrad: nyb\u00f6rjare<\/li>\n<\/ul>\n<p>Med denna modellsats f\u00f6r tr\u00e4fartyg kan du utforska en ny hobby, f\u00f6rb\u00e4ttra dina tekniska f\u00e4rdigheter och skapa ett vackert m\u00e4sterverk som du kan vara stolt \u00f6ver. Om du \u00e4r redo f\u00f6r en rolig och tillfredsst\u00e4llande utmaning, best\u00e4ll Palam\u00f3s 1:45 tr\u00e4fartygsmodell idag!<\/p>","protected":false},"excerpt":{"rendered":"<p>Uppt\u00e4ck gl\u00e4djen med att bygga modeller med Palam\u00f3s 1:45 tr\u00e4fartygsmodell. En detaljerad byggsats perfekt f\u00f6r nyb\u00f6rjare, inspirerad av traditionella spanska fiskeb\u00e5tar.<\/p>","protected":false},"featured_media":8818,"comment_status":"open","ping_status":"closed","template":"","meta":[],"product_brand":[95],"product_cat":[67],"product_tag":[],"class_list":{"0":"post-8819","1":"product","2":"type-product","3":"status-publish","4":"has-post-thumbnail","6":"product_brand-occre","7":"product_cat-bater-occre","9":"first","10":"instock","11":"taxable","12":"shipping-taxable","13":"purchasable","14":"product-type-simple"},"_links":{"self":[{"href":"https:\/\/bigfunhobby.com\/sv\/wp-json\/wp\/v2\/product\/8819","targetHints":{"allow":["GET"]}}],"collection":[{"href":"https:\/\/bigfunhobby.com\/sv\/wp-json\/wp\/v2\/product"}],"about":[{"href":"https:\/\/bigfunhobby.com\/sv\/wp-json\/wp\/v2\/types\/product"}],"replies":[{"embeddable":true,"href":"https:\/\/bigfunhobby.com\/sv\/wp-json\/wp\/v2\/comments?post=8819"}],"wp:featuredmedia":[{"embeddable":true,"href":"https:\/\/bigfunhobby.com\/sv\/wp-json\/wp\/v2\/media\/8818"}],"wp:attachment":[{"href":"https:\/\/bigfunhobby.com\/sv\/wp-json\/wp\/v2\/media?parent=8819"}],"wp:term":[{"taxonomy":"product_brand","embeddable":true,"href":"https:\/\/bigfunhobby.com\/sv\/wp-json\/wp\/v2\/product_brand?post=8819"},{"taxonomy":"product_cat","embeddable":true,"href":"https:\/\/bigfunhobby.com\/sv\/wp-json\/wp\/v2\/product_cat?post=8819"},{"taxonomy":"product_tag","embeddable":true,"href":"https:\/\/bigfunhobby.com\/sv\/wp-json\/wp\/v2\/product_tag?post=8819"}],"curies":[{"name":"wp","href":"https:\/\/api.w.org\/{rel}","templated":true}]}}