{"id":8823,"date":"2025-03-08T17:19:12","date_gmt":"2025-03-08T17:19:12","guid":{"rendered":"https:\/\/bigfunhobby.com\/butikk\/14001-diana\/"},"modified":"2026-03-03T12:26:27","modified_gmt":"2026-03-03T10:26:27","slug":"14001-diana","status":"publish","type":"product","link":"https:\/\/bigfunhobby.com\/sv\/butikk\/14001-diana\/","title":{"rendered":"14001 - Diana"},"content":{"rendered":"<p>Utforsk den fascinerende verden av skipsmodellering med v\u00e5rt byggesett Diana. Dette treskipsmodell settet tar deg tilbake til en tid hvor storsl\u00e5tte seilskuter hersket over havene.<\/p>\n<p>Fregatten <strong>Diana<\/strong> ble sj\u00f8satt den 10. mars 1792 og var en del av den kjente serien av fregatter kjent som &#8216;Mahonesas&#8217;, ettersom de ble bygget i byen Mah\u00f3n. Med sitt unike design kunne Diana seile raskere enn sine forgjengere og deltok i en rekke viktige kamper og oppdrag.<\/p>\n<p>I dette byggesettet kan du gjenskape <strong>Diana<\/strong> ned til minste detalj, tro mot det opprinnelige skipet. Byggesettet er en perfekt innf\u00f8ring til modellbygging, men vil ogs\u00e5 imponere erfarne modellbyggere med sin detaljrikdom.<\/p>\n<ul>\n<li>Typ: Tredelad modell<\/li>\n<li>Serie: Mahonesas<\/li>\n<li>Historisk periode: Slutten av 1700-tallet<\/li>\n<\/ul>\n<p>Dette byggesettet er en fantastisk m\u00e5te \u00e5 kombinere historie, h\u00e5ndverk og kreativitet. Enten du er en erfaren modellbygger eller en entusiast som \u00f8nsker \u00e5 utforske en ny hobby, vil dette treskipsmodell settet gi deg timer med engasjerende og givende arbeid.<\/p>\n<p>Ikke vent, ta skrittet inn i modellbyggingens verden. <strong>Bestill Diana byggesettet n\u00e5<\/strong> og begynn din reise tilbake til seilskutenes storhetstid.<\/p>","protected":false},"excerpt":{"rendered":"<p>Dykk ned i verden av skipsmodellering med det detaljrike byggesettet Diana, en perfekt replika av en historisk fregatt. Oppdag modellbyggingens gleder, enten du er nybegynner eller erfaren entusiast.<\/p>","protected":false},"featured_media":8822,"comment_status":"open","ping_status":"closed","template":"","meta":[],"product_brand":[95],"product_cat":[67],"product_tag":[],"class_list":{"0":"post-8823","1":"product","2":"type-product","3":"status-publish","4":"has-post-thumbnail","6":"product_brand-occre","7":"product_cat-bater-occre","9":"first","10":"instock","11":"taxable","12":"shipping-taxable","13":"purchasable","14":"product-type-simple"},"_links":{"self":[{"href":"https:\/\/bigfunhobby.com\/sv\/wp-json\/wp\/v2\/product\/8823","targetHints":{"allow":["GET"]}}],"collection":[{"href":"https:\/\/bigfunhobby.com\/sv\/wp-json\/wp\/v2\/product"}],"about":[{"href":"https:\/\/bigfunhobby.com\/sv\/wp-json\/wp\/v2\/types\/product"}],"replies":[{"embeddable":true,"href":"https:\/\/bigfunhobby.com\/sv\/wp-json\/wp\/v2\/comments?post=8823"}],"wp:featuredmedia":[{"embeddable":true,"href":"https:\/\/bigfunhobby.com\/sv\/wp-json\/wp\/v2\/media\/8822"}],"wp:attachment":[{"href":"https:\/\/bigfunhobby.com\/sv\/wp-json\/wp\/v2\/media?parent=8823"}],"wp:term":[{"taxonomy":"product_brand","embeddable":true,"href":"https:\/\/bigfunhobby.com\/sv\/wp-json\/wp\/v2\/product_brand?post=8823"},{"taxonomy":"product_cat","embeddable":true,"href":"https:\/\/bigfunhobby.com\/sv\/wp-json\/wp\/v2\/product_cat?post=8823"},{"taxonomy":"product_tag","embeddable":true,"href":"https:\/\/bigfunhobby.com\/sv\/wp-json\/wp\/v2\/product_tag?post=8823"}],"curies":[{"name":"wp","href":"https:\/\/api.w.org\/{rel}","templated":true}]}}