{"id":8827,"date":"2025-03-08T17:19:12","date_gmt":"2025-03-08T17:19:12","guid":{"rendered":"https:\/\/bigfunhobby.com\/butikk\/gauge-ho-article-no-47438-schenker-sweden-deep-well-flat-car\/"},"modified":"2026-01-15T09:52:39","modified_gmt":"2026-01-15T07:52:39","slug":"sparvidd-ho-artikelnr-47438-schenker-sweden-djupbrunnsvagn","status":"publish","type":"product","link":"https:\/\/bigfunhobby.com\/sv\/butikk\/gauge-ho-article-no-47438-schenker-sweden-deep-well-flat-car\/","title":{"rendered":"Sp\u00e5rvidd HO- Art.nr 47438 Schenker Sweden Deep-Well Flat Car"},"content":{"rendered":"<p>Bekanta dig med Gauge HO art.nr 47438 Schenker Sweden Deep-Well Flat Car, en minuti\u00f6st detaljerad modellj\u00e4rnv\u00e4gsvagn som ger en autentisk k\u00e4nsla av en riktig j\u00e4rnv\u00e4g. Denna modell \u00e4r idealisk f\u00f6r dem som uppskattar noggrannhet och detaljer i sin modellj\u00e4rnv\u00e4g.<\/p>\n<p><strong>Specifikationer:<\/strong><br \/>Detta \u00e4r en modell av AAE Cargo, Inc. typ Sdgms deep-well flat car, en vagn avsedd f\u00f6r transport av containrar, lastbilsv\u00e4xelcontainrar eller semiriggar. Vagnen \u00e4r lastad med en semirigg f\u00f6r Schenker Sverige. Modellen f\u00f6rest\u00e4ller vagnen och semi-riggen som de s\u00e5g ut runt \u00e5r 2000.<\/p>\n<p><strong>Material:<\/strong><br \/>Vagnens ram, golv och lastutrymme \u00e4r tillverkade av metall. Vagnen har m\u00e5nga separat applicerade detaljer och de speciella j\u00e4rnv\u00e4gsvagnsd\u00e4cken har en l\u00e5g design. Vagnen har rektangul\u00e4ra buffertar och justerbara lastbegr\u00e4nsningar.<\/p>\n<p><strong>Historia:<\/strong><br \/>Denna modell ger en fascinerande inblick i transportbranschen vid millennieskiftet, med en autentisk reproduktion av Schenker Swedens semi-rigg. Med den h\u00e4r modellen kan du l\u00e4gga till en bit industrihistoria till din modellj\u00e4rnv\u00e4g.<\/p>\n<p>Ta din modellj\u00e4rnv\u00e4g till n\u00e4sta niv\u00e5 med Gauge HO art.nr. 47438 Schenker Sweden Deep-Well Flat Car. Oavsett om du \u00e4r en erfaren modellbyggare eller precis har b\u00f6rjat, kommer den h\u00e4r vagnen att bli ett realistiskt och detaljerat tillskott till din samling. <strong>K\u00f6p h\u00e4r<\/strong> f\u00f6r att p\u00e5b\u00f6rja din resa in i modellj\u00e4rnv\u00e4garnas v\u00e4rld.<\/p>","protected":false},"excerpt":{"rendered":"<p>Upplev realistisk modellj\u00e4rnv\u00e4g med Gauge HO art.nr. 47438 Schenker Sweden Deep-Well Flat Car, perfekt f\u00f6r transport av containrar eller semi-riggar.<\/p>","protected":false},"featured_media":8826,"comment_status":"open","ping_status":"closed","template":"","meta":[],"product_brand":[107],"product_cat":[72],"product_tag":[],"class_list":{"0":"post-8827","1":"product","2":"type-product","3":"status-publish","4":"has-post-thumbnail","6":"product_brand-marklin","7":"product_cat-marklin-h0-originalen","9":"first","10":"outofstock","11":"taxable","12":"shipping-taxable","13":"purchasable","14":"product-type-simple"},"_links":{"self":[{"href":"https:\/\/bigfunhobby.com\/sv\/wp-json\/wp\/v2\/product\/8827","targetHints":{"allow":["GET"]}}],"collection":[{"href":"https:\/\/bigfunhobby.com\/sv\/wp-json\/wp\/v2\/product"}],"about":[{"href":"https:\/\/bigfunhobby.com\/sv\/wp-json\/wp\/v2\/types\/product"}],"replies":[{"embeddable":true,"href":"https:\/\/bigfunhobby.com\/sv\/wp-json\/wp\/v2\/comments?post=8827"}],"wp:featuredmedia":[{"embeddable":true,"href":"https:\/\/bigfunhobby.com\/sv\/wp-json\/wp\/v2\/media\/8826"}],"wp:attachment":[{"href":"https:\/\/bigfunhobby.com\/sv\/wp-json\/wp\/v2\/media?parent=8827"}],"wp:term":[{"taxonomy":"product_brand","embeddable":true,"href":"https:\/\/bigfunhobby.com\/sv\/wp-json\/wp\/v2\/product_brand?post=8827"},{"taxonomy":"product_cat","embeddable":true,"href":"https:\/\/bigfunhobby.com\/sv\/wp-json\/wp\/v2\/product_cat?post=8827"},{"taxonomy":"product_tag","embeddable":true,"href":"https:\/\/bigfunhobby.com\/sv\/wp-json\/wp\/v2\/product_tag?post=8827"}],"curies":[{"name":"wp","href":"https:\/\/api.w.org\/{rel}","templated":true}]}}