{"id":8853,"date":"2025-03-08T17:19:18","date_gmt":"2025-03-08T17:19:18","guid":{"rendered":"https:\/\/bigfunhobby.com\/butikk\/gauge-ho-article-no-76495-color-light-home-signal-with-a-color-light-distant-signal\/"},"modified":"2025-12-04T11:01:05","modified_gmt":"2025-12-04T09:01:05","slug":"matare-ho-artikel-nr-76495-fargljus-hem-signal-med-ett-fargljus-fjarr-signal","status":"publish","type":"product","link":"https:\/\/bigfunhobby.com\/sv\/butikk\/gauge-ho-article-no-76495-color-light-home-signal-with-a-color-light-distant-signal\/","title":{"rendered":"Sp\u00e5rvidd HO- Art.nr 76495 F\u00e4rgljus hemsignal med f\u00e4rgljus fj\u00e4rrsignal"},"content":{"rendered":"<p>Den h\u00e4r ljusa hemsignalen i skala HO med f\u00e4rgsignal f\u00f6r fj\u00e4rrsignal (art.nr. 76495) \u00e4r en h\u00f6gkvalitativ byggsats f\u00f6r modellj\u00e4rnv\u00e4gsentusiaster. Den h\u00e4r signalen \u00e4r inspirerad av den tyska Federal Railway Standard-designen och ger en autentisk k\u00e4nsla till ditt modellj\u00e4rnv\u00e4gsprojekt.<\/p>\n<p><strong>Modellspecifikationer:<\/strong><\/p>\n<p>Signalen \u00e4r utrustad med tv\u00e5 integrerade elektroniska signalkretsar och en separat signalavkodare. Fj\u00e4rrsignalen kan anv\u00e4ndas f\u00f6r alla hemsignaler. Alla funktioner kan styras digitalt med den medf\u00f6ljande signaldekodern eller p\u00e5 konventionellt s\u00e4tt med en 72760-kontrollbox. Signaldekodern kan installeras under C-sp\u00e5r eller under banan. H\u00f6jden utan bas \u00e4r 78,0 mm.<\/p>\n<p><strong>Funktioner:<\/strong><\/p>\n<ul>\n<li>2 signaler p\u00e5 en mast utan ytterligare anslutningar.<\/li>\n<li>Blockeringssignal f\u00f6r anv\u00e4ndning p\u00e5 huvudlinjer.<\/li>\n<li>Fj\u00e4rrsignal f\u00f6r anv\u00e4ndning f\u00f6re en blockeringssignal eller en insignal.<\/li>\n<\/ul>\n<p>Det h\u00e4r \u00e4r ett perfekt tillbeh\u00f6r f\u00f6r alla modellj\u00e4rnv\u00e4gar, som ger b\u00e5de djup och realism till din layout. Oavsett om du \u00e4r en erfaren modellbyggare eller nyb\u00f6rjare inom hobbyn kommer denna signal att ge din modellj\u00e4rnv\u00e4g en extra dimension.<\/p>\n<p>Ge din modellj\u00e4rnv\u00e4g en professionell touch med denna ljusa hemsignal i HO-skala med f\u00e4rgfj\u00e4rrsignal. <strong>Boka nu<\/strong> f\u00f6r att ta din modellj\u00e4rnv\u00e4g till n\u00e4sta niv\u00e5.<\/p>","protected":false},"excerpt":{"rendered":"<p>Ljushemssignal i HO-skala med f\u00e4rgsignal f\u00f6r fj\u00e4rrsignalering, idealisk f\u00f6r realistiskt modellj\u00e4rnv\u00e4gsbygge. Komplex funktionalitet med integrerade elektroniska signalkretsar och separat signaldekoder.<\/p>","protected":false},"featured_media":8852,"comment_status":"open","ping_status":"closed","template":"","meta":[],"product_brand":[107],"product_cat":[72],"product_tag":[],"class_list":{"0":"post-8853","1":"product","2":"type-product","3":"status-publish","4":"has-post-thumbnail","6":"product_brand-marklin","7":"product_cat-marklin-h0-originalen","9":"first","10":"instock","11":"taxable","12":"shipping-taxable","13":"purchasable","14":"product-type-simple"},"_links":{"self":[{"href":"https:\/\/bigfunhobby.com\/sv\/wp-json\/wp\/v2\/product\/8853","targetHints":{"allow":["GET"]}}],"collection":[{"href":"https:\/\/bigfunhobby.com\/sv\/wp-json\/wp\/v2\/product"}],"about":[{"href":"https:\/\/bigfunhobby.com\/sv\/wp-json\/wp\/v2\/types\/product"}],"replies":[{"embeddable":true,"href":"https:\/\/bigfunhobby.com\/sv\/wp-json\/wp\/v2\/comments?post=8853"}],"wp:featuredmedia":[{"embeddable":true,"href":"https:\/\/bigfunhobby.com\/sv\/wp-json\/wp\/v2\/media\/8852"}],"wp:attachment":[{"href":"https:\/\/bigfunhobby.com\/sv\/wp-json\/wp\/v2\/media?parent=8853"}],"wp:term":[{"taxonomy":"product_brand","embeddable":true,"href":"https:\/\/bigfunhobby.com\/sv\/wp-json\/wp\/v2\/product_brand?post=8853"},{"taxonomy":"product_cat","embeddable":true,"href":"https:\/\/bigfunhobby.com\/sv\/wp-json\/wp\/v2\/product_cat?post=8853"},{"taxonomy":"product_tag","embeddable":true,"href":"https:\/\/bigfunhobby.com\/sv\/wp-json\/wp\/v2\/product_tag?post=8853"}],"curies":[{"name":"wp","href":"https:\/\/api.w.org\/{rel}","templated":true}]}}