{"id":8855,"date":"2025-03-08T17:19:18","date_gmt":"2025-03-08T17:19:18","guid":{"rendered":"https:\/\/bigfunhobby.com\/butikk\/gauge-ho-article-no-76497\/"},"modified":"2025-12-04T11:01:05","modified_gmt":"2025-12-04T09:01:05","slug":"matare-ho-artikelnr-76497","status":"publish","type":"product","link":"https:\/\/bigfunhobby.com\/sv\/butikk\/gauge-ho-article-no-76497\/","title":{"rendered":"Sp\u00e5rvidd HO- Artikel nr 76497"},"content":{"rendered":"<p>Uppt\u00e4ck gl\u00e4djen med att bygga modellj\u00e4rnv\u00e4g med modellj\u00e4rnv\u00e4gssignalen \"Gauge HO\", art.nr 76497. Denna byggsats f\u00f6rest\u00e4ller en tysk standarddesignad infartssignal med en fj\u00e4rrsignal p\u00e5 samma mast, vilket ger din modellj\u00e4rnv\u00e4g en autentisk k\u00e4nsla.<\/p>\n<p><strong>Specifikationer:<\/strong> Modellen har 2 inbyggda elektroniska signalkretsar och en separat signalavkodare. Fj\u00e4rrsignalen kan anv\u00e4ndas f\u00f6r alla ing\u00e5ngssignaler. Alla funktioner kan styras i det digitala systemet med den signaldekoder som medf\u00f6ljer signalen, eller i konventionell drift med en 72760 kontrollbox. Signaldekodern kan installeras under C-sp\u00e5ret eller under layouten. H\u00f6jden utan sockel \u00e4r 78,0 mm.<\/p>\n<p><strong>Design:<\/strong> Denna byggsats \u00e4r utformad f\u00f6r att ge en autentisk k\u00e4nsla av en modellj\u00e4rnv\u00e4g. Den \u00e4r utformad med tv\u00e5 signaler p\u00e5 en mast utan extra anslutningar. Ing\u00e5ngssignalen kan anv\u00e4ndas f\u00f6re stationer, medan fj\u00e4rrsignalen kan anv\u00e4ndas f\u00f6re en utg\u00e5ngssignal.<\/p>\n<p><strong>Historia:<\/strong> Modellen \u00e4r baserad p\u00e5 den tyska federala j\u00e4rnv\u00e4gens (DB) standarddesign f\u00f6r insignal. Detta ger en extra autentisk touch till din modellj\u00e4rnv\u00e4g.<\/p>\n<p>Oavsett om du \u00e4r en erfaren modellj\u00e4rnv\u00e4gsentusiast eller nyb\u00f6rjare kommer den h\u00e4r modellen att ge dig timmar av bygggl\u00e4dje och ett fantastiskt tillskott till din modellj\u00e4rnv\u00e4g. Missa inte den h\u00e4r m\u00f6jligheten att f\u00f6rb\u00e4ttra din modellj\u00e4rnv\u00e4g. <strong>K\u00f6p h\u00e4r!<\/strong><\/p>","protected":false},"excerpt":{"rendered":"<p>Modellj\u00e4rnv\u00e4gssignalen Gauge HO, art.nr. 76497, \u00e4r en tysk standarddesignad inflygningssignal med en fj\u00e4rrsignal p\u00e5 samma mast. Denna byggsats \u00e4r perfekt f\u00f6r b\u00e5de nyb\u00f6rjare och erfarna modellj\u00e4rnv\u00e4gsentusiaster.<\/p>","protected":false},"featured_media":8854,"comment_status":"open","ping_status":"closed","template":"","meta":[],"product_brand":[107],"product_cat":[72],"product_tag":[],"class_list":{"0":"post-8855","1":"product","2":"type-product","3":"status-publish","4":"has-post-thumbnail","6":"product_brand-marklin","7":"product_cat-marklin-h0-originalen","9":"first","10":"instock","11":"taxable","12":"shipping-taxable","13":"purchasable","14":"product-type-simple"},"_links":{"self":[{"href":"https:\/\/bigfunhobby.com\/sv\/wp-json\/wp\/v2\/product\/8855","targetHints":{"allow":["GET"]}}],"collection":[{"href":"https:\/\/bigfunhobby.com\/sv\/wp-json\/wp\/v2\/product"}],"about":[{"href":"https:\/\/bigfunhobby.com\/sv\/wp-json\/wp\/v2\/types\/product"}],"replies":[{"embeddable":true,"href":"https:\/\/bigfunhobby.com\/sv\/wp-json\/wp\/v2\/comments?post=8855"}],"wp:featuredmedia":[{"embeddable":true,"href":"https:\/\/bigfunhobby.com\/sv\/wp-json\/wp\/v2\/media\/8854"}],"wp:attachment":[{"href":"https:\/\/bigfunhobby.com\/sv\/wp-json\/wp\/v2\/media?parent=8855"}],"wp:term":[{"taxonomy":"product_brand","embeddable":true,"href":"https:\/\/bigfunhobby.com\/sv\/wp-json\/wp\/v2\/product_brand?post=8855"},{"taxonomy":"product_cat","embeddable":true,"href":"https:\/\/bigfunhobby.com\/sv\/wp-json\/wp\/v2\/product_cat?post=8855"},{"taxonomy":"product_tag","embeddable":true,"href":"https:\/\/bigfunhobby.com\/sv\/wp-json\/wp\/v2\/product_tag?post=8855"}],"curies":[{"name":"wp","href":"https:\/\/api.w.org\/{rel}","templated":true}]}}