{"id":8859,"date":"2025-03-08T17:19:20","date_gmt":"2025-03-08T17:19:20","guid":{"rendered":"https:\/\/bigfunhobby.com\/butikk\/90554-san-felipe-paints-pack\/"},"modified":"2026-03-03T12:26:27","modified_gmt":"2026-03-03T10:26:27","slug":"90554-san-felipe-farger-forpackning","status":"publish","type":"product","link":"https:\/\/bigfunhobby.com\/sv\/butikk\/90554-san-felipe-paints-pack\/","title":{"rendered":"90554 San FELIPE f\u00e4rger PACK"},"content":{"rendered":"<p>Ge liv \u00e5t dina modellprojekt med v\u00e5rt f\u00e4rgset San Felipe. Detta kit \u00e4r perfekt f\u00f6r b\u00e5de nyb\u00f6rjare och erfarna modellbyggare och \u00e4r utformat f\u00f6r att ge dina tr\u00e4- och plastmodeller ett autentiskt och detaljerat utseende.<\/p>\n<p>Satsen inneh\u00e5ller f\u00f6ljande f\u00e4rger: 19141 \/ 19142 \/ 19209 \/ 19210 \/ 19211 \/ 19300 \/ 19301 \/ 19307 \/ 19310 \/ 19313 \/ 19380 \/ 19381. Varje f\u00e4rg har noggrant valts ut f\u00f6r att passa perfekt till San Felipe-modellen, men kan ocks\u00e5 anv\u00e4ndas p\u00e5 en m\u00e4ngd andra modellprojekt.<\/p>\n<ul>\n<li>Specifikationer: San Felipe f\u00e4rgl\u00e4ggningssats 90554<\/li>\n<li>F\u00e4rgkoder: 19141 \/ 19142 \/ 19209 \/ 19210 \/ 19211 \/ 19300 \/ 19301 \/ 19307 \/ 19310 \/ 19313 \/ 19380 \/ 19381<\/li>\n<li>Paketet inneh\u00e5ller 12 olika f\u00e4rger<\/li>\n<\/ul>\n<p>F\u00e4rgen \u00e4r utformad f\u00f6r att ge en sl\u00e4t och j\u00e4mn yta, vilket \u00e4r viktigt f\u00f6r att uppn\u00e5 det realistiska utseende som \u00e4r s\u00e5 avg\u00f6rande vid modellbygge. Oavsett om du arbetar med skeppsmodeller i tr\u00e4, plastmodeller eller andra typer av byggsatser kommer det h\u00e4r f\u00e4rgkitet att hj\u00e4lpa dig att ge dina projekt det professionella utseende de f\u00f6rtj\u00e4nar.<\/p>\n<p>Best\u00e4ll San Felipe f\u00e4rgsats nu och ta ditt modellbygge till n\u00e4sta niv\u00e5. Med r\u00e4tt f\u00e4rg blir \u00e4ven den mest utmanande satsen en fr\u00f6jd att arbeta med. V\u00e4nta inte, njut av gl\u00e4djen att skapa n\u00e5got verkligt unikt redan idag!<\/p>","protected":false},"excerpt":{"rendered":"<p>F\u00e4rgkitet San Felipe inneh\u00e5ller en rad olika f\u00e4rger som \u00e4r s\u00e4rskilt utformade f\u00f6r modellbyggare, nyb\u00f6rjare och entusiaster, f\u00f6r att ge dina tr\u00e4- och plastmodeller ett autentiskt och detaljerat utseende.<\/p>","protected":false},"featured_media":8858,"comment_status":"open","ping_status":"closed","template":"","meta":[],"product_brand":[95],"product_cat":[78],"product_tag":[],"class_list":{"0":"post-8859","1":"product","2":"type-product","3":"status-publish","4":"has-post-thumbnail","6":"product_brand-occre","7":"product_cat-occre-maling","9":"first","10":"instock","11":"taxable","12":"shipping-taxable","13":"purchasable","14":"product-type-simple"},"_links":{"self":[{"href":"https:\/\/bigfunhobby.com\/sv\/wp-json\/wp\/v2\/product\/8859","targetHints":{"allow":["GET"]}}],"collection":[{"href":"https:\/\/bigfunhobby.com\/sv\/wp-json\/wp\/v2\/product"}],"about":[{"href":"https:\/\/bigfunhobby.com\/sv\/wp-json\/wp\/v2\/types\/product"}],"replies":[{"embeddable":true,"href":"https:\/\/bigfunhobby.com\/sv\/wp-json\/wp\/v2\/comments?post=8859"}],"wp:featuredmedia":[{"embeddable":true,"href":"https:\/\/bigfunhobby.com\/sv\/wp-json\/wp\/v2\/media\/8858"}],"wp:attachment":[{"href":"https:\/\/bigfunhobby.com\/sv\/wp-json\/wp\/v2\/media?parent=8859"}],"wp:term":[{"taxonomy":"product_brand","embeddable":true,"href":"https:\/\/bigfunhobby.com\/sv\/wp-json\/wp\/v2\/product_brand?post=8859"},{"taxonomy":"product_cat","embeddable":true,"href":"https:\/\/bigfunhobby.com\/sv\/wp-json\/wp\/v2\/product_cat?post=8859"},{"taxonomy":"product_tag","embeddable":true,"href":"https:\/\/bigfunhobby.com\/sv\/wp-json\/wp\/v2\/product_tag?post=8859"}],"curies":[{"name":"wp","href":"https:\/\/api.w.org\/{rel}","templated":true}]}}