{"id":8861,"date":"2025-03-08T17:19:21","date_gmt":"2025-03-08T17:19:21","guid":{"rendered":"https:\/\/bigfunhobby.com\/butikk\/billing-boats-halv-kanon-4x18mm-10\/"},"modified":"2025-12-04T11:01:07","modified_gmt":"2025-12-04T09:01:07","slug":"fakturering-batar-halvpistol-4x18mm-10","status":"publish","type":"product","link":"https:\/\/bigfunhobby.com\/sv\/butikk\/billing-boats-halv-kanon-4x18mm-10\/","title":{"rendered":"Fakturering av b\u00e5tar HALF CANON 4X18MM \/10"},"content":{"rendered":"<p>Ta din modellering till n\u00e4sta niv\u00e5 med Billing Boats Half Cannons 4x18mm. Detta \u00e4r ett perfekt tillbeh\u00f6r f\u00f6r att l\u00e4gga till extra detaljer och \u00e4kthet i din tr\u00e4fartygsmodell. <\/p>\n<ul>\n<li><strong>Specifikationer:<\/strong> Detta set inneh\u00e5ller 10 halvpistoler som m\u00e4ter 4x18 mm. Perfekt storlek f\u00f6r byggsatser i tr\u00e4 och plastmodeller i mindre skalor.<\/li>\n<li><strong>Material:<\/strong> Kanonerna \u00e4r tillverkade av metall, vilket ger en realistisk vikt och ett realistiskt utseende p\u00e5 ditt modellfartyg.<\/li>\n<li><strong>Historia:<\/strong> Kanoner har varit en viktig del av sj\u00f6fartens historia, s\u00e4rskilt under 1600- och 1700-talen. Genom att inkludera dessa kanoner i ditt modellfartyg kan du \u00e5terskapa en del av denna fascinerande historia.<\/li>\n<\/ul>\n<p>Oavsett om du \u00e4r en erfaren entusiast eller en nyb\u00f6rjare inom modellering kommer de h\u00e4r kanonerna att ge en extra dimension till din byggsats f\u00f6r vuxna. V\u00e4nta inte, ta ditt modellskepp till nya h\u00f6jder med Billing Boats Half Cannons 4x18mm. Best\u00e4ll dessa nu.<\/p>","protected":false},"excerpt":{"rendered":"<p>Komplettera ditt modellfartyg med Billing Boats Half Cannons 4x18mm. Perfekta tillbeh\u00f6r f\u00f6r detaljorienterad modellering.<\/p>","protected":false},"featured_media":8860,"comment_status":"open","ping_status":"closed","template":"","meta":[],"product_brand":[96],"product_cat":[60],"product_tag":[],"class_list":{"0":"post-8861","1":"product","2":"type-product","3":"status-publish","4":"has-post-thumbnail","6":"product_brand-billing-boats","7":"product_cat-tilbehor-trebyggesett","9":"first","10":"outofstock","11":"taxable","12":"shipping-taxable","13":"purchasable","14":"product-type-simple"},"_links":{"self":[{"href":"https:\/\/bigfunhobby.com\/sv\/wp-json\/wp\/v2\/product\/8861","targetHints":{"allow":["GET"]}}],"collection":[{"href":"https:\/\/bigfunhobby.com\/sv\/wp-json\/wp\/v2\/product"}],"about":[{"href":"https:\/\/bigfunhobby.com\/sv\/wp-json\/wp\/v2\/types\/product"}],"replies":[{"embeddable":true,"href":"https:\/\/bigfunhobby.com\/sv\/wp-json\/wp\/v2\/comments?post=8861"}],"wp:featuredmedia":[{"embeddable":true,"href":"https:\/\/bigfunhobby.com\/sv\/wp-json\/wp\/v2\/media\/8860"}],"wp:attachment":[{"href":"https:\/\/bigfunhobby.com\/sv\/wp-json\/wp\/v2\/media?parent=8861"}],"wp:term":[{"taxonomy":"product_brand","embeddable":true,"href":"https:\/\/bigfunhobby.com\/sv\/wp-json\/wp\/v2\/product_brand?post=8861"},{"taxonomy":"product_cat","embeddable":true,"href":"https:\/\/bigfunhobby.com\/sv\/wp-json\/wp\/v2\/product_cat?post=8861"},{"taxonomy":"product_tag","embeddable":true,"href":"https:\/\/bigfunhobby.com\/sv\/wp-json\/wp\/v2\/product_tag?post=8861"}],"curies":[{"name":"wp","href":"https:\/\/api.w.org\/{rel}","templated":true}]}}