{"id":8871,"date":"2025-03-08T17:19:23","date_gmt":"2025-03-08T17:19:23","guid":{"rendered":"https:\/\/bigfunhobby.com\/butikk\/15007-belle-poule-190\/"},"modified":"2026-03-03T12:26:27","modified_gmt":"2026-03-03T10:26:27","slug":"15007-vacker-hona-190","status":"publish","type":"product","link":"https:\/\/bigfunhobby.com\/sv\/butikk\/15007-belle-poule-190\/","title":{"rendered":"15007 VACKER H\u00d6NA 1:90"},"content":{"rendered":"<h1>Modellfartygssats - Belle Poule 1:90<\/h1>\n<p>Dr\u00f6m dig bort med v\u00e5r h\u00f6gkvalitativa tr\u00e4fartygsmodell Belle Poule 1:90. Denna byggsats \u00e4r perfekt f\u00f6r modellentusiaster och inneh\u00e5ller allt du beh\u00f6ver f\u00f6r att skapa en trogen reproduktion ner till de mest specifika detaljerna.<\/p>\n<ul>\n<li>Inkluderar en gjuten plakett med modellens namn<\/li>\n<li>Enkel byggst\u00e4llning ing\u00e5r<\/li>\n<li>Inklusive segel<\/li>\n<li>Steg-f\u00f6r-steg videohandledning<\/li>\n<li>Instruktioner p\u00e5 5 spr\u00e5k<\/li>\n<li>HD steg-f\u00f6r-steg-bilder<\/li>\n<li>Stycklista med m\u00e5tt och material<\/li>\n<li>IP-blad f\u00f6r att identifiera delar<\/li>\n<li>Skalenliga ritningar<\/li>\n<li>Livstids garanti<\/li>\n<\/ul>\n<h2>Specifikationer f\u00f6r Belle Poule Byggsats f\u00f6r modellfartyg<\/h2>\n<ul>\n<li>Skala: 1\/90<\/li>\n<li>Bredd: 385 mm<\/li>\n<li>H\u00f6jd: 765 mm<\/li>\n<li>L\u00e4ngd: 1085 mm<\/li>\n<li>Antal delar: \u00f6ver 6600<\/li>\n<li>Sv\u00e5righetsgrad: Medel<\/li>\n<\/ul>\n<h2>Historien om fartyget Belle Poule<\/h2>\n<p>Belle Poule var en fregatt i franska flottan med 60 kanoner. Bygget p\u00e5b\u00f6rjades 1828 men fartyget sj\u00f6sattes inte f\u00f6rr\u00e4n 1834. Belle Poule blev ber\u00f6md f\u00f6r \u00e5terf\u00f6randet av Napoleons aska fr\u00e5n \u00f6n Sankta Helena till Frankrike, en h\u00e4ndelse som markerade slutet p\u00e5 Napoleontiden.<\/p>\n<p>Uppt\u00e4ck gl\u00e4djen med att bygga modeller med Belle Poule tr\u00e4fartygsmodell. Perfekt f\u00f6r b\u00e5de nyb\u00f6rjare och erfarna modellbyggare. K\u00f6p h\u00e4r och b\u00f6rja din modellresa redan idag!<\/p>","protected":false},"excerpt":{"rendered":"<p>Den historiska tr\u00e4fartygsmodellen Belle Poule 1:90 \u00e4r en h\u00f6gkvalitativ byggsats f\u00f6r entusiaster. Levereras med \u00f6ver 6 600 delar, detaljerade instruktioner och livstidsgaranti.<\/p>","protected":false},"featured_media":8870,"comment_status":"open","ping_status":"closed","template":"","meta":[],"product_brand":[95],"product_cat":[67],"product_tag":[],"class_list":{"0":"post-8871","1":"product","2":"type-product","3":"status-publish","4":"has-post-thumbnail","6":"product_brand-occre","7":"product_cat-bater-occre","9":"first","10":"instock","11":"taxable","12":"shipping-taxable","13":"purchasable","14":"product-type-simple"},"_links":{"self":[{"href":"https:\/\/bigfunhobby.com\/sv\/wp-json\/wp\/v2\/product\/8871","targetHints":{"allow":["GET"]}}],"collection":[{"href":"https:\/\/bigfunhobby.com\/sv\/wp-json\/wp\/v2\/product"}],"about":[{"href":"https:\/\/bigfunhobby.com\/sv\/wp-json\/wp\/v2\/types\/product"}],"replies":[{"embeddable":true,"href":"https:\/\/bigfunhobby.com\/sv\/wp-json\/wp\/v2\/comments?post=8871"}],"wp:featuredmedia":[{"embeddable":true,"href":"https:\/\/bigfunhobby.com\/sv\/wp-json\/wp\/v2\/media\/8870"}],"wp:attachment":[{"href":"https:\/\/bigfunhobby.com\/sv\/wp-json\/wp\/v2\/media?parent=8871"}],"wp:term":[{"taxonomy":"product_brand","embeddable":true,"href":"https:\/\/bigfunhobby.com\/sv\/wp-json\/wp\/v2\/product_brand?post=8871"},{"taxonomy":"product_cat","embeddable":true,"href":"https:\/\/bigfunhobby.com\/sv\/wp-json\/wp\/v2\/product_cat?post=8871"},{"taxonomy":"product_tag","embeddable":true,"href":"https:\/\/bigfunhobby.com\/sv\/wp-json\/wp\/v2\/product_tag?post=8871"}],"curies":[{"name":"wp","href":"https:\/\/api.w.org\/{rel}","templated":true}]}}