{"id":8877,"date":"2025-03-08T17:19:27","date_gmt":"2025-03-08T17:19:27","guid":{"rendered":"https:\/\/bigfunhobby.com\/butikk\/12010s-santa-maria-starterpack\/"},"modified":"2026-03-03T12:26:28","modified_gmt":"2026-03-03T10:26:28","slug":"12010s-santa-maria-starterpack","status":"publish","type":"product","link":"https:\/\/bigfunhobby.com\/sv\/butikk\/12010s-santa-maria-starterpack\/","title":{"rendered":"12010S Santa Maria startpaket"},"content":{"rendered":"<h2>Santa Maria Startpakke &#8211; Treskipsmodell Byggesett<\/h2>\n<p>V\u00e5rt Santa Maria byggesett er en n\u00f8ye utformet modell av Christopher Columbus&#8217; st\u00f8rste skip, Santa Maria. Dette treskipet spilte en n\u00f8kkelrolle i oppdagelsen av den nye verden i 1492, og endret l\u00f8pet av verdenshistorien. Byggesettet gir en unik mulighet til \u00e5 dykke ned i denne spennende perioden, samtidig som du skaper et imponerende modellsamlerstykke.<\/p>\n<h2>Tekniske Spesifikasjoner<\/h2>\n<p>Skala: 1\/50<br \/> Bredde: 220mm<br \/> H\u00f8yde: 400mm<br \/> Lengde: 530mm<br \/> Antall deler: 1631<br \/> Inklusive segel<\/p>\n<h2>Byggesettets Innhold<\/h2>\n<ul>\n<li>St\u00f8pte deler<\/li>\n<li>Instruksjoner p\u00e5 fem spr\u00e5k, inkludert trinn-for-trinn HD-bilder<\/li>\n<li>Veiledning for bruk av lim og verkt\u00f8y<\/li>\n<li>Stycklista med m\u00e5tt och material<\/li>\n<li>Identifikasjonsskjema for deler med bilder<\/li>\n<li>Skalenliga ritningar<\/li>\n<li>Livstids garanti<\/li>\n<\/ul>\n<p>For \u00e5 gj\u00f8re byggeprosessen enda enklere, tilbyr vi ogs\u00e5 <a href=\"https:\/\/www.youtube.com\/playlist?list=PLrPwa5r7zKUyYVX6HLYg18XQBiUvoSN65\" target=\"_blank\" rel=\"noopener\">trinn-for-trinn videoinstruksjoner<\/a> som vil veilede deg gjennom hele prosessen.<\/p>\n<p>Om du er en entusiastisk modellbygger, eller bare begynner p\u00e5 hobbyen, gir dette byggesettet en engasjerende og givende opplevelse. Bestill Santa Maria Startpakke i dag, og begynn den fascinerende reisen med \u00e5 bygge din egen del av sj\u00f8fartshistorien!<\/p>","protected":false},"excerpt":{"rendered":"<p>Santa Maria Startpakke er et detaljert byggesett i tre, ideelt for b\u00e5de nybegynnere og erfarne modellbyggere, som \u00f8nsker \u00e5 bygge en modell av det historiske treskipet Santa Maria.<\/p>","protected":false},"featured_media":8876,"comment_status":"open","ping_status":"closed","template":"","meta":[],"product_brand":[95],"product_cat":[67],"product_tag":[],"class_list":{"0":"post-8877","1":"product","2":"type-product","3":"status-publish","4":"has-post-thumbnail","6":"product_brand-occre","7":"product_cat-bater-occre","9":"first","10":"instock","11":"taxable","12":"shipping-taxable","13":"purchasable","14":"product-type-simple"},"_links":{"self":[{"href":"https:\/\/bigfunhobby.com\/sv\/wp-json\/wp\/v2\/product\/8877","targetHints":{"allow":["GET"]}}],"collection":[{"href":"https:\/\/bigfunhobby.com\/sv\/wp-json\/wp\/v2\/product"}],"about":[{"href":"https:\/\/bigfunhobby.com\/sv\/wp-json\/wp\/v2\/types\/product"}],"replies":[{"embeddable":true,"href":"https:\/\/bigfunhobby.com\/sv\/wp-json\/wp\/v2\/comments?post=8877"}],"wp:featuredmedia":[{"embeddable":true,"href":"https:\/\/bigfunhobby.com\/sv\/wp-json\/wp\/v2\/media\/8876"}],"wp:attachment":[{"href":"https:\/\/bigfunhobby.com\/sv\/wp-json\/wp\/v2\/media?parent=8877"}],"wp:term":[{"taxonomy":"product_brand","embeddable":true,"href":"https:\/\/bigfunhobby.com\/sv\/wp-json\/wp\/v2\/product_brand?post=8877"},{"taxonomy":"product_cat","embeddable":true,"href":"https:\/\/bigfunhobby.com\/sv\/wp-json\/wp\/v2\/product_cat?post=8877"},{"taxonomy":"product_tag","embeddable":true,"href":"https:\/\/bigfunhobby.com\/sv\/wp-json\/wp\/v2\/product_tag?post=8877"}],"curies":[{"name":"wp","href":"https:\/\/api.w.org\/{rel}","templated":true}]}}