{"id":8883,"date":"2025-03-08T17:19:29","date_gmt":"2025-03-08T17:19:29","guid":{"rendered":"https:\/\/bigfunhobby.com\/butikk\/billing-boats-ymer-plastic-hull-photo-manual\/"},"modified":"2026-02-23T01:23:16","modified_gmt":"2026-02-22T23:23:16","slug":"billing-boats-ymer-plastic-hull-photo-manual","status":"publish","type":"product","link":"https:\/\/bigfunhobby.com\/sv\/butikk\/billing-boats-ymer-plastic-hull-photo-manual\/","title":{"rendered":"Billing Boats YMER - Plastskrov - fotohandbok"},"content":{"rendered":"<p>Byggesettet Billing Boats YMER med plastskrog er det perfekte valget for b\u00e5de nybegynnere og erfarne modellbyggere. Dette er en skalamodell som vil gi mange timer med engasjerende og givende h\u00e5ndarbeid.<\/p>\n<p>Spesifikasjonene inkluderer et plastskrog, noe som gj\u00f8r det enklere \u00e5 bygge for de som er mindre erfarne med modellbygging, men likevel gir et h\u00f8ykvalitets resultat. Modellen er presis og detaljert, noe som gir en autentisk fremstilling av det originale skipet.<\/p>\n<p>Modellen leveres med en detaljert fotomanual som guider deg gjennom hvert trinn av monteringsprosessen. Dette gj\u00f8r det enklere \u00e5 bygge modellen, uansett om du er en erfaren modellbygger eller en nybegynner.<\/p>\n<p>Byggesettet er en del av Billing Boats&#8217; omfattende utvalg av modellskip. De er kjent for sin h\u00f8ye standard og er et popul\u00e6rt valg blant modellbyggere over hele verden.<\/p>\n<p>Forbered deg p\u00e5 mange timer med engasjerende og givende h\u00e5ndarbeid. Uansett om du er en erfaren modellbygger, eller bare begynner, vil dette byggesettet gi deg en flott opplevelse og et imponerende resultat.<\/p>\n<p>Ikke vent, start din modellbyggereise med Billing Boats YMER i dag. Kj\u00f8p n\u00e5 for \u00e5 begynne \u00e5 bygge din egen skalamodell.<\/p>","protected":false},"excerpt":{"rendered":"<p>Byggesettet Billing Boats YMER med plastskrog er en detaljert skalamodell som vil engasjere alle entusiaster av modellbygging. Komplett med fotomanual for enkel montering.<\/p>","protected":false},"featured_media":8882,"comment_status":"open","ping_status":"closed","template":"","meta":[],"product_brand":[96],"product_cat":[53],"product_tag":[],"class_list":{"0":"post-8883","1":"product","2":"type-product","3":"status-publish","4":"has-post-thumbnail","6":"product_brand-billing-boats","7":"product_cat-bater-billing-boats","9":"first","10":"outofstock","11":"taxable","12":"shipping-taxable","13":"purchasable","14":"product-type-simple"},"_links":{"self":[{"href":"https:\/\/bigfunhobby.com\/sv\/wp-json\/wp\/v2\/product\/8883","targetHints":{"allow":["GET"]}}],"collection":[{"href":"https:\/\/bigfunhobby.com\/sv\/wp-json\/wp\/v2\/product"}],"about":[{"href":"https:\/\/bigfunhobby.com\/sv\/wp-json\/wp\/v2\/types\/product"}],"replies":[{"embeddable":true,"href":"https:\/\/bigfunhobby.com\/sv\/wp-json\/wp\/v2\/comments?post=8883"}],"wp:featuredmedia":[{"embeddable":true,"href":"https:\/\/bigfunhobby.com\/sv\/wp-json\/wp\/v2\/media\/8882"}],"wp:attachment":[{"href":"https:\/\/bigfunhobby.com\/sv\/wp-json\/wp\/v2\/media?parent=8883"}],"wp:term":[{"taxonomy":"product_brand","embeddable":true,"href":"https:\/\/bigfunhobby.com\/sv\/wp-json\/wp\/v2\/product_brand?post=8883"},{"taxonomy":"product_cat","embeddable":true,"href":"https:\/\/bigfunhobby.com\/sv\/wp-json\/wp\/v2\/product_cat?post=8883"},{"taxonomy":"product_tag","embeddable":true,"href":"https:\/\/bigfunhobby.com\/sv\/wp-json\/wp\/v2\/product_tag?post=8883"}],"curies":[{"name":"wp","href":"https:\/\/api.w.org\/{rel}","templated":true}]}}