{"id":8885,"date":"2025-03-08T17:19:30","date_gmt":"2025-03-08T17:19:30","guid":{"rendered":"https:\/\/bigfunhobby.com\/butikk\/billing-boats-1-60-progress-plastskrog\/"},"modified":"2025-12-04T11:01:07","modified_gmt":"2025-12-04T09:01:07","slug":"fakturering-batar-1-60-framsteg-plastskrov","status":"publish","type":"product","link":"https:\/\/bigfunhobby.com\/sv\/butikk\/billing-boats-1-60-progress-plastskrog\/","title":{"rendered":"Billing Boats 1\/60 Progress - plastskrov"},"content":{"rendered":"<p>\nUppt\u00e4ck gl\u00e4djen med att bygga modeller med v\u00e5r Progress fiskeb\u00e5tssats. Det h\u00e4r \u00e4r en autentisk modell i skala 1\/60, perfekt f\u00f6r b\u00e5de nyb\u00f6rjare och erfarna modellbyggare.\n<\/p>\n<p>\nByggsatsen inneh\u00e5ller ett skrov i ABS-plast, laserskurna tr\u00e4delar och andra detaljer i l\u00e4mpliga material. Detta ger dig m\u00f6jlighet att bygga en realistisk tr\u00e4fartygsmodell, som \u00e4r b\u00e5de detaljerad och h\u00e5llbar.\n<\/p>\n<p>\nProgress \u00e4r en typisk fiskeb\u00e5t som du hittar i Nordsj\u00f6n. Att bygga den h\u00e4r modellen ger dig inte bara en inblick i modellbygge, utan ocks\u00e5 i norsk fiskehistoria.\n<\/p>\n<ul>\n<li>Produktnamn: Billingb\u00e5tar 1\/60 Progress<\/li>\n<li>Skala: 1\/60<\/li>\n<li>Material: Skrov i ABS-plast: Skrov av ABS-plast, laserskurna tr\u00e4delar<\/li>\n<\/ul>\n<p>\nDetta kit \u00e4r ett fantastiskt projekt f\u00f6r dig som \u00e4lskar modellbygge. Det ger en autentisk upplevelse och ett vackert slutresultat som du kan vara stolt \u00f6ver.\n<\/p>\n<p>\n\u00c4r du redo att ge dig i kast med ditt n\u00e4sta modellprojekt? K\u00f6p Billing Boats 1\/60 Progress h\u00e4r och p\u00e5b\u00f6rja byggprocessen nu. Du kommer garanterat att finna gl\u00e4dje i processen och stolthet i den f\u00e4rdiga produkten.<\/p>","protected":false},"excerpt":{"rendered":"<p>Bygg din egen fartygsmodell i tr\u00e4 med denna Progress fiskeb\u00e5tssats. Modell i skala 1\/60 med skrov i plast, laserskurna tr\u00e4delar och detaljer i passande material.<\/p>","protected":false},"featured_media":8884,"comment_status":"open","ping_status":"closed","template":"","meta":[],"product_brand":[96],"product_cat":[53],"product_tag":[],"class_list":{"0":"post-8885","1":"product","2":"type-product","3":"status-publish","4":"has-post-thumbnail","6":"product_brand-billing-boats","7":"product_cat-bater-billing-boats","9":"first","10":"outofstock","11":"taxable","12":"shipping-taxable","13":"purchasable","14":"product-type-simple"},"_links":{"self":[{"href":"https:\/\/bigfunhobby.com\/sv\/wp-json\/wp\/v2\/product\/8885","targetHints":{"allow":["GET"]}}],"collection":[{"href":"https:\/\/bigfunhobby.com\/sv\/wp-json\/wp\/v2\/product"}],"about":[{"href":"https:\/\/bigfunhobby.com\/sv\/wp-json\/wp\/v2\/types\/product"}],"replies":[{"embeddable":true,"href":"https:\/\/bigfunhobby.com\/sv\/wp-json\/wp\/v2\/comments?post=8885"}],"wp:featuredmedia":[{"embeddable":true,"href":"https:\/\/bigfunhobby.com\/sv\/wp-json\/wp\/v2\/media\/8884"}],"wp:attachment":[{"href":"https:\/\/bigfunhobby.com\/sv\/wp-json\/wp\/v2\/media?parent=8885"}],"wp:term":[{"taxonomy":"product_brand","embeddable":true,"href":"https:\/\/bigfunhobby.com\/sv\/wp-json\/wp\/v2\/product_brand?post=8885"},{"taxonomy":"product_cat","embeddable":true,"href":"https:\/\/bigfunhobby.com\/sv\/wp-json\/wp\/v2\/product_cat?post=8885"},{"taxonomy":"product_tag","embeddable":true,"href":"https:\/\/bigfunhobby.com\/sv\/wp-json\/wp\/v2\/product_tag?post=8885"}],"curies":[{"name":"wp","href":"https:\/\/api.w.org\/{rel}","templated":true}]}}