{"id":8906,"date":"2025-03-08T17:19:37","date_gmt":"2025-03-08T17:19:37","guid":{"rendered":"https:\/\/bigfunhobby.com\/butikk\/mar-74862-gauge-ho-c-track-turntable\/"},"modified":"2025-12-04T11:01:07","modified_gmt":"2025-12-04T09:01:07","slug":"mar-74862-sparvidd-ho-c-spar-vandskiva","status":"publish","type":"product","link":"https:\/\/bigfunhobby.com\/sv\/butikk\/mar-74862-gauge-ho-c-track-turntable\/","title":{"rendered":"MAR-74862 Vridskiva f\u00f6r sp\u00e5r HO C"},"content":{"rendered":"<p>Med en standarddesign p\u00e5 23 meter \/ 74 fot 9 tum \u00e4r MAR-74862 Gauge HO C Track Turntable ett utm\u00e4rkt val f\u00f6r alla modellj\u00e4rnv\u00e4gsentusiaster. Denna v\u00e4ndskiva \u00e4r utformad f\u00f6r b\u00e5de konventionell och digital t\u00e5gdrift, vilket g\u00f6r den till ett m\u00e5ngsidigt tillskott till din modellj\u00e4rnv\u00e4gsinstallation.<\/p>\n<p>Skivspelaren har ett fj\u00e4rrstyrt d\u00e4ck med inbyggd motor. Den kan endast styras digitalt med Mobile Station 2 och Central-Station 2 och 3 (ing\u00e5r ej). Styrningen med Centralstation 2 och 3 \u00e4r s\u00e4rskilt enkel med hj\u00e4lp av sp\u00e5rindexering (efter en uppdatering) eller med olika digitala centralstyrningar som anv\u00e4nder DCC digitalformat.<\/p>\n<ul>\n<li>Vridskivans diameter \u00e4r 378 mm \/ 15-1\/32\u2032 med ett sp\u00e5r mot varandra.<\/li>\n<li>Diameter p\u00e5 gropen utan sp\u00e5r \u00e4r 278 mm \/ 10-15\/16\u2032.<\/li>\n<li>D\u00e4ckets l\u00e4ngd \u00e4r 263 mm \/ 10-3\/8\u2032.<\/li>\n<li>Ljudfunktioner kan styras.<\/li>\n<li>LED-belysning i f\u00f6rarhytten.<\/li>\n<li>Utv\u00e4ndig belysning kan styras.<\/li>\n<\/ul>\n<p>Denna produkt har ett nytt f\u00e4rgschema j\u00e4mf\u00f6rt med den tidigare skivspelaren 74861, t.ex: \"blinda anslutningsstycken\" i C-sp\u00e5rets f\u00e4rgskala med ytterligare modellering av tr\u00e4plankorna.<\/p>\n<p>Oavsett om du \u00e4r en nyb\u00f6rjare eller en erfaren entusiast kommer den h\u00e4r v\u00e4ndskivan att ge dig timmar av kreativt kul. K\u00f6p din MAR-74862 Gauge HO C Track Turntable idag och ta din modellj\u00e4rnv\u00e4gslayout till nya h\u00f6jder!<\/p>","protected":false},"excerpt":{"rendered":"<p>MAR-74862 Gauge HO C Track Turntable \u00e4r en standard 23 meter l\u00e5ng v\u00e4ndskiva f\u00f6r modellj\u00e4rnv\u00e4g med inbyggd motor och fj\u00e4rrkontroll, optimal f\u00f6r b\u00e5de konventionell och digital t\u00e5gdrift.<\/p>","protected":false},"featured_media":8905,"comment_status":"open","ping_status":"closed","template":"","meta":[],"product_brand":[107],"product_cat":[72],"product_tag":[],"class_list":{"0":"post-8906","1":"product","2":"type-product","3":"status-publish","4":"has-post-thumbnail","6":"product_brand-marklin","7":"product_cat-marklin-h0-originalen","9":"first","10":"instock","11":"taxable","12":"shipping-taxable","13":"purchasable","14":"product-type-simple"},"_links":{"self":[{"href":"https:\/\/bigfunhobby.com\/sv\/wp-json\/wp\/v2\/product\/8906","targetHints":{"allow":["GET"]}}],"collection":[{"href":"https:\/\/bigfunhobby.com\/sv\/wp-json\/wp\/v2\/product"}],"about":[{"href":"https:\/\/bigfunhobby.com\/sv\/wp-json\/wp\/v2\/types\/product"}],"replies":[{"embeddable":true,"href":"https:\/\/bigfunhobby.com\/sv\/wp-json\/wp\/v2\/comments?post=8906"}],"wp:featuredmedia":[{"embeddable":true,"href":"https:\/\/bigfunhobby.com\/sv\/wp-json\/wp\/v2\/media\/8905"}],"wp:attachment":[{"href":"https:\/\/bigfunhobby.com\/sv\/wp-json\/wp\/v2\/media?parent=8906"}],"wp:term":[{"taxonomy":"product_brand","embeddable":true,"href":"https:\/\/bigfunhobby.com\/sv\/wp-json\/wp\/v2\/product_brand?post=8906"},{"taxonomy":"product_cat","embeddable":true,"href":"https:\/\/bigfunhobby.com\/sv\/wp-json\/wp\/v2\/product_cat?post=8906"},{"taxonomy":"product_tag","embeddable":true,"href":"https:\/\/bigfunhobby.com\/sv\/wp-json\/wp\/v2\/product_tag?post=8906"}],"curies":[{"name":"wp","href":"https:\/\/api.w.org\/{rel}","templated":true}]}}