{"id":8916,"date":"2025-03-08T17:19:40","date_gmt":"2025-03-08T17:19:40","guid":{"rendered":"https:\/\/bigfunhobby.com\/butikk\/class-141-r-steam-locomotive-road-number-1244\/"},"modified":"2025-12-04T11:01:07","modified_gmt":"2025-12-04T09:01:07","slug":"anglok-av-klass-141-r-vagnummer-1244","status":"publish","type":"product","link":"https:\/\/bigfunhobby.com\/sv\/butikk\/class-141-r-steam-locomotive-road-number-1244\/","title":{"rendered":"\u00c5nglok av klass 141.R. V\u00e4gnummer 1244"},"content":{"rendered":"<p>Utforska modellv\u00e4rlden med den h\u00e4r unika modellen av \u00e5ngloket Class 141.R. Med v\u00e4gnumret 1244 ger denna modell ett levande intryck av utseendet p\u00e5 den franska statliga j\u00e4rnv\u00e4gen. Modellen \u00e4r baserad p\u00e5 det nuvarande operativa tillst\u00e5ndet f\u00f6r Verein Mikado 1244 \/ Mikado Association 1244 i Brugg, Schweiz. <\/p>\n<p>Denna skalmodell har en mfx+ digitaldekoder och omfattande ljudfunktioner. I pannan finns ocks\u00e5 en h\u00f6gpresterande motor med sv\u00e4nghjul monterad. Fyra axlar \u00e4r drivna, varav tre anv\u00e4nder sidost\u00e4nger. Modellen levereras med b\u00e5de str\u00e5lkastare och r\u00f6da markeringsljus som kan styras digitalt och \u00e4ndras med k\u00f6rriktningen. Dessutom kan du styra belysningen i hytten, pumphjulen och l\u00e5gorna i eldstaden separat.<\/p>\n<p>F\u00f6r att ge en mer realistisk k\u00e4nsla \u00e4r loket och tenderloket huvudsakligen tillverkade av metall. Det finns ocks\u00e5 en fabriksmonterad r\u00f6kgenerator f\u00f6r att efterlikna \u00e5ngan fr\u00e5n ett riktigt \u00e5nglok. Modellen har en n\u00e4ra kopplingsmekanism mellan lok och tender och bufferth\u00f6jden \u00f6verensst\u00e4mmer med NEM-standarderna.<\/p>\n<ul>\n<li>Helt ny verktygsproduktion<\/li>\n<li>Klass 141.R. f\u00f6r f\u00f6rsta g\u00e5ngen i M\u00e4rklin-programmet<\/li>\n<li>S\u00e4rskilt komplicerad metallkonstruktion<\/li>\n<li>En rad olika detaljer som till\u00e4mpas separat<\/li>\n<li>Fabriksmonterad r\u00f6kgenerator<\/li>\n<li>Hyttbelysning, k\u00f6rljus och flammornas flimmer styrs separat i digitalt l\u00e4ge<\/li>\n<li>World of Operation mfx+ digital dekoder med omfattande ljus- och ljudfunktioner<\/li>\n<li>Bufferth\u00f6jden \u00f6verensst\u00e4mmer med NEM<\/li>\n<\/ul>\n<p>Med en l\u00e4ngd p\u00e5 ca 27,9 cm \u00e4r detta en idealisk modell f\u00f6r b\u00e5de nyb\u00f6rjare och erfarna modellbyggare. Det h\u00e4r \u00e4r en perfekt modellj\u00e4rnv\u00e4g f\u00f6r att ut\u00f6ka din samling eller som en start p\u00e5 din modellresa. <\/p>\n<p>V\u00e4nta inte, upplev gl\u00e4djen med modellering. K\u00f6p \u00e5ngloket Class 141.R. idag och ta ditt modellbygge till nya h\u00f6jder. G\u00f6r din best\u00e4llning nu!<\/p>","protected":false},"excerpt":{"rendered":"<p>Upplev nostalgi med \u00e5ngloket Class 141.R., en unik modellj\u00e4rnv\u00e4g med detaljerad design, avancerade ljud- och ljusfunktioner och egen r\u00f6kgenerator.<\/p>","protected":false},"featured_media":8915,"comment_status":"open","ping_status":"closed","template":"","meta":[],"product_brand":[107],"product_cat":[114,72],"product_tag":[],"class_list":{"0":"post-8916","1":"product","2":"type-product","3":"status-publish","4":"has-post-thumbnail","6":"product_brand-marklin","7":"product_cat-locomotives","8":"product_cat-marklin-h0-originalen","10":"first","11":"instock","12":"taxable","13":"shipping-taxable","14":"purchasable","15":"product-type-simple"},"_links":{"self":[{"href":"https:\/\/bigfunhobby.com\/sv\/wp-json\/wp\/v2\/product\/8916","targetHints":{"allow":["GET"]}}],"collection":[{"href":"https:\/\/bigfunhobby.com\/sv\/wp-json\/wp\/v2\/product"}],"about":[{"href":"https:\/\/bigfunhobby.com\/sv\/wp-json\/wp\/v2\/types\/product"}],"replies":[{"embeddable":true,"href":"https:\/\/bigfunhobby.com\/sv\/wp-json\/wp\/v2\/comments?post=8916"}],"wp:featuredmedia":[{"embeddable":true,"href":"https:\/\/bigfunhobby.com\/sv\/wp-json\/wp\/v2\/media\/8915"}],"wp:attachment":[{"href":"https:\/\/bigfunhobby.com\/sv\/wp-json\/wp\/v2\/media?parent=8916"}],"wp:term":[{"taxonomy":"product_brand","embeddable":true,"href":"https:\/\/bigfunhobby.com\/sv\/wp-json\/wp\/v2\/product_brand?post=8916"},{"taxonomy":"product_cat","embeddable":true,"href":"https:\/\/bigfunhobby.com\/sv\/wp-json\/wp\/v2\/product_cat?post=8916"},{"taxonomy":"product_tag","embeddable":true,"href":"https:\/\/bigfunhobby.com\/sv\/wp-json\/wp\/v2\/product_tag?post=8916"}],"curies":[{"name":"wp","href":"https:\/\/api.w.org\/{rel}","templated":true}]}}