{"id":8930,"date":"2025-03-08T17:19:47","date_gmt":"2025-03-08T17:19:47","guid":{"rendered":"https:\/\/bigfunhobby.com\/butikk\/sandstone-boulders\/"},"modified":"2025-12-04T11:01:09","modified_gmt":"2025-12-04T09:01:09","slug":"sandstensblock","status":"publish","type":"product","link":"https:\/\/bigfunhobby.com\/sv\/butikk\/sandstone-boulders\/","title":{"rendered":"Stenblock av sandsten"},"content":{"rendered":"<p>L\u00e4gg till en extra dimension i dina modellandskap, modellj\u00e4rnv\u00e4gslayouter eller dioramor med v\u00e5ra Sandstone Boulders. Dessa realistiska sandstensblock kommer att f\u00f6rb\u00e4ttra realismen och detaljerna i ditt modelleringsprojekt. <\/p>\n<p><b>Specifikationer:<\/b><\/p>\n<ul>\n<li>Produktnamn: Stenblock av sandsten<\/li>\n<li>Vikt: 250g<\/li>\n<li>Skala: G,1,0,H0,H0M,H0E,TT,N,Z<\/li>\n<\/ul>\n<p>Dessa sk\u00e5lar \u00e4r tillverkade av h\u00f6gkvalitativa material som efterliknar strukturen och f\u00e4rgen hos \u00e4kta sandsten. De \u00e4r perfekta f\u00f6r att l\u00e4gga till naturliga landskapselement i ditt modelleringsprojekt. Oavsett om du \u00e4r en erfaren entusiast eller nyb\u00f6rjare kommer dessa sk\u00e5lar att hj\u00e4lpa dig att skapa ett autentiskt och imponerande miniatyrlandskap.<\/p>\n<p>Sandsten har anv\u00e4nts i bygg- och landskapsarkitektur i tusentals \u00e5r, och med dessa sk\u00e5lar kan du ta med en bit av den historien in i ditt modellandskap. <\/p>\n<p>Frig\u00f6r potentialen i ditt modelleringsprojekt. L\u00e4gg till Sandstone Boulders i din korg och ta din modellering till n\u00e4sta niv\u00e5. G\u00f6r din best\u00e4llning nu!<\/p>","protected":false},"excerpt":{"rendered":"<p>Sandstone Boulders \u00e4r f\u00f6rpackningar med 250 g realistiska sandstensblock, perfekta f\u00f6r detaljer p\u00e5 modellj\u00e4rnv\u00e4gar, dioramor eller modellandskap.<\/p>","protected":false},"featured_media":8929,"comment_status":"open","ping_status":"closed","template":"","meta":[],"product_brand":[109],"product_cat":[80],"product_tag":[],"class_list":{"0":"post-8930","1":"product","2":"type-product","3":"status-publish","4":"has-post-thumbnail","6":"product_brand-noch","7":"product_cat-noch-landskap-og-detaljer","9":"first","10":"instock","11":"taxable","12":"shipping-taxable","13":"purchasable","14":"product-type-simple"},"_links":{"self":[{"href":"https:\/\/bigfunhobby.com\/sv\/wp-json\/wp\/v2\/product\/8930","targetHints":{"allow":["GET"]}}],"collection":[{"href":"https:\/\/bigfunhobby.com\/sv\/wp-json\/wp\/v2\/product"}],"about":[{"href":"https:\/\/bigfunhobby.com\/sv\/wp-json\/wp\/v2\/types\/product"}],"replies":[{"embeddable":true,"href":"https:\/\/bigfunhobby.com\/sv\/wp-json\/wp\/v2\/comments?post=8930"}],"wp:featuredmedia":[{"embeddable":true,"href":"https:\/\/bigfunhobby.com\/sv\/wp-json\/wp\/v2\/media\/8929"}],"wp:attachment":[{"href":"https:\/\/bigfunhobby.com\/sv\/wp-json\/wp\/v2\/media?parent=8930"}],"wp:term":[{"taxonomy":"product_brand","embeddable":true,"href":"https:\/\/bigfunhobby.com\/sv\/wp-json\/wp\/v2\/product_brand?post=8930"},{"taxonomy":"product_cat","embeddable":true,"href":"https:\/\/bigfunhobby.com\/sv\/wp-json\/wp\/v2\/product_cat?post=8930"},{"taxonomy":"product_tag","embeddable":true,"href":"https:\/\/bigfunhobby.com\/sv\/wp-json\/wp\/v2\/product_tag?post=8930"}],"curies":[{"name":"wp","href":"https:\/\/api.w.org\/{rel}","templated":true}]}}