{"id":8932,"date":"2025-03-08T17:19:47","date_gmt":"2025-03-08T17:19:47","guid":{"rendered":"https:\/\/bigfunhobby.com\/butikk\/rock-boulders-hegau\/"},"modified":"2025-12-04T11:01:09","modified_gmt":"2025-12-04T09:01:09","slug":"rock-boulders-hegau","status":"publish","type":"product","link":"https:\/\/bigfunhobby.com\/sv\/butikk\/rock-boulders-hegau\/","title":{"rendered":"Stenblocken \"Hegau\""},"content":{"rendered":"<p>\u00d8nsker du \u00e5 legge til noen naturlige elementer i din modelljernbane? Da er Rock Boulders &#8216;Hegau&#8217; det perfekte valget for deg. Dette produktet er designet for \u00e5 gi landskapet rundt din modelljernbane en mer realistisk og naturlig look.<\/p>\n<p><b>Specifikationer:<\/b><\/p>\n<ul>\n<li>Produktnavn: Rock Boulders &#8216;Hegau&#8217;<\/li>\n<li>Vikt: 250g<\/li>\n<li>Kompatibel med forskjellige skalaer: G,1,0,H0,H0M,H0E,TT,N,Z<\/li>\n<\/ul>\n<p>Rock Boulders &#8216;Hegau&#8217; kan brukes til b\u00e5de store og sm\u00e5 prosjekter, og er et utmerket tilbeh\u00f8r for enhver modelljernbanesamling. De er laget av holdbare materialer som vil st\u00e5 tidens pr\u00f8ve, og gi landskapet rundt din modelljernbane en mer realistisk f\u00f8lelse.<\/p>\n<p>Kj\u00f8p Rock Boulders &#8216;Hegau&#8217; i dag, og ta din modelljernbanebygging til nye h\u00f8yder. Enten du er en erfaren entusiast eller nybegynner, vil dette tilbeh\u00f8ret gi deg muligheten til \u00e5 uttrykke din kreativitet og skape et unikt landskap for din modelljernbane.<\/p>","protected":false},"excerpt":{"rendered":"<p>Rock Boulders &#8216;Hegau&#8217; er et perfekt tilbeh\u00f8r for modelljernbaneentusiaster, ideell for \u00e5 gi landskapet en realistisk og naturlig look. Kompatibel med flere skalaer.<\/p>","protected":false},"featured_media":8931,"comment_status":"open","ping_status":"closed","template":"","meta":[],"product_brand":[109],"product_cat":[80],"product_tag":[],"class_list":{"0":"post-8932","1":"product","2":"type-product","3":"status-publish","4":"has-post-thumbnail","6":"product_brand-noch","7":"product_cat-noch-landskap-og-detaljer","9":"first","10":"instock","11":"taxable","12":"shipping-taxable","13":"purchasable","14":"product-type-simple"},"_links":{"self":[{"href":"https:\/\/bigfunhobby.com\/sv\/wp-json\/wp\/v2\/product\/8932","targetHints":{"allow":["GET"]}}],"collection":[{"href":"https:\/\/bigfunhobby.com\/sv\/wp-json\/wp\/v2\/product"}],"about":[{"href":"https:\/\/bigfunhobby.com\/sv\/wp-json\/wp\/v2\/types\/product"}],"replies":[{"embeddable":true,"href":"https:\/\/bigfunhobby.com\/sv\/wp-json\/wp\/v2\/comments?post=8932"}],"wp:featuredmedia":[{"embeddable":true,"href":"https:\/\/bigfunhobby.com\/sv\/wp-json\/wp\/v2\/media\/8931"}],"wp:attachment":[{"href":"https:\/\/bigfunhobby.com\/sv\/wp-json\/wp\/v2\/media?parent=8932"}],"wp:term":[{"taxonomy":"product_brand","embeddable":true,"href":"https:\/\/bigfunhobby.com\/sv\/wp-json\/wp\/v2\/product_brand?post=8932"},{"taxonomy":"product_cat","embeddable":true,"href":"https:\/\/bigfunhobby.com\/sv\/wp-json\/wp\/v2\/product_cat?post=8932"},{"taxonomy":"product_tag","embeddable":true,"href":"https:\/\/bigfunhobby.com\/sv\/wp-json\/wp\/v2\/product_tag?post=8932"}],"curies":[{"name":"wp","href":"https:\/\/api.w.org\/{rel}","templated":true}]}}