{"id":8936,"date":"2025-03-08T17:19:48","date_gmt":"2025-03-08T17:19:48","guid":{"rendered":"https:\/\/bigfunhobby.com\/butikk\/gravel\/"},"modified":"2025-12-04T11:01:09","modified_gmt":"2025-12-04T09:01:09","slug":"grus","status":"publish","type":"product","link":"https:\/\/bigfunhobby.com\/sv\/butikk\/gravel\/","title":{"rendered":"Grus"},"content":{"rendered":"<p>Ge dina modellprojekt en autentisk finish med v\u00e5rt \"Gravel\"-paket. Med 250 gram grus i olika skalor (G, 0, H0, H0M, H0E, TT, N, Z) \u00e4r den h\u00e4r produkten perfekt f\u00f6r en m\u00e4ngd olika modellprojekt, inklusive modellj\u00e4rnv\u00e4gar, byggsatser och landskapsmodellering.<\/p>\n<p><b>Specifikationer:<\/b><\/p>\n<ul>\n<li>Produkt: Grus<\/li>\n<li>Vikt: 250 g<\/li>\n<li>Skalor: G, 0, H0, H0M, H0E, TT, N, Z<\/li>\n<\/ul>\n<p>Den h\u00e4r produkten \u00e4r tillverkad av h\u00e5llbara material, utformade f\u00f6r att klara tidens tand och se till att dina modeller ser bra ut s\u00e5 l\u00e4nge som m\u00f6jligt. Den \u00e4r l\u00e4tt att anv\u00e4nda, oavsett om du \u00e4r en erfaren modellbyggare eller en nyb\u00f6rjare som f\u00f6rs\u00f6ker dig p\u00e5 din f\u00f6rsta skalamodell.<\/p>\n<p>Modellbygge \u00e4r en tidl\u00f6s hobby som i \u00e5ratal har fascinerat m\u00e4nniskor i alla \u00e5ldrar och fr\u00e5n alla samh\u00e4llsskikt. Det kr\u00e4ver t\u00e5lamod, precision och k\u00e4nsla f\u00f6r detaljer, och det \u00e4r just d\u00e4rf\u00f6r det \u00e4r s\u00e5 givande. Genom att l\u00e4gga till realistiska detaljer som grus kan du verkligen ge liv \u00e5t dina modeller och skapa ett m\u00e4sterverk som du kan vara stolt \u00f6ver.<\/p>\n<p>Oavsett om du bygger en detaljerad modellj\u00e4rnv\u00e4g, skapar ett historiskt tr\u00e4skeppsbygge eller skapar en miniatyrv\u00e4rld med olika plastmodeller, hj\u00e4lper v\u00e5r \"Gravel\" dig att uppn\u00e5 den autenticitet du s\u00f6ker.<\/p>\n<p>V\u00e4nta inte l\u00e4ngre, ge dina modelleringsprojekt den realistiska finish de f\u00f6rtj\u00e4nar. K\u00f6p din \"Gravel\" idag och upplev vilken skillnad den kan g\u00f6ra.<\/p>","protected":false},"excerpt":{"rendered":"<p>Gravel\" \u00e4r ett paket med 250 gram grus i olika skalor, perfekt f\u00f6r att ge en realistisk finish p\u00e5 dina modellj\u00e4rnv\u00e4gar, byggsatser och landskapsmodeller.<\/p>","protected":false},"featured_media":8935,"comment_status":"open","ping_status":"closed","template":"","meta":[],"product_brand":[109],"product_cat":[80],"product_tag":[],"class_list":{"0":"post-8936","1":"product","2":"type-product","3":"status-publish","4":"has-post-thumbnail","6":"product_brand-noch","7":"product_cat-noch-landskap-og-detaljer","9":"first","10":"instock","11":"taxable","12":"shipping-taxable","13":"purchasable","14":"product-type-simple"},"_links":{"self":[{"href":"https:\/\/bigfunhobby.com\/sv\/wp-json\/wp\/v2\/product\/8936","targetHints":{"allow":["GET"]}}],"collection":[{"href":"https:\/\/bigfunhobby.com\/sv\/wp-json\/wp\/v2\/product"}],"about":[{"href":"https:\/\/bigfunhobby.com\/sv\/wp-json\/wp\/v2\/types\/product"}],"replies":[{"embeddable":true,"href":"https:\/\/bigfunhobby.com\/sv\/wp-json\/wp\/v2\/comments?post=8936"}],"wp:featuredmedia":[{"embeddable":true,"href":"https:\/\/bigfunhobby.com\/sv\/wp-json\/wp\/v2\/media\/8935"}],"wp:attachment":[{"href":"https:\/\/bigfunhobby.com\/sv\/wp-json\/wp\/v2\/media?parent=8936"}],"wp:term":[{"taxonomy":"product_brand","embeddable":true,"href":"https:\/\/bigfunhobby.com\/sv\/wp-json\/wp\/v2\/product_brand?post=8936"},{"taxonomy":"product_cat","embeddable":true,"href":"https:\/\/bigfunhobby.com\/sv\/wp-json\/wp\/v2\/product_cat?post=8936"},{"taxonomy":"product_tag","embeddable":true,"href":"https:\/\/bigfunhobby.com\/sv\/wp-json\/wp\/v2\/product_tag?post=8936"}],"curies":[{"name":"wp","href":"https:\/\/api.w.org\/{rel}","templated":true}]}}