{"id":9014,"date":"2025-03-08T17:20:20","date_gmt":"2025-03-08T17:20:20","guid":{"rendered":"https:\/\/bigfunhobby.com\/butikk\/roe-deer\/"},"modified":"2025-12-04T11:01:12","modified_gmt":"2025-12-04T09:01:12","slug":"radjur","status":"publish","type":"product","link":"https:\/\/bigfunhobby.com\/sv\/butikk\/roe-deer\/","title":{"rendered":"Rodd hjort"},"content":{"rendered":"<p>Uppt\u00e4ck gl\u00e4djen i modellbyggandet med Roe Deer H0, en noggrant utformad produkt f\u00f6r b\u00e5de nyb\u00f6rjare och erfarna hobbyentusiaster. Modellen ger en autentisk upplevelse och \u00e4r ett utm\u00e4rkt s\u00e4tt att f\u00f6rb\u00e4ttra sina f\u00e4rdigheter i precisions- och detaljarbete.<\/p>\n<p><strong>Specifikationer:<\/strong><\/p>\n<ul>\n<li>Skala: H0<\/li>\n<li>Detaljerad och realistisk design<\/li>\n<\/ul>\n<p>Modellen \u00e4r utformad f\u00f6r att vara s\u00e5 realistisk som m\u00f6jligt, vilket ger dig en autentisk upplevelse av att bygga en riktig modell. Varje del \u00e4r tillverkad med stor precision, vilket s\u00e4kerst\u00e4ller att den produkt du bygger ser ut och k\u00e4nns som det verkliga objektet.<\/p>\n<p>Roe Deer H0 \u00e4r ocks\u00e5 ett bra s\u00e4tt att l\u00e4ra sig om modelleringens historia, vilket ger dig en djupare f\u00f6rst\u00e5else f\u00f6r denna popul\u00e4ra hobby. Fr\u00e5n modellbyggandets tidigaste dagar till modern tid finns det alltid n\u00e5got nytt att l\u00e4ra sig och uppt\u00e4cka.<\/p>\n<p>Oavsett om du \u00e4r en erfaren modellbyggare eller nyb\u00f6rjare kommer Roe Deer H0 att ge dig timmar av kreativt n\u00f6je. V\u00e4nta inte, b\u00f6rja ditt modellerings\u00e4ventyr idag. <strong>K\u00f6p R\u00e5djur H0 nu!<\/strong><\/p>","protected":false},"excerpt":{"rendered":"<p>Roe Deer \u00e4r en detaljerad och h\u00f6gkvalitativ H0-skalamodell, perfekt f\u00f6r b\u00e5de nyb\u00f6rjare och erfarna modellbyggare.<\/p>","protected":false},"featured_media":9013,"comment_status":"open","ping_status":"closed","template":"","meta":[],"product_brand":[109],"product_cat":[80],"product_tag":[],"class_list":{"0":"post-9014","1":"product","2":"type-product","3":"status-publish","4":"has-post-thumbnail","6":"product_brand-noch","7":"product_cat-noch-landskap-og-detaljer","9":"first","10":"instock","11":"taxable","12":"shipping-taxable","13":"purchasable","14":"product-type-simple"},"_links":{"self":[{"href":"https:\/\/bigfunhobby.com\/sv\/wp-json\/wp\/v2\/product\/9014","targetHints":{"allow":["GET"]}}],"collection":[{"href":"https:\/\/bigfunhobby.com\/sv\/wp-json\/wp\/v2\/product"}],"about":[{"href":"https:\/\/bigfunhobby.com\/sv\/wp-json\/wp\/v2\/types\/product"}],"replies":[{"embeddable":true,"href":"https:\/\/bigfunhobby.com\/sv\/wp-json\/wp\/v2\/comments?post=9014"}],"wp:featuredmedia":[{"embeddable":true,"href":"https:\/\/bigfunhobby.com\/sv\/wp-json\/wp\/v2\/media\/9013"}],"wp:attachment":[{"href":"https:\/\/bigfunhobby.com\/sv\/wp-json\/wp\/v2\/media?parent=9014"}],"wp:term":[{"taxonomy":"product_brand","embeddable":true,"href":"https:\/\/bigfunhobby.com\/sv\/wp-json\/wp\/v2\/product_brand?post=9014"},{"taxonomy":"product_cat","embeddable":true,"href":"https:\/\/bigfunhobby.com\/sv\/wp-json\/wp\/v2\/product_cat?post=9014"},{"taxonomy":"product_tag","embeddable":true,"href":"https:\/\/bigfunhobby.com\/sv\/wp-json\/wp\/v2\/product_tag?post=9014"}],"curies":[{"name":"wp","href":"https:\/\/api.w.org\/{rel}","templated":true}]}}