{"id":9032,"date":"2025-03-08T17:20:28","date_gmt":"2025-03-08T17:20:28","guid":{"rendered":"https:\/\/bigfunhobby.com\/butikk\/storks\/"},"modified":"2025-12-04T11:01:12","modified_gmt":"2025-12-04T09:01:12","slug":"storks","status":"publish","type":"product","link":"https:\/\/bigfunhobby.com\/sv\/butikk\/storks\/","title":{"rendered":"Storkar"},"content":{"rendered":"<p>Du har n\u00e5 sjansen til \u00e5 utforske den fascinerende verdenen av modelljernbane med v\u00e5rt Storks H0 byggesett. Dette settet gir b\u00e5de nybegynnere og erfarne entusiaster en unik mulighet til \u00e5 dykke ned i kunsten \u00e5 bygge skalamodeller. <\/p>\n<p>Spesifikasjonene p\u00e5 Storks H0 er n\u00f8ye utformet for \u00e5 sikre en autentisk og realistisk modelljernbaneopplevelse. Med sin H0-skala passer dette settet perfekt sammen med andre modelljernbaneelementer i samme skala. <\/p>\n<p>Materialene i Storks H0 er av h\u00f8y kvalitet, noe som sikrer holdbarhet og en detaljert finish. Dette bidrar til \u00e5 gj\u00f8re byggeprosessen til en hyggelig opplevelse, samtidig som det gir et profesjonelt og imponerende resultat. <\/p>\n<p>Modelljernbane har en lang og spennende historie, og med Storks H0 blir du en del av denne historien. Dette er mer enn bare et byggesett; det er en mulighet til \u00e5 skape din egen lille verden, helt ned til den minste detalj. <\/p>\n<p>S\u00e5 hvorfor vente? Ta steget inn i den fascinerende verdenen av modelljernbane og opplev gleden ved \u00e5 bygge ditt eget miniatyrlokomotiv. Klikk her for \u00e5 bestille Storks H0 i dag!<\/p>\n<p>&#8216;<\/p>","protected":false},"excerpt":{"rendered":"<p>Storks H0 er et spennende modellbyggesett som tar deg med inn i den fascinerende verdenen av modelljernbane. Perfekt for b\u00e5de nybegynnere og erfarne entusiaster.&#8217;<\/p>","protected":false},"featured_media":9031,"comment_status":"open","ping_status":"closed","template":"","meta":[],"product_brand":[109],"product_cat":[80],"product_tag":[],"class_list":{"0":"post-9032","1":"product","2":"type-product","3":"status-publish","4":"has-post-thumbnail","6":"product_brand-noch","7":"product_cat-noch-landskap-og-detaljer","9":"first","10":"instock","11":"taxable","12":"shipping-taxable","13":"purchasable","14":"product-type-simple"},"_links":{"self":[{"href":"https:\/\/bigfunhobby.com\/sv\/wp-json\/wp\/v2\/product\/9032","targetHints":{"allow":["GET"]}}],"collection":[{"href":"https:\/\/bigfunhobby.com\/sv\/wp-json\/wp\/v2\/product"}],"about":[{"href":"https:\/\/bigfunhobby.com\/sv\/wp-json\/wp\/v2\/types\/product"}],"replies":[{"embeddable":true,"href":"https:\/\/bigfunhobby.com\/sv\/wp-json\/wp\/v2\/comments?post=9032"}],"wp:featuredmedia":[{"embeddable":true,"href":"https:\/\/bigfunhobby.com\/sv\/wp-json\/wp\/v2\/media\/9031"}],"wp:attachment":[{"href":"https:\/\/bigfunhobby.com\/sv\/wp-json\/wp\/v2\/media?parent=9032"}],"wp:term":[{"taxonomy":"product_brand","embeddable":true,"href":"https:\/\/bigfunhobby.com\/sv\/wp-json\/wp\/v2\/product_brand?post=9032"},{"taxonomy":"product_cat","embeddable":true,"href":"https:\/\/bigfunhobby.com\/sv\/wp-json\/wp\/v2\/product_cat?post=9032"},{"taxonomy":"product_tag","embeddable":true,"href":"https:\/\/bigfunhobby.com\/sv\/wp-json\/wp\/v2\/product_tag?post=9032"}],"curies":[{"name":"wp","href":"https:\/\/api.w.org\/{rel}","templated":true}]}}