{"id":9044,"date":"2025-03-08T17:20:35","date_gmt":"2025-03-08T17:20:35","guid":{"rendered":"https:\/\/bigfunhobby.com\/butikk\/horse-chestnut-tree\/"},"modified":"2025-12-04T11:01:14","modified_gmt":"2025-12-04T09:01:14","slug":"horse-chestnut-tree","status":"publish","type":"product","link":"https:\/\/bigfunhobby.com\/sv\/butikk\/horse-chestnut-tree\/","title":{"rendered":"Horse Chestnut Tree"},"content":{"rendered":"<p>Bli kjent med Horse Chestnut Tree, en detaljert og autentisk skalamodell av et hestekastanjetre. Dette er et ideelt tilbeh\u00f8r for \u00e5 gi landskapet rundt modelljernbanen din eller dioramaene dine et autentisk og livaktig uttrykk. Med sin h\u00f8yde p\u00e5 19 cm, passer det perfekt til skalaer som H0, TT og N.<\/p>\n<ul>\n<li>H\u00f8yde: 19 cm<\/li>\n<li>Passer til skala: H0, TT, N<\/li>\n<\/ul>\n<p>Dette hestekastanjetreet er laget med stor n\u00f8yaktighet for \u00e5 etterligne det naturlige utseendet til et ekte tre. Hver lille detalj er n\u00f8ye utformet for \u00e5 gi en realistisk fremstilling. Det er enkelt \u00e5 plassere og flytte rundt, noe som gj\u00f8r det enkelt \u00e5 justere landskapet etter behov.<\/p>\n<p>Hestekastanjetreet er kjent for sin prangende blomstring p\u00e5 v\u00e5ren, og gir et unikt og pittoresk preg p\u00e5 ethvert landskap. S\u00e5 hvorfor ikke legge til en slik detalj i ditt neste modellbyggingsprosjekt?<\/p>\n<p>Enten du er en erfaren modellbygger eller en ivrig nybegynner, vil du sette pris p\u00e5 den ekstra dimensjonen dette treet gir til ditt prosjekt. S\u00e5 hvorfor vente? Utforsk utvalget v\u00e5rt, finn de perfekte tilbeh\u00f8rene til ditt neste prosjekt og bestill n\u00e5!<\/p>","protected":false},"excerpt":{"rendered":"<p>Horse Chestnut Tree er en realistisk modell av et hestekastanjetre, perfekt til \u00e5 pynte opp modelljernbaner eller dioramaer.<\/p>","protected":false},"featured_media":9043,"comment_status":"open","ping_status":"closed","template":"","meta":[],"product_brand":[109],"product_cat":[80],"product_tag":[],"class_list":{"0":"post-9044","1":"product","2":"type-product","3":"status-publish","4":"has-post-thumbnail","6":"product_brand-noch","7":"product_cat-noch-landskap-og-detaljer","9":"first","10":"instock","11":"taxable","12":"shipping-taxable","13":"purchasable","14":"product-type-simple"},"_links":{"self":[{"href":"https:\/\/bigfunhobby.com\/sv\/wp-json\/wp\/v2\/product\/9044","targetHints":{"allow":["GET"]}}],"collection":[{"href":"https:\/\/bigfunhobby.com\/sv\/wp-json\/wp\/v2\/product"}],"about":[{"href":"https:\/\/bigfunhobby.com\/sv\/wp-json\/wp\/v2\/types\/product"}],"replies":[{"embeddable":true,"href":"https:\/\/bigfunhobby.com\/sv\/wp-json\/wp\/v2\/comments?post=9044"}],"wp:featuredmedia":[{"embeddable":true,"href":"https:\/\/bigfunhobby.com\/sv\/wp-json\/wp\/v2\/media\/9043"}],"wp:attachment":[{"href":"https:\/\/bigfunhobby.com\/sv\/wp-json\/wp\/v2\/media?parent=9044"}],"wp:term":[{"taxonomy":"product_brand","embeddable":true,"href":"https:\/\/bigfunhobby.com\/sv\/wp-json\/wp\/v2\/product_brand?post=9044"},{"taxonomy":"product_cat","embeddable":true,"href":"https:\/\/bigfunhobby.com\/sv\/wp-json\/wp\/v2\/product_cat?post=9044"},{"taxonomy":"product_tag","embeddable":true,"href":"https:\/\/bigfunhobby.com\/sv\/wp-json\/wp\/v2\/product_tag?post=9044"}],"curies":[{"name":"wp","href":"https:\/\/api.w.org\/{rel}","templated":true}]}}