{"id":9080,"date":"2025-03-08T17:20:55","date_gmt":"2025-03-08T17:20:55","guid":{"rendered":"https:\/\/bigfunhobby.com\/butikk\/traffic-signs\/"},"modified":"2025-12-04T11:01:14","modified_gmt":"2025-12-04T09:01:14","slug":"traffic-signs","status":"publish","type":"product","link":"https:\/\/bigfunhobby.com\/sv\/butikk\/traffic-signs\/","title":{"rendered":"Trafikskyltar"},"content":{"rendered":"<p>Gj\u00f8r modelljernbanen din mer livaktig med Traffic Signs. Dette settet inneholder flere realistiske trafikkskilt i H0-skala, n\u00f8ye designet for \u00e5 gi modelljernbanen din en autentisk og detaljert f\u00f8lelse.<\/p>\n<p>Spesifikasjonene for Traffic Signs inkluderer:<\/p>\n<ul>\n<li>H0-skala, passer perfekt til din modelljernbane<\/li>\n<li>Realistiske trafikkskilt for \u00e5 tilf\u00f8re autentisitet<\/li>\n<li>Enkel \u00e5 montere, passer b\u00e5de for nybegynnere og erfarne modellbyggere<\/li>\n<\/ul>\n<p>Disse skalamodell trafikkskiltene er laget av h\u00f8ykvalitets materialer, og er designet for \u00e5 vare. De t\u00e5ler b\u00e5de tidens tann og intensiv bruk, noe som gj\u00f8r dem ideelle for alle som er interessert i modelljernbane og modellbygging.<\/p>\n<p>Trafikkskilt har v\u00e6rt en viktig del av transportinfrastrukturen i over et \u00e5rhundre, og disse modellene gjenspeiler den historiske betydningen. De gir modelljernbanen din en autentisk f\u00f8lelse, og gj\u00f8r den mer interessant og l\u00e6rerik b\u00e5de for deg selv og for dem som ser p\u00e5.<\/p>\n<p>S\u00e5, om du er en entusiastisk modellbygger p\u00e5 jakt etter det lille ekstra, eller en nybegynner som vil ha et h\u00f8ykvalitets byggesett, er Traffic Signs det perfekte valget. Ikke n\u00f8l med \u00e5 bestille ditt sett i dag, og gi modelljernbanen din den autentiske touchen den fortjener.<\/p>","protected":false},"excerpt":{"rendered":"<p>Traffic Signs er et sett med realistiske trafikkskilt i H0-skala, perfekt for \u00e5 gi modelljernbanen din en autentisk touch.<\/p>","protected":false},"featured_media":9079,"comment_status":"open","ping_status":"closed","template":"","meta":[],"product_brand":[109],"product_cat":[80],"product_tag":[],"class_list":{"0":"post-9080","1":"product","2":"type-product","3":"status-publish","4":"has-post-thumbnail","6":"product_brand-noch","7":"product_cat-noch-landskap-og-detaljer","9":"first","10":"instock","11":"taxable","12":"shipping-taxable","13":"purchasable","14":"product-type-simple"},"_links":{"self":[{"href":"https:\/\/bigfunhobby.com\/sv\/wp-json\/wp\/v2\/product\/9080","targetHints":{"allow":["GET"]}}],"collection":[{"href":"https:\/\/bigfunhobby.com\/sv\/wp-json\/wp\/v2\/product"}],"about":[{"href":"https:\/\/bigfunhobby.com\/sv\/wp-json\/wp\/v2\/types\/product"}],"replies":[{"embeddable":true,"href":"https:\/\/bigfunhobby.com\/sv\/wp-json\/wp\/v2\/comments?post=9080"}],"wp:featuredmedia":[{"embeddable":true,"href":"https:\/\/bigfunhobby.com\/sv\/wp-json\/wp\/v2\/media\/9079"}],"wp:attachment":[{"href":"https:\/\/bigfunhobby.com\/sv\/wp-json\/wp\/v2\/media?parent=9080"}],"wp:term":[{"taxonomy":"product_brand","embeddable":true,"href":"https:\/\/bigfunhobby.com\/sv\/wp-json\/wp\/v2\/product_brand?post=9080"},{"taxonomy":"product_cat","embeddable":true,"href":"https:\/\/bigfunhobby.com\/sv\/wp-json\/wp\/v2\/product_cat?post=9080"},{"taxonomy":"product_tag","embeddable":true,"href":"https:\/\/bigfunhobby.com\/sv\/wp-json\/wp\/v2\/product_tag?post=9080"}],"curies":[{"name":"wp","href":"https:\/\/api.w.org\/{rel}","templated":true}]}}